{"id":744022,"date":"2025-08-28T01:47:42","date_gmt":"2025-08-27T22:47:42","guid":{"rendered":"https:\/\/roveyayinevi.com.tr\/index.php\/urun\/bir-porsiyon-sanat\/"},"modified":"2026-04-16T02:55:38","modified_gmt":"2026-04-15T23:55:38","slug":"bir-porsiyon-sanat","status":"publish","type":"product","link":"https:\/\/roveyayinevi.com.tr\/index.php\/urun\/bir-porsiyon-sanat\/","title":{"rendered":"Bir Porsiyon Sanat"},"content":{"rendered":"<p>\u201cBu kitapta yeme\u011fin i\u00e7inde sanat, sanat\u0131n i\u00e7inde yemek arad\u0131k. Zaten her ikisinin i\u00e7inde de bir di\u011feri vard\u0131; biz onu yeniden g\u00f6rmeye \u00e7al\u0131\u015ft\u0131k.\u201d Sevgili okur, L\u00fctfen buyurunuz sofram\u0131za, yazarlar\u0131m\u0131z Fatma Berber ile S\u00fcmeyra G\u00fcmrah Teltik \u00f6yle g\u00fczel bir eser haz\u0131rlad\u0131lar ki sizsiz bo\u011faz\u0131m\u0131zdan ge\u00e7medi, hep birlikte bu lezzetlerin tad\u0131na varal\u0131m, \u015f\u00f6yle g\u00fczel bir damak yolculu\u011funa \u00e7\u0131kal\u0131m, insanl\u0131k tarihimizi yemek k\u00fclt\u00fcr\u00fc \u00fczerinden konu\u015fal\u0131m istedik. Yazarlar\u0131m\u0131z ana malzeme olarak sanat\u0131 se\u00e7tiler, bir de \u00f6yle k\u0131ymetli isimleri bu sofraya davet ettiler ki sofra doldu ta\u015ft\u0131; edebiyattan m\u00fczi\u011fe, sinemadan tiyatroya, resimden mimariye derken kitaplar\u0131ndan, filmlerinden, \u015fark\u0131lar\u0131ndan, oyunlar\u0131ndan, resimlerinden tan\u0131d\u0131\u011f\u0131m\u0131z k\u0131ymetli pek \u00e7ok isimle ayn\u0131 sofrada bulu\u015fmu\u015f olduk. Konuklar\u0131m\u0131z hem kendi eserlerindeki yemeklerin hik\u00e2yelerini anlatt\u0131lar hem de yemek k\u00fclt\u00fcr\u00fc \u00fczerinden bir toplumsal okuma yapt\u0131lar. A\u015fureyle caz\u0131, menemen ile Kral Lear\u2019\u0131, sufleyle kalp k\u0131r\u0131kl\u0131klar\u0131n\u0131, Harry Potter\u2019daki b\u00fcy\u00fcl\u00fc yemekleri birlikte d\u00fc\u015f\u00fcnmek bir yana tarhanay\u0131, kahveyi, \u00e7ay\u0131, \u00e7ikolatay\u0131, baklavay\u0131, s\u00fctl\u00fc nuriyeyi, tur\u015fuyu, kuru fasulyeyi ve daha pek \u00e7ok yeme\u011fi, yiyece\u011fi, \u00fcr\u00fcn\u00fc sanatsal eserlerin hik\u00e2yeleri \u00fczerinden okuyacak, tekrar tan\u0131yacak ve bir daha tatmak isteyeceksiniz. Ba\u015ftan s\u00f6yleyelim, bu kitap ac\u0131kt\u0131r\u0131yor. Hem bu lezzetleri yeniden ke\u015ffetmek istiyorsunuz hem de kitapta ad\u0131 ge\u00e7en her kitab\u0131 okumak, her filmi izlemek, her oyunu seyretmek, her eseri yeniden g\u00f6rmek&#8230; Ziyade olsun.  Fatma Berber: Kara komedi tad\u0131nda s\u00fcrreal boyutta bir ya\u015fam\u0131 olunca insan\u0131n, sanata tutunmas\u0131 ka\u00e7\u0131n\u0131lmaz oluyor. San\u0131r\u0131m bu ba\u015fka bir \u00f6zge\u00e7mi\u015fin giri\u015f c\u00fcmlesi olmal\u0131yd\u0131. Asl\u0131nda \u015funu demek istedim; kahkaha ve g\u00f6zya\u015f\u0131 nas\u0131l bir aradaysa benim i\u00e7in de ek\u015fi ve tatl\u0131 kol kolayd\u0131. San Sebastian Cheesecake ya da yeni ke\u015ffetti\u011fim Japon bulutu tad\u0131nda bir ya\u015famd\u0131 bir nevi. Tatl\u0131 niyetine ba\u015flarken hafif ek\u015file\u015fen; sonra yan\u0131k kokusu ve ard\u0131ndan nefis bir vanilya tad\u0131\u2026 Profiterol ya da browni diyemiyorum \u00e7\u00fcnk\u00fc onlar\u0131 \u00e7a\u011fr\u0131\u015ft\u0131ran \u00f6yle tutkular ya\u015famad\u0131m. \u00c7ocukken annemin pe\u015finde onun uzant\u0131s\u0131ym\u0131\u015f gibi dahil oldu\u011fum mevlitlerde \u00e7\u0131t \u00e7\u0131karmamak i\u00e7in k\u00fc\u00e7\u00fcc\u00fck odada g\u00f6zlerim dolan\u0131rken zihnimden ger\u00e7ekd\u0131\u015f\u0131 \u015feyler \u00fcretirdim. Mevlidi ba\u015fka bir ritimle dinlemeye \u00e7al\u0131\u015f\u0131r; \u00e7ocuklu\u011fumun tel dolaplar\u0131n\u0131n ard\u0131na bakar, nas\u0131l bir canavar \u00e7\u0131kacak diye hayal ederdim. Zamanla tel dolaplar\u0131n arkas\u0131nda oldu\u011funu hayal etti\u011fim canavarlar hayat\u0131n i\u00e7inde son derece zarif ve insani k\u0131l\u0131kta peyda oldular. O y\u00fczden tel dolaplara hi\u00e7 ihtiya\u00e7 kalmad\u0131. Salvador Dali gibi sava\u015f\u0131n ortas\u0131nda h\u0131nc\u0131m\u0131 \u0131spanaktan almad\u0131m belki ama bamba\u015fka sava\u015flarda bamba\u015fka m\u00fccadelelerin ortas\u0131nda sanata tutundum. Ya\u015fant\u0131mdaki s\u00fcrrealist yolculuk Dali\u2019ye rahmet okutur cinstendi; kendilerinin yolu Anadolu\u2019ya d\u00fc\u015fseymi\u015f yumurtan\u0131n beyaz\u0131yla, ak\u0131yla, kabu\u011fuyla u\u011fra\u015fmay\u0131 g\u00f6r\u00fcrm\u00fc\u015f! Olsun, reng\u00e2renk \u00e7ocuklu\u011fumu da yoluma \u00e7\u0131kan k\u0131l\u00e7\u0131klar\u0131 da seviyorum. Belki Rossini gibi pirince aryalar d\u00fczmedim ama risottonun k\u0131vam\u0131n\u0131 ruhumda hissettim. Dere tepe sapakl\u0131 yollardan Borges\u2019in \u00e7apakl\u0131 bah\u00e7esinden, cad\u0131lar\u0131n aras\u0131ndan ge\u00e7erek elimizde umutla ta\u015f\u0131d\u0131\u011f\u0131m\u0131z mumlar\u0131m\u0131z\u0131 s\u00f6nd\u00fcrmemeye \u00e7al\u0131\u015ft\u0131k. Yeme\u011fi yapmakta pek maharetli de\u011fildim ek\u00fcrim S\u00fcmeyra gibi ama her \u015feyin \u00fcst\u00fcne denedi\u011fim farkl\u0131 tatl\u0131lar ve pizzalar ya\u015fam\u0131mda iflah olmaz ke\u015fif ruhumun par\u00e7as\u0131yd\u0131lar. Bu arada aram\u0131zda kals\u0131n S\u00fcmeyra\u2019n\u0131n insanlara bol bol yedirip a\u011f\u0131zlar\u0131n\u0131 doldurmas\u0131n\u0131n nedeni beynindeki bulutlar\u0131 dalgaland\u0131r\u0131p migrenini azd\u0131rmamalar\u0131. O k\u00f6fteler bo\u015funa milletin a\u011fz\u0131na t\u0131k\u0131\u015ft\u0131r\u0131lm\u0131yor! S\u00fcmeyra G\u00fcmrah Teltik: Hayata dair sevgi s\u00f6zc\u00fcklerinin yeme\u011fe dair g\u00f6ndermelerle yap\u0131ld\u0131\u011f\u0131, birbirbirinden farkl\u0131 iki k\u00fclt\u00fcr\u00fcn k\u0131rmas\u0131 olarak do\u011fdum bu topraklarda. Hamur i\u015fi ve et yemekleriyle \u0130\u00e7 Anadolu k\u00fclt\u00fcr\u00fc; \u00e7imen d\u0131\u015f\u0131nda her ottan yemek yapabilme kabiliyetine sahip Ege k\u00fclt\u00fcr\u00fc. Bu iki k\u00fclt\u00fcr\u00fcn beni hep\u00e7il yapt\u0131\u011f\u0131n\u0131 s\u00f6ylemekten gurur duyar\u0131m. Uluslararas\u0131 fuarlarda da saraydaki \u00e7e\u015fniciba\u015f\u0131 misali her enteresan ve bilinmeyen yeme\u011fi tatmaya yollanan ceng\u00e2ver benim. Bir sanat olay\u0131nda \u201c\u015euna bir bakar m\u0131s\u0131n? Senin bu y\u00f6ndeki hislerin \u00f6nemli,\u201d haber olur mu diye sorulup alt\u0131nc\u0131 hissine ba\u015fvurulan k\u00f6\u015fe ba\u015f\u0131 falc\u0131s\u0131 da benim. Yeme\u011fe ve sanata s\u0131\u011f\u0131nmam tam g\u00f6be\u011finde oldu\u011fumuz hunhar hayat\u0131n ac\u0131tan ger\u00e7ekli\u011finden ve \u00e7ok k\u0131ymetli Sevin Okyay\u2019\u0131n hakaret l\u00fcgatimize en nahif kelime olarak kazand\u0131rd\u0131\u011f\u0131 ruh emicilerden s\u0131\u011f\u0131nmak i\u00e7indi. <\/p>\n","protected":false},"excerpt":{"rendered":"<p>\u201cBu kitapta yeme\u011fin i\u00e7inde sanat, sanat\u0131n i\u00e7inde yemek arad\u0131k. Zaten her ikisinin i\u00e7inde de bir di\u011feri vard\u0131; biz onu yeniden g\u00f6rmeye \u00e7al\u0131\u015ft\u0131k.\u201d Sevgili okur, L\u00fctfen buyurunuz<span class=\"excerpt-hellip\"> [\u2026]<\/span><\/p>\n","protected":false},"featured_media":0,"template":"","meta":{"_monsterinsights_skip_tracking":false,"_monsterinsights_sitenote_active":false,"_monsterinsights_sitenote_note":"","_monsterinsights_sitenote_category":0},"product_brand":[],"product_cat":[13072,12291],"product_tag":[],"class_list":{"0":"post-744022","1":"product","2":"type-product","3":"status-publish","5":"product_cat-arastirma-inceleme-referans","6":"product_cat-edebiyat","7":"pa_cilt-ciltsiz","8":"pa_tur-kitap","9":"pa_yayinevi-dusbaz-kitaplar","10":"pa_yazar-fatma-berber-sumeyra-gumrah-teltik","12":"first","13":"instock","14":"sale","15":"shipping-taxable","16":"purchasable","17":"product-type-simple"},"_links":{"self":[{"href":"https:\/\/roveyayinevi.com.tr\/index.php\/wp-json\/wp\/v2\/product\/744022","targetHints":{"allow":["GET"]}}],"collection":[{"href":"https:\/\/roveyayinevi.com.tr\/index.php\/wp-json\/wp\/v2\/product"}],"about":[{"href":"https:\/\/roveyayinevi.com.tr\/index.php\/wp-json\/wp\/v2\/types\/product"}],"wp:attachment":[{"href":"https:\/\/roveyayinevi.com.tr\/index.php\/wp-json\/wp\/v2\/media?parent=744022"}],"wp:term":[{"taxonomy":"product_brand","embeddable":true,"href":"https:\/\/roveyayinevi.com.tr\/index.php\/wp-json\/wp\/v2\/product_brand?post=744022"},{"taxonomy":"product_cat","embeddable":true,"href":"https:\/\/roveyayinevi.com.tr\/index.php\/wp-json\/wp\/v2\/product_cat?post=744022"},{"taxonomy":"product_tag","embeddable":true,"href":"https:\/\/roveyayinevi.com.tr\/index.php\/wp-json\/wp\/v2\/product_tag?post=744022"}],"curies":[{"name":"wp","href":"https:\/\/api.w.org\/{rel}","templated":true}]}}