{"id":744021,"date":"2025-08-28T01:47:41","date_gmt":"2025-08-27T22:47:41","guid":{"rendered":"https:\/\/roveyayinevi.com.tr\/index.php\/urun\/annales-okulu-ve-turkiyede-tarihyazimi\/"},"modified":"2026-04-16T02:55:38","modified_gmt":"2026-04-15T23:55:38","slug":"annales-okulu-ve-turkiyede-tarihyazimi","status":"publish","type":"product","link":"https:\/\/roveyayinevi.com.tr\/index.php\/urun\/annales-okulu-ve-turkiyede-tarihyazimi\/","title":{"rendered":"Annales Okulu ve T\u00fcrkiye\u2019de Tarihyaz\u0131m\u0131"},"content":{"rendered":"<p>Tarih ge\u00e7mi\u015fte olan her \u015feyin toplam\u0131d\u0131r, ama! Bunlar\u0131n i\u00e7inden hangileri daha \u00f6nemlidir? Dahas\u0131, \u201cGer\u00e7ekte ne oldu?\u201d Bunu bulabilmek i\u00e7in ar\u015fiv belgelerine bakmak yeterli midir; yoksa g\u00f6ky\u00fcz\u00fcn\u00fcn alt\u0131ndaki herkesi ve her \u015feyi g\u00f6rmek ve anlamak i\u00e7in ba\u015fka yerlere de bakmak gerekir mi? T\u00fcm bu sorular, 19. y\u00fczy\u0131lda Ranke\u2019nin tarihi akademik bir disiplin olarak kurma \u00e7abas\u0131yla sorulmaya ba\u015flanm\u0131\u015f, 20. y\u00fczy\u0131lda Annales okulunun ortaya \u00e7\u0131kmas\u0131yla geni\u015flemi\u015f, \u00e7e\u015fitlenmi\u015ftir. Erdem S\u00f6nmez, bir yandan bu sorulara verilen yan\u0131tlar\u0131n pe\u015finden giderken, di\u011fer yandan merce\u011fini soruyu soran \u00f6znelere y\u00f6neltiyor. T\u00fcrkiye\u2019de modern tarih\u00e7ili\u011fin \u00f6nemli isimleri Fuad K\u00f6pr\u00fcl\u00fc, \u00d6mer L\u00fctfi Barkan, Mustafa Akda\u011f ve Halil \u0130nalc\u0131k\u2019\u0131n \u00e7al\u0131\u015fmalar\u0131nda Annales okulunun izlerini s\u00fcren bu kitap, yaln\u0131zca tarihyaz\u0131m\u0131n\u0131n tarihine de\u011fil, tarihi yazan\u0131n tarihine de bakmay\u0131 \u00f6neriyor.<\/p>\n","protected":false},"excerpt":{"rendered":"<p>Tarih ge\u00e7mi\u015fte olan her \u015feyin toplam\u0131d\u0131r, ama! Bunlar\u0131n i\u00e7inden hangileri daha \u00f6nemlidir? Dahas\u0131, \u201cGer\u00e7ekte ne oldu?\u201d Bunu bulabilmek i\u00e7in ar\u015fiv belgelerine bakmak yeterli midir; yoksa g\u00f6ky\u00fcz\u00fcn\u00fcn<span class=\"excerpt-hellip\"> [\u2026]<\/span><\/p>\n","protected":false},"featured_media":0,"template":"","meta":{"_monsterinsights_skip_tracking":false,"_monsterinsights_sitenote_active":false,"_monsterinsights_sitenote_note":"","_monsterinsights_sitenote_category":0},"product_brand":[],"product_cat":[12312,12304],"product_tag":[],"class_list":{"0":"post-744021","1":"product","2":"type-product","3":"status-publish","5":"product_cat-diger","6":"product_cat-tarih","7":"pa_cilt-ciltsiz","8":"pa_tur-kitap","9":"pa_yayinevi-fol-kitap","10":"pa_yazar-erdem-sonmez","12":"first","13":"instock","14":"sale","15":"shipping-taxable","16":"purchasable","17":"product-type-simple"},"_links":{"self":[{"href":"https:\/\/roveyayinevi.com.tr\/index.php\/wp-json\/wp\/v2\/product\/744021","targetHints":{"allow":["GET"]}}],"collection":[{"href":"https:\/\/roveyayinevi.com.tr\/index.php\/wp-json\/wp\/v2\/product"}],"about":[{"href":"https:\/\/roveyayinevi.com.tr\/index.php\/wp-json\/wp\/v2\/types\/product"}],"wp:attachment":[{"href":"https:\/\/roveyayinevi.com.tr\/index.php\/wp-json\/wp\/v2\/media?parent=744021"}],"wp:term":[{"taxonomy":"product_brand","embeddable":true,"href":"https:\/\/roveyayinevi.com.tr\/index.php\/wp-json\/wp\/v2\/product_brand?post=744021"},{"taxonomy":"product_cat","embeddable":true,"href":"https:\/\/roveyayinevi.com.tr\/index.php\/wp-json\/wp\/v2\/product_cat?post=744021"},{"taxonomy":"product_tag","embeddable":true,"href":"https:\/\/roveyayinevi.com.tr\/index.php\/wp-json\/wp\/v2\/product_tag?post=744021"}],"curies":[{"name":"wp","href":"https:\/\/api.w.org\/{rel}","templated":true}]}}