{"id":744017,"date":"2025-08-28T01:47:35","date_gmt":"2025-08-27T22:47:35","guid":{"rendered":"https:\/\/roveyayinevi.com.tr\/index.php\/urun\/adadaki-hazine\/"},"modified":"2026-04-16T02:55:38","modified_gmt":"2026-04-15T23:55:38","slug":"adadaki-hazine","status":"publish","type":"product","link":"https:\/\/roveyayinevi.com.tr\/index.php\/urun\/adadaki-hazine\/","title":{"rendered":"Adadaki Hazine"},"content":{"rendered":"<p>Harita kullanmay\u0131 ve pusula okumay\u0131 son derece iyi bilen K\u0131z\u0131l Tomas, g\u00f6zl\u00fc\u011f\u00fc ve yan\u0131ndan asla ay\u0131rmad\u0131\u011f\u0131 kitaplar\u0131yla Ak\u0131ll\u0131 Vili, bir kat\u0131r kadar inat\u00e7\u0131 ve cesaretiyle dikkat \u00e7eken Korkusuz Mari\u2026 Deneyimli bir korsan papa\u011fan\u0131 olan Bay Karamsar. \u0130\u015fte bizim sevimli korsanlar. Bir ticaret seferine kat\u0131lan bizimkiler ya\u015fl\u0131 bir korsan olan Jak ile tan\u0131\u015f\u0131yor. Jak, bir zamanlar sahip oldu\u011fu hazineyi Sardalya Adas\u0131\u2019na g\u00f6md\u00fc\u011f\u00fcn\u00fc ve hazinenin bir ejderha taraf\u0131ndan korundu\u011funu iddia ediyor ama ona inanan yok. Acaba korsanlar\u0131m\u0131z hazineyi bulabilecek mi? Sevimli Korsanlar\u0131n Maceralar\u0131 t\u00fcm h\u0131z\u0131yla devam ediyor.<\/p>\n","protected":false},"excerpt":{"rendered":"<p>Harita kullanmay\u0131 ve pusula okumay\u0131 son derece iyi bilen K\u0131z\u0131l Tomas, g\u00f6zl\u00fc\u011f\u00fc ve yan\u0131ndan asla ay\u0131rmad\u0131\u011f\u0131 kitaplar\u0131yla Ak\u0131ll\u0131 Vili, bir kat\u0131r kadar inat\u00e7\u0131 ve cesaretiyle dikkat<span class=\"excerpt-hellip\"> [\u2026]<\/span><\/p>\n","protected":false},"featured_media":0,"template":"","meta":{"_monsterinsights_skip_tracking":false,"_monsterinsights_sitenote_active":false,"_monsterinsights_sitenote_note":"","_monsterinsights_sitenote_category":0},"product_brand":[],"product_cat":[12689,12274],"product_tag":[],"class_list":{"0":"post-744017","1":"product","2":"type-product","3":"status-publish","5":"product_cat-cizgi-roman-cocuk-ve-genclik-kitaplari","6":"product_cat-cocuk-ve-genclik-kitaplari","7":"pa_cilt-ciltsiz","8":"pa_tur-kitap","9":"pa_yayinevi-1001-cicek-kitaplar","10":"pa_yazar-juliette-parachini-deny-olivier-dupin","12":"first","13":"instock","14":"sale","15":"shipping-taxable","16":"purchasable","17":"product-type-simple"},"_links":{"self":[{"href":"https:\/\/roveyayinevi.com.tr\/index.php\/wp-json\/wp\/v2\/product\/744017","targetHints":{"allow":["GET"]}}],"collection":[{"href":"https:\/\/roveyayinevi.com.tr\/index.php\/wp-json\/wp\/v2\/product"}],"about":[{"href":"https:\/\/roveyayinevi.com.tr\/index.php\/wp-json\/wp\/v2\/types\/product"}],"wp:attachment":[{"href":"https:\/\/roveyayinevi.com.tr\/index.php\/wp-json\/wp\/v2\/media?parent=744017"}],"wp:term":[{"taxonomy":"product_brand","embeddable":true,"href":"https:\/\/roveyayinevi.com.tr\/index.php\/wp-json\/wp\/v2\/product_brand?post=744017"},{"taxonomy":"product_cat","embeddable":true,"href":"https:\/\/roveyayinevi.com.tr\/index.php\/wp-json\/wp\/v2\/product_cat?post=744017"},{"taxonomy":"product_tag","embeddable":true,"href":"https:\/\/roveyayinevi.com.tr\/index.php\/wp-json\/wp\/v2\/product_tag?post=744017"}],"curies":[{"name":"wp","href":"https:\/\/api.w.org\/{rel}","templated":true}]}}