{"id":744015,"date":"2025-08-28T01:47:33","date_gmt":"2025-08-27T22:47:33","guid":{"rendered":"https:\/\/roveyayinevi.com.tr\/index.php\/urun\/turist-gemisi\/"},"modified":"2025-11-06T08:19:02","modified_gmt":"2025-11-06T05:19:02","slug":"turist-gemisi","status":"publish","type":"product","link":"https:\/\/roveyayinevi.com.tr\/index.php\/urun\/turist-gemisi\/","title":{"rendered":"Turist Gemisi"},"content":{"rendered":"<p>Harita kullanmay\u0131 ve pusula okumay\u0131 son derece iyi bilen K\u0131z\u0131l Tomas, g\u00f6zl\u00fc\u011f\u00fc ve yan\u0131ndan asla ay\u0131rmad\u0131\u011f\u0131 kitaplar\u0131yla Ak\u0131ll\u0131 Vili, bir kat\u0131r kadar inat\u00e7\u0131 ve cesaretiyle dikkat \u00e7eken Korkusuz Mari\u2026 Deneyimli bir korsan papa\u011fan\u0131 olan Bay Karamsar. \u0130\u015fte bizim sevimli korsanlar. Sevimli korsanlar\u0131n ya\u015fad\u0131\u011f\u0131 adaya tuhaf bir gemi demirledi ve gemiyle gelenler aday\u0131 turlamaya ba\u015flad\u0131lar. Kahramanlar\u0131m\u0131z ilk kez turist g\u00f6rd\u00fckleri i\u00e7in \u015fa\u015fk\u0131n ama onlar\u0131 as\u0131l \u015fa\u015f\u0131rtan, gemideki iki k\u00fc\u00e7\u00fck \u00e7ocu\u011fun durumu. Acaba korsanlar\u0131m\u0131z\u0131n bu iki \u00e7ocu\u011fu kurtarmas\u0131 m\u00fcmk\u00fcn olabilecek mi? Sevimli Korsanlar\u0131n Maceralar\u0131 t\u00fcm h\u0131z\u0131yla devam ediyor.<\/p>\n","protected":false},"excerpt":{"rendered":"<p>Harita kullanmay\u0131 ve pusula okumay\u0131 son derece iyi bilen K\u0131z\u0131l Tomas, g\u00f6zl\u00fc\u011f\u00fc ve yan\u0131ndan asla ay\u0131rmad\u0131\u011f\u0131 kitaplar\u0131yla Ak\u0131ll\u0131 Vili, bir kat\u0131r kadar inat\u00e7\u0131 ve cesaretiyle dikkat<span class=\"excerpt-hellip\"> [\u2026]<\/span><\/p>\n","protected":false},"featured_media":0,"template":"","meta":{"_monsterinsights_skip_tracking":false,"_monsterinsights_sitenote_active":false,"_monsterinsights_sitenote_note":"","_monsterinsights_sitenote_category":0},"product_brand":[],"product_cat":[12689,12274],"product_tag":[],"class_list":{"0":"post-744015","1":"product","2":"type-product","3":"status-publish","5":"product_cat-cizgi-roman-cocuk-ve-genclik-kitaplari","6":"product_cat-cocuk-ve-genclik-kitaplari","7":"pa_cilt-ciltsiz","8":"pa_tur-kitap","9":"pa_yayinevi-1001-cicek-kitaplar","10":"pa_yazar-juliette-parachini-deny-olivier-dupin","12":"first","13":"instock","14":"sale","15":"shipping-taxable","16":"purchasable","17":"product-type-simple"},"_links":{"self":[{"href":"https:\/\/roveyayinevi.com.tr\/index.php\/wp-json\/wp\/v2\/product\/744015","targetHints":{"allow":["GET"]}}],"collection":[{"href":"https:\/\/roveyayinevi.com.tr\/index.php\/wp-json\/wp\/v2\/product"}],"about":[{"href":"https:\/\/roveyayinevi.com.tr\/index.php\/wp-json\/wp\/v2\/types\/product"}],"wp:attachment":[{"href":"https:\/\/roveyayinevi.com.tr\/index.php\/wp-json\/wp\/v2\/media?parent=744015"}],"wp:term":[{"taxonomy":"product_brand","embeddable":true,"href":"https:\/\/roveyayinevi.com.tr\/index.php\/wp-json\/wp\/v2\/product_brand?post=744015"},{"taxonomy":"product_cat","embeddable":true,"href":"https:\/\/roveyayinevi.com.tr\/index.php\/wp-json\/wp\/v2\/product_cat?post=744015"},{"taxonomy":"product_tag","embeddable":true,"href":"https:\/\/roveyayinevi.com.tr\/index.php\/wp-json\/wp\/v2\/product_tag?post=744015"}],"curies":[{"name":"wp","href":"https:\/\/api.w.org\/{rel}","templated":true}]}}