{"id":744014,"date":"2025-08-28T01:47:32","date_gmt":"2025-08-27T22:47:32","guid":{"rendered":"https:\/\/roveyayinevi.com.tr\/index.php\/urun\/islam-kisa-bir-tarihce-bez-ciltli\/"},"modified":"2026-04-16T02:55:38","modified_gmt":"2026-04-15T23:55:38","slug":"islam-kisa-bir-tarihce-bez-ciltli","status":"publish","type":"product","link":"https:\/\/roveyayinevi.com.tr\/index.php\/urun\/islam-kisa-bir-tarihce-bez-ciltli\/","title":{"rendered":"\u0130slam: K\u0131sa Bir Tarih\u00e7e (Bez Ciltli)"},"content":{"rendered":"<p>D\u00fcnyada en \u00e7ok okunan dinler tarihi ara\u015ft\u0131rmac\u0131lar\u0131ndan biri olan Karen Armstrong bu kitab\u0131nda 1500 y\u0131ll\u0131k \u0130slam tarihini \u00fc\u00e7 k\u0131taya yay\u0131lan co\u011frafi kapsam\u0131yla ve k\u00fclt\u00fcrel zenginli\u011fiyle ele al\u0131yor. Sistemli bir yakla\u015f\u0131mla, \u00f6zl\u00fc ve kapsay\u0131c\u0131 bir dille, toplumsal ve siyasal olaylar kadar manevi ve k\u00fclt\u00fcrel geli\u015fmelere de yer vererek \u0130slam tarihini be\u015f ana ba\u015fl\u0131kta kat ediyor: \u0130slam\u2019\u0131n Arabistan\u2019da do\u011fup \u015fekillendi\u011fi Peygamber ve D\u00f6rt Halife d\u00f6nemi; Emevi ve Abbasi y\u00f6netiminde farkl\u0131 co\u011frafyalar ve k\u00fclt\u00fcrlerle kayna\u015ft\u0131\u011f\u0131 geli\u015fme d\u00f6nemi; Anadolu\u2019ya ve uzak diyarlara yay\u0131ld\u0131\u011f\u0131, Ha\u00e7l\u0131 ve Mo\u011fol istilalar\u0131yla bo\u011fu\u015ftu\u011fu zirve d\u00f6nemi; Osmanl\u0131, Safevi, Bab\u00fcr imparatorluklar\u0131yla birlikte en geni\u015f s\u0131n\u0131rlara ula\u015f\u0131p uluslararas\u0131 n\u00fcfuz kazand\u0131\u011f\u0131 zafer d\u00f6nemi; Avrupa\u2019daki imparatorluklar\u0131n y\u00fckseli\u015fi ve modernle\u015fmeyle birlikte b\u00fcy\u00fck d\u00f6n\u00fc\u015f\u00fcmlerin ve par\u00e7alanmalar\u0131n ya\u015fand\u0131\u011f\u0131 m\u00fccadele d\u00f6nemi. Karen Armstrong \u0130slam\u2019\u0131n tarihsel ve toplumsal seyrinin \u00e7ok y\u00f6nl\u00fc bir panoramas\u0131n\u0131 \u00e7\u0131kar\u0131rken \u0130slam\u2019daki d\u00fc\u015f\u00fcnce ve ya\u015fay\u0131\u015f bi\u00e7imlerinin \u00e7e\u015fitlili\u011fini ortaya koyuyor. Kar\u015f\u0131la\u015ft\u0131rmal\u0131 bir perspektifle \u0130slam ile Bat\u0131 aras\u0131ndaki ili\u015fkilere dair de \u00f6nemli g\u00f6zlem ve tespitlerde bulunuyor. \u201cKuran M\u00fcsl\u00fcmanlara tarihsel bir misyon vermi\u015fti. As\u0131l vazifeleri b\u00fct\u00fcn m\u00fcminlerin \u2013en zay\u0131f ve g\u00fc\u00e7s\u00fcz olanlar dahil\u2013 mutlak sayg\u0131 g\u00f6rd\u00fc\u011f\u00fc adil bir toplum yaratmakt\u0131.\u201d <\/p>\n","protected":false},"excerpt":{"rendered":"<p>D\u00fcnyada en \u00e7ok okunan dinler tarihi ara\u015ft\u0131rmac\u0131lar\u0131ndan biri olan Karen Armstrong bu kitab\u0131nda 1500 y\u0131ll\u0131k \u0130slam tarihini \u00fc\u00e7 k\u0131taya yay\u0131lan co\u011frafi kapsam\u0131yla ve k\u00fclt\u00fcrel zenginli\u011fiyle ele<span class=\"excerpt-hellip\"> [\u2026]<\/span><\/p>\n","protected":false},"featured_media":0,"template":"","meta":{"_monsterinsights_skip_tracking":false,"_monsterinsights_sitenote_active":false,"_monsterinsights_sitenote_note":"","_monsterinsights_sitenote_category":0},"product_brand":[],"product_cat":[12718,12719,18109],"product_tag":[],"class_list":{"0":"post-744014","1":"product","2":"type-product","3":"status-publish","5":"product_cat-din","6":"product_cat-islam","7":"product_cat-islam-tarihi","8":"pa_cilt-ciltli","9":"pa_tur-kitap","10":"pa_yayinevi-koridor-yayincilik","11":"pa_yazar-karen-armstrong","13":"first","14":"instock","15":"sale","16":"shipping-taxable","17":"purchasable","18":"product-type-simple"},"_links":{"self":[{"href":"https:\/\/roveyayinevi.com.tr\/index.php\/wp-json\/wp\/v2\/product\/744014","targetHints":{"allow":["GET"]}}],"collection":[{"href":"https:\/\/roveyayinevi.com.tr\/index.php\/wp-json\/wp\/v2\/product"}],"about":[{"href":"https:\/\/roveyayinevi.com.tr\/index.php\/wp-json\/wp\/v2\/types\/product"}],"wp:attachment":[{"href":"https:\/\/roveyayinevi.com.tr\/index.php\/wp-json\/wp\/v2\/media?parent=744014"}],"wp:term":[{"taxonomy":"product_brand","embeddable":true,"href":"https:\/\/roveyayinevi.com.tr\/index.php\/wp-json\/wp\/v2\/product_brand?post=744014"},{"taxonomy":"product_cat","embeddable":true,"href":"https:\/\/roveyayinevi.com.tr\/index.php\/wp-json\/wp\/v2\/product_cat?post=744014"},{"taxonomy":"product_tag","embeddable":true,"href":"https:\/\/roveyayinevi.com.tr\/index.php\/wp-json\/wp\/v2\/product_tag?post=744014"}],"curies":[{"name":"wp","href":"https:\/\/api.w.org\/{rel}","templated":true}]}}