{"id":744013,"date":"2025-08-28T01:47:31","date_gmt":"2025-08-27T22:47:31","guid":{"rendered":"https:\/\/roveyayinevi.com.tr\/index.php\/urun\/iktisat-ve-toplum-dergisi-sayi143\/"},"modified":"2026-04-16T02:55:38","modified_gmt":"2026-04-15T23:55:38","slug":"iktisat-ve-toplum-dergisi-sayi143","status":"publish","type":"product","link":"https:\/\/roveyayinevi.com.tr\/index.php\/urun\/iktisat-ve-toplum-dergisi-sayi143\/","title":{"rendered":"\u0130ktisat ve Toplum Dergisi Say\u0131:143"},"content":{"rendered":"<p>Bu say\u0131da: Bedava Ya\u015f\u0131yoruz, Bedava Ay\u00e7a Tekin-Koru   Yeni \u015eeyler S\u00f6ylemek Laz\u0131m: \u201cEkonomik B\u00fcy\u00fcme\u201d Feti\u015fine Kar\u015f\u0131 \u201cK\u00fc\u00e7\u00fclmek \u0130yidir!\u201d Zuhal Ye\u015filyurt G\u00fcnd\u00fcz   H\u00fck\u00fcmetler, Sermaye S\u0131n\u0131f\u0131 ve Ekonomi \u00d6mer Faruk \u00c7olak   T\u00fcrkiye Ekonomi Modeli (TEM): Hayaller ve Ger\u00e7ekle\u015fmeler Osman Aydo\u011fu\u015f   Yuvarlak Masa: \u00d6mer Faruk \u00c7olak, G\u00fcl\u00e7in \u00d6zkan, Serdar Sayan   Vural Fuat Sava\u015f An\u0131s\u0131na   B\u00f6lgesel Yenilik Sistemleri ve Ak\u0131ll\u0131 Uzmanla\u015fma: Siyasa Tart\u0131\u015fmalar\u0131 Erkan Erdil   T\u00fcrk Ekonomisinde Walrasgil Olmayan Bir Denge Ge\u00e7erliyse Makro Fiyatlar\u0131 Nas\u0131l Analiz Etmeliyiz? Cem Mehmet Baydur   FARK YARATANLAR: \u015eerif Can \u00dcnver   \u00c7e\u015fitli \u201cDe\u011fer\u201d Kavramlar\u0131 ve K\u00fclt\u00fcrel \u00dcretimlerin \u0130ktisadi \u201cDe\u011feri\u201d Sacit Hadi Akdede   \u00dc\u00e7\u00fcnc\u00fc D\u00fcnya Sava\u015f\u0131 Sessizce Yap\u0131ld\u0131 ve Bitti, ya D\u00f6rd\u00fcnc\u00fcs\u00fc? Ergun T\u00fcrkcan   D\u0131\u015f \u015eoklar, Yanl\u0131\u015f \u0130ktisat Politikalar\u0131, D\u0131\u015f Bor\u00e7 Krizleri ve Yeniden Yap\u0131lanma: L\u00fcbnan ve Sri Lanka \u00d6rnekleri S\u00fcbidey Togan <\/p>\n","protected":false},"excerpt":{"rendered":"<p>Bu say\u0131da: Bedava Ya\u015f\u0131yoruz, Bedava Ay\u00e7a Tekin-Koru Yeni \u015eeyler S\u00f6ylemek Laz\u0131m: \u201cEkonomik B\u00fcy\u00fcme\u201d Feti\u015fine Kar\u015f\u0131 \u201cK\u00fc\u00e7\u00fclmek \u0130yidir!\u201d Zuhal Ye\u015filyurt G\u00fcnd\u00fcz H\u00fck\u00fcmetler, Sermaye S\u0131n\u0131f\u0131 ve Ekonomi \u00d6mer<span class=\"excerpt-hellip\"> [\u2026]<\/span><\/p>\n","protected":false},"featured_media":0,"template":"","meta":{"_monsterinsights_skip_tracking":false,"_monsterinsights_sitenote_active":false,"_monsterinsights_sitenote_note":"","_monsterinsights_sitenote_category":0},"product_brand":[],"product_cat":[17574,13527],"product_tag":[],"class_list":{"0":"post-744013","1":"product","2":"type-product","3":"status-publish","5":"product_cat-politika","6":"product_cat-sureli-yayinlar","7":"pa_cilt-ciltsiz","8":"pa_tur-dergi","9":"pa_yayinevi-efil-yayinevi-dergi","10":"pa_yazar-kolektif","12":"first","13":"instock","14":"sale","15":"shipping-taxable","16":"purchasable","17":"product-type-simple"},"_links":{"self":[{"href":"https:\/\/roveyayinevi.com.tr\/index.php\/wp-json\/wp\/v2\/product\/744013","targetHints":{"allow":["GET"]}}],"collection":[{"href":"https:\/\/roveyayinevi.com.tr\/index.php\/wp-json\/wp\/v2\/product"}],"about":[{"href":"https:\/\/roveyayinevi.com.tr\/index.php\/wp-json\/wp\/v2\/types\/product"}],"wp:attachment":[{"href":"https:\/\/roveyayinevi.com.tr\/index.php\/wp-json\/wp\/v2\/media?parent=744013"}],"wp:term":[{"taxonomy":"product_brand","embeddable":true,"href":"https:\/\/roveyayinevi.com.tr\/index.php\/wp-json\/wp\/v2\/product_brand?post=744013"},{"taxonomy":"product_cat","embeddable":true,"href":"https:\/\/roveyayinevi.com.tr\/index.php\/wp-json\/wp\/v2\/product_cat?post=744013"},{"taxonomy":"product_tag","embeddable":true,"href":"https:\/\/roveyayinevi.com.tr\/index.php\/wp-json\/wp\/v2\/product_tag?post=744013"}],"curies":[{"name":"wp","href":"https:\/\/api.w.org\/{rel}","templated":true}]}}