{"id":744011,"date":"2025-08-28T01:47:29","date_gmt":"2025-08-27T22:47:29","guid":{"rendered":"https:\/\/roveyayinevi.com.tr\/index.php\/urun\/anadolunun-tapusu-turklerindir\/"},"modified":"2026-04-16T02:55:38","modified_gmt":"2026-04-15T23:55:38","slug":"anadolunun-tapusu-turklerindir","status":"publish","type":"product","link":"https:\/\/roveyayinevi.com.tr\/index.php\/urun\/anadolunun-tapusu-turklerindir\/","title":{"rendered":"Anadolu\u2019nun Tapusu T\u00fcrklerindir"},"content":{"rendered":"<p>Okumaya ba\u015flay\u0131p bitirinceye kadar elimden b\u0131rakamad\u0131\u011f\u0131m nadir bir kitap. Yazar, muazzam bir ara\u015ft\u0131rma sonucunda bu eseri meydana getirmi\u015f.   Kitab\u0131n ba\u015f\u0131nda T\u00fcrk kelimesinin tarihte ne zaman \u00e7\u0131kt\u0131\u011f\u0131n\u0131 anlat\u0131l\u0131yor. Yazar, T\u00fcrk kelimesinin ne zaman ve nereden \u00e7\u0131kt\u0131\u011f\u0131n\u0131 ara\u015ft\u0131rmaya ba\u015fl\u0131yor ve kar\u015f\u0131s\u0131na daha da eski olarak S\u00fcmerler \u00e7\u0131k\u0131yor ve Anadolu&#8217;daki bir\u00e7ok yer isminin S\u00fcmer k\u00f6kenli oldu\u011funu tespit ediyor, Anadolu&#8217;nun T\u00fcrkerin en eski yerle\u015fim yeri oldu\u011funu kan\u0131tl\u0131yor. Bu da T\u00fcrklerin k\u00f6keninin S\u00fcmerlere kadar dayand\u0131\u011f\u0131n\u0131 g\u00f6steriyor. Tabii G\u00f6beklitepe&#8217;nin s\u0131rr\u0131 \u00e7\u00f6z\u00fcl\u00fcnce belki de T\u00fcrklerin k\u00f6keninin daha da eskilere gitti\u011fini g\u00f6rece\u011fiz.   Daha \u00f6zetlenmi\u015f bir halde orta \u00f6\u011fretimde ders olarak okutulmas\u0131n\u0131 \u015fiddetle tavsiye ederim. Bu \u015fekilde \u00e7ocuklar\u0131m\u0131z k\u00f6klerinin ne kadar eskiye dayand\u0131\u011f\u0131n\u0131 \u00f6\u011frenip T\u00fcrkl\u00fckleri ile iftihar ederler.   <\/p>\n","protected":false},"excerpt":{"rendered":"<p>Okumaya ba\u015flay\u0131p bitirinceye kadar elimden b\u0131rakamad\u0131\u011f\u0131m nadir bir kitap. Yazar, muazzam bir ara\u015ft\u0131rma sonucunda bu eseri meydana getirmi\u015f. Kitab\u0131n ba\u015f\u0131nda T\u00fcrk kelimesinin tarihte ne zaman \u00e7\u0131kt\u0131\u011f\u0131n\u0131<span class=\"excerpt-hellip\"> [\u2026]<\/span><\/p>\n","protected":false},"featured_media":0,"template":"","meta":{"_monsterinsights_skip_tracking":false,"_monsterinsights_sitenote_active":false,"_monsterinsights_sitenote_note":"","_monsterinsights_sitenote_category":0},"product_brand":[],"product_cat":[12304,13650],"product_tag":[],"class_list":{"0":"post-744011","1":"product","2":"type-product","3":"status-publish","5":"product_cat-tarih","6":"product_cat-turk-tarihi-arastirmalari","7":"pa_cilt-ciltsiz","8":"pa_tur-kitap","9":"pa_yayinevi-pankus-yayinlari","10":"pa_yazar-mustafa-engin-coruh","12":"first","13":"instock","14":"sale","15":"shipping-taxable","16":"purchasable","17":"product-type-simple"},"_links":{"self":[{"href":"https:\/\/roveyayinevi.com.tr\/index.php\/wp-json\/wp\/v2\/product\/744011","targetHints":{"allow":["GET"]}}],"collection":[{"href":"https:\/\/roveyayinevi.com.tr\/index.php\/wp-json\/wp\/v2\/product"}],"about":[{"href":"https:\/\/roveyayinevi.com.tr\/index.php\/wp-json\/wp\/v2\/types\/product"}],"wp:attachment":[{"href":"https:\/\/roveyayinevi.com.tr\/index.php\/wp-json\/wp\/v2\/media?parent=744011"}],"wp:term":[{"taxonomy":"product_brand","embeddable":true,"href":"https:\/\/roveyayinevi.com.tr\/index.php\/wp-json\/wp\/v2\/product_brand?post=744011"},{"taxonomy":"product_cat","embeddable":true,"href":"https:\/\/roveyayinevi.com.tr\/index.php\/wp-json\/wp\/v2\/product_cat?post=744011"},{"taxonomy":"product_tag","embeddable":true,"href":"https:\/\/roveyayinevi.com.tr\/index.php\/wp-json\/wp\/v2\/product_tag?post=744011"}],"curies":[{"name":"wp","href":"https:\/\/api.w.org\/{rel}","templated":true}]}}