{"id":744010,"date":"2025-08-28T01:47:28","date_gmt":"2025-08-27T22:47:28","guid":{"rendered":"https:\/\/roveyayinevi.com.tr\/index.php\/urun\/cumhuriyet-kadini-turkan-ayral\/"},"modified":"2026-04-16T02:55:38","modified_gmt":"2026-04-15T23:55:38","slug":"cumhuriyet-kadini-turkan-ayral","status":"publish","type":"product","link":"https:\/\/roveyayinevi.com.tr\/index.php\/urun\/cumhuriyet-kadini-turkan-ayral\/","title":{"rendered":"Cumhuriyet Kad\u0131n\u0131 T\u00fcrkan Ayral"},"content":{"rendered":"<p>1988&#8217;de vefat eden T\u00fcrkiye Yard\u0131m Sevenler Derne\u011fi Genel Ba\u015fkan\u0131 T\u00fcrkan Ayral&#8217;\u0131n aile hikayesi 1875&#8217;te Tiran&#8217;da ba\u015fl\u0131yor. Nesiller boyu e\u011fitime b\u00fcy\u00fck \u00f6nem veren bu ailenin en parlak \u00fcyesi olan T\u00fcrkan, uzun y\u0131llar boyunca k\u0131z \u00e7ocuklar\u0131n\u0131n e\u011fitimi ve kad\u0131nlar\u0131n ekonomik \u00f6zg\u00fcrl\u00fc\u011f\u00fcne kavu\u015fmas\u0131 i\u00e7in u\u011fra\u015f verdi. Ailenin Kurtulu\u015f Sava\u015f\u0131&#8217;ndaki katk\u0131lar\u0131n\u0131, Cumhuriyet&#8217;in kurulu\u015f d\u00f6nemindeki ya\u015famlar\u0131 ve takip eden y\u0131llarda bireylerin karakter farkl\u0131l\u0131klar\u0131ndan do\u011fan \u00e7at\u0131\u015fmalarla, de\u011fi\u015fen ya\u015fam ve olaylar\u0131 anlatan biygorafik roman; bu ki\u015filerin g\u00fcnl\u00fckler, mektup ve d\u00f6nem gazeteleriyle, ki\u015fileri tan\u0131yanlar\u0131n an\u0131lar\u0131yla, Cumhurba\u015fkanl\u0131\u011f\u0131 ve T.Y.S.D.  ar\u015fivlerindeki bilgiler harmanlanarak olu\u015ftu. Yakla\u015f\u0131k y\u00fcz y\u0131l\u0131 kapsayan hikayede sadece bir ailenin hayat\u0131 de\u011fil, Cumhuriyet&#8217;in getirdi\u011fi ve bu s\u00fcre\u00e7te \u00fclkenin ya\u015fad\u0131\u011f\u0131 de\u011fi\u015fikliklerin de yans\u0131mas\u0131 bulunuyor. <\/p>\n","protected":false},"excerpt":{"rendered":"<p>1988&#8217;de vefat eden T\u00fcrkiye Yard\u0131m Sevenler Derne\u011fi Genel Ba\u015fkan\u0131 T\u00fcrkan Ayral&#8217;\u0131n aile hikayesi 1875&#8217;te Tiran&#8217;da ba\u015fl\u0131yor. Nesiller boyu e\u011fitime b\u00fcy\u00fck \u00f6nem veren bu ailenin en parlak<span class=\"excerpt-hellip\"> [\u2026]<\/span><\/p>\n","protected":false},"featured_media":0,"template":"","meta":{"_monsterinsights_skip_tracking":false,"_monsterinsights_sitenote_active":false,"_monsterinsights_sitenote_note":"","_monsterinsights_sitenote_category":0},"product_brand":[],"product_cat":[12291,18202],"product_tag":[],"class_list":{"0":"post-744010","1":"product","2":"type-product","3":"status-publish","5":"product_cat-edebiyat","6":"product_cat-hikaye","7":"pa_cilt-ciltsiz","8":"pa_tur-kitap","9":"pa_yayinevi-pankus-yayinlari","10":"pa_yazar-bergin-azer","12":"first","13":"instock","14":"sale","15":"shipping-taxable","16":"purchasable","17":"product-type-simple"},"_links":{"self":[{"href":"https:\/\/roveyayinevi.com.tr\/index.php\/wp-json\/wp\/v2\/product\/744010","targetHints":{"allow":["GET"]}}],"collection":[{"href":"https:\/\/roveyayinevi.com.tr\/index.php\/wp-json\/wp\/v2\/product"}],"about":[{"href":"https:\/\/roveyayinevi.com.tr\/index.php\/wp-json\/wp\/v2\/types\/product"}],"wp:attachment":[{"href":"https:\/\/roveyayinevi.com.tr\/index.php\/wp-json\/wp\/v2\/media?parent=744010"}],"wp:term":[{"taxonomy":"product_brand","embeddable":true,"href":"https:\/\/roveyayinevi.com.tr\/index.php\/wp-json\/wp\/v2\/product_brand?post=744010"},{"taxonomy":"product_cat","embeddable":true,"href":"https:\/\/roveyayinevi.com.tr\/index.php\/wp-json\/wp\/v2\/product_cat?post=744010"},{"taxonomy":"product_tag","embeddable":true,"href":"https:\/\/roveyayinevi.com.tr\/index.php\/wp-json\/wp\/v2\/product_tag?post=744010"}],"curies":[{"name":"wp","href":"https:\/\/api.w.org\/{rel}","templated":true}]}}