{"id":744008,"date":"2025-08-28T01:47:26","date_gmt":"2025-08-27T22:47:26","guid":{"rendered":"https:\/\/roveyayinevi.com.tr\/index.php\/urun\/kutsal-ekonomi-batida-paranin-teolojik-gucu\/"},"modified":"2026-04-16T02:55:38","modified_gmt":"2026-04-15T23:55:38","slug":"kutsal-ekonomi-batida-paranin-teolojik-gucu","status":"publish","type":"product","link":"https:\/\/roveyayinevi.com.tr\/index.php\/urun\/kutsal-ekonomi-batida-paranin-teolojik-gucu\/","title":{"rendered":"Kutsal Ekonomi: Bat\u0131\u2019da Paran\u0131n Teolojik G\u00fcc\u00fc"},"content":{"rendered":"<p>Bu kitap, erken d\u00f6nem ekonomik fikirlerin Hristiyan d\u00fc\u015f\u00fcncesini ve toplumunu nas\u0131l yap\u0131land\u0131rd\u0131\u011f\u0131n\u0131 g\u00f6stererek paran\u0131n Bat\u0131\u2019da neden b\u00f6ylesi b\u00fcy\u00fck bir g\u00fcce sahip oldu\u011funa dair \u00f6nemli ipu\u00e7lar\u0131 vermektedir. Eser boyunca yazar, paran\u0131n g\u00fcc\u00fcn\u00fcn teolojik kaynaklar\u0131n\u0131 inceleyerek, erken d\u00f6nem Hristiyan d\u00fc\u015f\u00fcn\u00fcrlerinin yeni teolojik arg\u00fcmanlar\u0131n\u0131n temeli olarak Roma \u0130mparatorlu\u011fu\u2019ndan eski para ve ekonomik m\u00fcbadele kavramlar\u0131n\u0131 nas\u0131l \u00f6d\u00fcn\u00e7 ald\u0131klar\u0131n\u0131 g\u00f6stermektedir.   Paran\u0131n kilise kurumuyla uzun s\u00fcredir devam eden ba\u011flant\u0131s\u0131n\u0131n, y\u00fczy\u0131llar boyunca paran\u0131n giderek artan \u00f6nemine katk\u0131da bulundu\u011funu ve bu yolda b\u00fcy\u00fck halk kitlelerini y\u00f6neten \u00e7e\u015fitli siyaset bi\u00e7imlerini hakl\u0131la\u015ft\u0131rd\u0131\u011f\u0131n\u0131 savunan yazar, neden hi\u00e7bir \u015feyin paradan ve fiyat mekanizmas\u0131ndan ba\u011f\u0131ms\u0131z olarak g\u00f6r\u00fcl\u00fcp de\u011ferlendirilemedi\u011fi bir d\u00fcnyada ya\u015fad\u0131\u011f\u0131m\u0131za dair son derece \u00e7arp\u0131c\u0131 analizler sunmaktad\u0131r. <\/p>\n","protected":false},"excerpt":{"rendered":"<p>Bu kitap, erken d\u00f6nem ekonomik fikirlerin Hristiyan d\u00fc\u015f\u00fcncesini ve toplumunu nas\u0131l yap\u0131land\u0131rd\u0131\u011f\u0131n\u0131 g\u00f6stererek paran\u0131n Bat\u0131\u2019da neden b\u00f6ylesi b\u00fcy\u00fck bir g\u00fcce sahip oldu\u011funa dair \u00f6nemli ipu\u00e7lar\u0131 vermektedir.<span class=\"excerpt-hellip\"> [\u2026]<\/span><\/p>\n","protected":false},"featured_media":0,"template":"","meta":{"_monsterinsights_skip_tracking":false,"_monsterinsights_sitenote_active":false,"_monsterinsights_sitenote_note":"","_monsterinsights_sitenote_category":0},"product_brand":[],"product_cat":[20333,13043],"product_tag":[],"class_list":{"0":"post-744008","1":"product","2":"type-product","3":"status-publish","5":"product_cat-diger-ekonomi","6":"product_cat-ekonomi","7":"pa_cilt-ciltsiz","8":"pa_tur-kitap","9":"pa_yayinevi-albaraka-yayinlari","10":"pa_yazar-devin-singh","12":"first","13":"instock","14":"sale","15":"shipping-taxable","16":"purchasable","17":"product-type-simple"},"_links":{"self":[{"href":"https:\/\/roveyayinevi.com.tr\/index.php\/wp-json\/wp\/v2\/product\/744008","targetHints":{"allow":["GET"]}}],"collection":[{"href":"https:\/\/roveyayinevi.com.tr\/index.php\/wp-json\/wp\/v2\/product"}],"about":[{"href":"https:\/\/roveyayinevi.com.tr\/index.php\/wp-json\/wp\/v2\/types\/product"}],"wp:attachment":[{"href":"https:\/\/roveyayinevi.com.tr\/index.php\/wp-json\/wp\/v2\/media?parent=744008"}],"wp:term":[{"taxonomy":"product_brand","embeddable":true,"href":"https:\/\/roveyayinevi.com.tr\/index.php\/wp-json\/wp\/v2\/product_brand?post=744008"},{"taxonomy":"product_cat","embeddable":true,"href":"https:\/\/roveyayinevi.com.tr\/index.php\/wp-json\/wp\/v2\/product_cat?post=744008"},{"taxonomy":"product_tag","embeddable":true,"href":"https:\/\/roveyayinevi.com.tr\/index.php\/wp-json\/wp\/v2\/product_tag?post=744008"}],"curies":[{"name":"wp","href":"https:\/\/api.w.org\/{rel}","templated":true}]}}