{"id":744006,"date":"2025-08-28T01:47:24","date_gmt":"2025-08-27T22:47:24","guid":{"rendered":"https:\/\/roveyayinevi.com.tr\/index.php\/urun\/guzellik-duyusu\/"},"modified":"2026-04-16T02:55:38","modified_gmt":"2026-04-15T23:55:38","slug":"guzellik-duyusu","status":"publish","type":"product","link":"https:\/\/roveyayinevi.com.tr\/index.php\/urun\/guzellik-duyusu\/","title":{"rendered":"G\u00fczellik Duyusu"},"content":{"rendered":"<p>Elinizdeki metinde, g\u00fczelli\u011fin neden, nas\u0131l ve ne zaman ortaya \u00e7\u0131kt\u0131\u011f\u0131, bir nesnenin g\u00fczel olmas\u0131 i\u00e7in hangi ko\u015fullar\u0131 yerine getirmesi gerekti\u011fi, do\u011fam\u0131zda bulunan hangi unsurlar\u0131n bizi g\u00fczelli\u011fe kar\u015f\u0131 duyarl\u0131 k\u0131ld\u0131\u011f\u0131 ve g\u00fczel dedi\u011fimiz nesnenin yap\u0131s\u0131yla \u00f6zne aras\u0131ndaki ili\u015fkinin tam olarak ne oldu\u011fu vd. sorular\u0131n\u0131n pe\u015fine d\u00fc\u015fen Santayana, bu sorulara \u2013kendi ifadesiyle\u2013 d\u00fcr\u00fcstl\u00fckle yan\u0131t aramaktad\u0131r.     \u00c7al\u0131\u015fmas\u0131na g\u00fczelli\u011fin do\u011fas\u0131n\u0131 tahlil ederek ba\u015flayan d\u00fc\u015f\u00fcn\u00fcr, ilerleyen b\u00f6l\u00fcmlerde dikkatini g\u00fczelli\u011fi olu\u015fturan unsurlara y\u00f6nelterek g\u00fczelli\u011fin alg\u0131lanmas\u0131na katk\u0131da bulunacak b\u00fct\u00fcn insani i\u015flevlerle birlikte a\u015fk\u0131, sosyal d\u00fcrt\u00fcleri ve duyular\u0131 incelemeye ge\u00e7er ve okura kapsaml\u0131 bir estetik teorisi sunar.     Yay\u0131mland\u0131\u011f\u0131nda alan\u0131nda kaleme al\u0131nm\u0131\u015f en kapsaml\u0131 \u00e7al\u0131\u015fma olarak nitelenen G\u00fczellik Duyusu, estetikle ilgilenenler i\u00e7in bug\u00fcn de \u00e7ok \u00f6nemli bir kaynak eser olma niteli\u011fi ta\u015f\u0131maktad\u0131r. <\/p>\n","protected":false},"excerpt":{"rendered":"<p>Elinizdeki metinde, g\u00fczelli\u011fin neden, nas\u0131l ve ne zaman ortaya \u00e7\u0131kt\u0131\u011f\u0131, bir nesnenin g\u00fczel olmas\u0131 i\u00e7in hangi ko\u015fullar\u0131 yerine getirmesi gerekti\u011fi, do\u011fam\u0131zda bulunan hangi unsurlar\u0131n bizi g\u00fczelli\u011fe<span class=\"excerpt-hellip\"> [\u2026]<\/span><\/p>\n","protected":false},"featured_media":0,"template":"","meta":{"_monsterinsights_skip_tracking":false,"_monsterinsights_sitenote_active":false,"_monsterinsights_sitenote_note":"","_monsterinsights_sitenote_category":0},"product_brand":[],"product_cat":[44608,12408],"product_tag":[],"class_list":{"0":"post-744006","1":"product","2":"type-product","3":"status-publish","5":"product_cat-diger-sanat","6":"product_cat-sanat","7":"pa_cilt-ciltsiz","8":"pa_tur-kitap","9":"pa_yayinevi-albaraka-yayinlari","10":"pa_yazar-george-santayana","12":"first","13":"instock","14":"sale","15":"shipping-taxable","16":"purchasable","17":"product-type-simple"},"_links":{"self":[{"href":"https:\/\/roveyayinevi.com.tr\/index.php\/wp-json\/wp\/v2\/product\/744006","targetHints":{"allow":["GET"]}}],"collection":[{"href":"https:\/\/roveyayinevi.com.tr\/index.php\/wp-json\/wp\/v2\/product"}],"about":[{"href":"https:\/\/roveyayinevi.com.tr\/index.php\/wp-json\/wp\/v2\/types\/product"}],"wp:attachment":[{"href":"https:\/\/roveyayinevi.com.tr\/index.php\/wp-json\/wp\/v2\/media?parent=744006"}],"wp:term":[{"taxonomy":"product_brand","embeddable":true,"href":"https:\/\/roveyayinevi.com.tr\/index.php\/wp-json\/wp\/v2\/product_brand?post=744006"},{"taxonomy":"product_cat","embeddable":true,"href":"https:\/\/roveyayinevi.com.tr\/index.php\/wp-json\/wp\/v2\/product_cat?post=744006"},{"taxonomy":"product_tag","embeddable":true,"href":"https:\/\/roveyayinevi.com.tr\/index.php\/wp-json\/wp\/v2\/product_tag?post=744006"}],"curies":[{"name":"wp","href":"https:\/\/api.w.org\/{rel}","templated":true}]}}