{"id":744001,"date":"2025-08-28T01:47:19","date_gmt":"2025-08-27T22:47:19","guid":{"rendered":"https:\/\/roveyayinevi.com.tr\/index.php\/urun\/ekmek-dukkan-devlet-turkiyede-esnaf\/"},"modified":"2025-11-21T08:22:54","modified_gmt":"2025-11-21T05:22:54","slug":"ekmek-dukkan-devlet-turkiyede-esnaf","status":"publish","type":"product","link":"https:\/\/roveyayinevi.com.tr\/index.php\/urun\/ekmek-dukkan-devlet-turkiyede-esnaf\/","title":{"rendered":"Ekmek, D\u00fckkan, Devlet: T\u00fcrkiye&#8217;de Esnaf"},"content":{"rendered":"<p>\u201cParayla is\u0327 yapt\u0131g\u0306\u0131 ic\u0327in, esnaf\u0131n kaybedecekleri vard\u0131r. Esnaf, is\u0327c\u0327i gibi deg\u0306ildir. I\u0307s\u0327c\u0327i politize olabilir c\u0327u\u0308nku\u0308 is\u0327c\u0327inin zincirlerinden bas\u0327ka kaybedecek bir s\u0327eyi yoktur. Ancak esnaf\u0131n zincirlerinden bas\u0327ka kaybedecekleri vard\u0131r. Esnaf\u0131n kendini iyi hissedebilmesi ic\u0327in devlete ihtiyac\u0131 vard\u0131r. (&#8230;) Esnaf ku\u0308c\u0327u\u0308k sermayesini korumaya c\u0327al\u0131s\u0327\u0131rken korkular\u0131 ile hareket eder. Bu yu\u0308zden iktidara hep yak\u0131nd\u0131r. I\u0307ktidarla iyi gec\u0327inmeye c\u0327al\u0131s\u0327\u0131r; ama iktidar\u0131n uygulad\u0131g\u0306\u0131 ekonomi politikalar\u0131 benim gelis\u0327imime katk\u0131 sag\u0306lar m\u0131 du\u0308s\u0327u\u0308nmez.\u201d M\u00fcge Neda Alt\u0131noklu, Ekmek, Du\u0308kka\u0302n, Devlet\u2019te Tu\u0308rkiye\u2019de esnaf\u0131n s\u0131n\u0131fsal konumunun 1980\u2019lerden itibaren h\u0131zlanan do\u0308nu\u0308s\u0327u\u0308mu\u0308nu\u0308 inceliyor. Haks\u0131z rekabet ve mag\u0306duriyet duygusunun ag\u0306\u0131rlas\u0327t\u0131g\u0306\u0131, \u201cDayanacak gu\u0308cu\u0308mu\u0308z kalmad\u0131\u201d serzenis\u0327inin rutinles\u0327tig\u0306i bir su\u0308rec\u0327te, esnaf\u0131n kendisini nas\u0131l konumland\u0131rd\u0131g\u0306\u0131na bak\u0131yor. Bir zamanlar \u201cH\u0131rdavat\u0131n Paris\u2019i\u201d denen I\u0307stanbul Pers\u0327embe Pazar\u0131 o\u0308rneg\u0306inde, somut deneyimi go\u0308zleyerek&#8230; Esnaf\u0131n konumunu, bir yandan, Alt\u0131noklu\u2019nun tan\u0131m\u0131yla \u201csermayeye rag\u0306men sermaye ic\u0327inde\u201d olman\u0131n c\u0327elis\u0327kisi belirliyor. Sermaye sahibi, fakat sanayicilere ve mali\u0302 sermayeye nazaran son derece k\u0131r\u0131lgan olan esnaflar, c\u0327ok zaman \u201cNerede bu devlet!\u201d isyan\u0131n\u0131n da so\u0308zcu\u0308su\u0308 oluyorlar. \u201cDevletsiz esnaf, esnafs\u0131z devlet olmaz\u201d so\u0308zu\u0308, esnaf ideolojisinin tas\u0327\u0131y\u0131c\u0131 su\u0308tunlar\u0131ndan biri&#8230; Alt\u0131noklu, esnaf kitlesini tekil ve tekdu\u0308ze go\u0308rmenin yanl\u0131s\u0327l\u0131g\u0306\u0131na dikkat c\u0327ekiyor. Uyum eg\u0306iliminin yan\u0131 s\u0131ra hos\u0327nutsuzluklar\u0131 ve direnis\u0327 stratejilerini de go\u0308z ard\u0131 etmemek gerektig\u0306i kan\u0131s\u0131nda. <\/p>\n","protected":false},"excerpt":{"rendered":"<p>\u201cParayla is\u0327 yapt\u0131g\u0306\u0131 ic\u0327in, esnaf\u0131n kaybedecekleri vard\u0131r. Esnaf, is\u0327c\u0327i gibi deg\u0306ildir. I\u0307s\u0327c\u0327i politize olabilir c\u0327u\u0308nku\u0308 is\u0327c\u0327inin zincirlerinden bas\u0327ka kaybedecek bir s\u0327eyi yoktur. Ancak esnaf\u0131n zincirlerinden bas\u0327ka<span class=\"excerpt-hellip\"> [\u2026]<\/span><\/p>\n","protected":false},"featured_media":0,"template":"","meta":{"_monsterinsights_skip_tracking":false,"_monsterinsights_sitenote_active":false,"_monsterinsights_sitenote_note":"","_monsterinsights_sitenote_category":0},"product_brand":[],"product_cat":[13590,12337],"product_tag":[],"class_list":{"0":"post-744001","1":"product","2":"type-product","3":"status-publish","5":"product_cat-arastirma-inceleme-politika-siyaset","6":"product_cat-politika-siyaset","7":"pa_cilt-ciltsiz","8":"pa_tur-kitap","9":"pa_yayinevi-iletisim-yayinlari","10":"pa_yazar-muge-neda-altinoklu","12":"first","13":"instock","14":"sale","15":"shipping-taxable","16":"purchasable","17":"product-type-simple"},"_links":{"self":[{"href":"https:\/\/roveyayinevi.com.tr\/index.php\/wp-json\/wp\/v2\/product\/744001","targetHints":{"allow":["GET"]}}],"collection":[{"href":"https:\/\/roveyayinevi.com.tr\/index.php\/wp-json\/wp\/v2\/product"}],"about":[{"href":"https:\/\/roveyayinevi.com.tr\/index.php\/wp-json\/wp\/v2\/types\/product"}],"wp:attachment":[{"href":"https:\/\/roveyayinevi.com.tr\/index.php\/wp-json\/wp\/v2\/media?parent=744001"}],"wp:term":[{"taxonomy":"product_brand","embeddable":true,"href":"https:\/\/roveyayinevi.com.tr\/index.php\/wp-json\/wp\/v2\/product_brand?post=744001"},{"taxonomy":"product_cat","embeddable":true,"href":"https:\/\/roveyayinevi.com.tr\/index.php\/wp-json\/wp\/v2\/product_cat?post=744001"},{"taxonomy":"product_tag","embeddable":true,"href":"https:\/\/roveyayinevi.com.tr\/index.php\/wp-json\/wp\/v2\/product_tag?post=744001"}],"curies":[{"name":"wp","href":"https:\/\/api.w.org\/{rel}","templated":true}]}}