{"id":744000,"date":"2025-08-28T01:47:18","date_gmt":"2025-08-27T22:47:18","guid":{"rendered":"https:\/\/roveyayinevi.com.tr\/index.php\/urun\/elestirel-guvenlik-ve-turkiye\/"},"modified":"2026-04-16T02:55:38","modified_gmt":"2026-04-15T23:55:38","slug":"elestirel-guvenlik-ve-turkiye","status":"publish","type":"product","link":"https:\/\/roveyayinevi.com.tr\/index.php\/urun\/elestirel-guvenlik-ve-turkiye\/","title":{"rendered":"Ele\u015ftirel G\u00fcvenlik ve T\u00fcrkiye"},"content":{"rendered":"<p>Eles\u0327tirel Gu\u0308venlik ve Tu\u0308rkiye, d\u0131s\u0327 politikada gu\u0308venlik c\u0327al\u0131s\u0327malar\u0131na c\u0327ok boyutlu bir eles\u0327tirel yaklas\u0327\u0131m gelis\u0327tiriyor. Bu eles\u0327tirinin temelinde, gu\u0308venlig\u0306in \u201cteknik\u201d veya siyaset-u\u0308stu\u0308 deg\u0306il peka\u0302la\u0302 siyasi bir mesele oldug\u0306u kabulu\u0308 ve devlet-merkezli bak\u0131s\u0327 ac\u0327\u0131s\u0131yla ve askeri\u0302 sorunsalla s\u0131n\u0131rlanamayacag\u0306\u0131 fikri yat\u0131yor. Kitab\u0131n kuramsal tart\u0131s\u0327malarla ilgili ilk bo\u0308lu\u0308mu\u0308nde, o\u0308ncelikle \u201cgu\u0308venlikles\u0327tirme\u201d ve adeta sihirli bir havaya bu\u0308ru\u0308nmu\u0308s\u0327 bulunan \u201cjeopolitika\u201d gibi temel kavramlar\u0131n etrafl\u0131 bir sorgulamas\u0131 yap\u0131l\u0131yor. 21. yu\u0308zy\u0131l\u0131n ilk on y\u0131llar\u0131na damgas\u0131n\u0131 vuran popu\u0308lizmin bu alandaki etkisi de ihmal edilmiyor. Bu sorgulama, d\u0131s\u0327 politikada gu\u0308venlik perspektifinin postkolonyalizm, feminizm ve bar\u0131s\u0327 ins\u0327as\u0131 bak\u0131s\u0327 ac\u0327\u0131lar\u0131ndan ele al\u0131nmas\u0131yla tamamlan\u0131yor. Tu\u0308rkiye o\u0308rneg\u0306ine eg\u0306ilen ikinci bo\u0308lu\u0308mde ise, sivil-asker ilis\u0327kileri, Ku\u0308rt sorununda C\u0327o\u0308zu\u0308m Su\u0308reci, Suriyeli go\u0308c\u0327menler, Tu\u0308rkiye-Yunanistan ilis\u0327kileri, iklim krizi bag\u0306lamlar\u0131nda d\u0131s\u0327 politikada gu\u0308venlik meselesine mercek tutuluyor. D\u0131s\u0327 politikan\u0131n 21. yu\u0308zy\u0131l\u0131n ilk c\u0327eyreg\u0306inde \u201caktivizmden s\u0131k\u0131s\u0327m\u0131s\u0327l\u0131g\u0306a\u201d dog\u0306ru seyreden gelis\u0327imine de \u0131s\u0327\u0131k tutan bir analiz&#8230;<\/p>\n","protected":false},"excerpt":{"rendered":"<p>Eles\u0327tirel Gu\u0308venlik ve Tu\u0308rkiye, d\u0131s\u0327 politikada gu\u0308venlik c\u0327al\u0131s\u0327malar\u0131na c\u0327ok boyutlu bir eles\u0327tirel yaklas\u0327\u0131m gelis\u0327tiriyor. Bu eles\u0327tirinin temelinde, gu\u0308venlig\u0306in \u201cteknik\u201d veya siyaset-u\u0308stu\u0308 deg\u0306il peka\u0302la\u0302 siyasi bir mesele<span class=\"excerpt-hellip\"> [\u2026]<\/span><\/p>\n","protected":false},"featured_media":0,"template":"","meta":{"_monsterinsights_skip_tracking":false,"_monsterinsights_sitenote_active":false,"_monsterinsights_sitenote_note":"","_monsterinsights_sitenote_category":0},"product_brand":[],"product_cat":[13590,12337],"product_tag":[],"class_list":{"0":"post-744000","1":"product","2":"type-product","3":"status-publish","5":"product_cat-arastirma-inceleme-politika-siyaset","6":"product_cat-politika-siyaset","7":"pa_cilt-ciltsiz","8":"pa_tur-kitap","9":"pa_yayinevi-iletisim-yayinlari","10":"pa_yazar-kolektif","12":"first","13":"instock","14":"sale","15":"shipping-taxable","16":"purchasable","17":"product-type-simple"},"_links":{"self":[{"href":"https:\/\/roveyayinevi.com.tr\/index.php\/wp-json\/wp\/v2\/product\/744000","targetHints":{"allow":["GET"]}}],"collection":[{"href":"https:\/\/roveyayinevi.com.tr\/index.php\/wp-json\/wp\/v2\/product"}],"about":[{"href":"https:\/\/roveyayinevi.com.tr\/index.php\/wp-json\/wp\/v2\/types\/product"}],"wp:attachment":[{"href":"https:\/\/roveyayinevi.com.tr\/index.php\/wp-json\/wp\/v2\/media?parent=744000"}],"wp:term":[{"taxonomy":"product_brand","embeddable":true,"href":"https:\/\/roveyayinevi.com.tr\/index.php\/wp-json\/wp\/v2\/product_brand?post=744000"},{"taxonomy":"product_cat","embeddable":true,"href":"https:\/\/roveyayinevi.com.tr\/index.php\/wp-json\/wp\/v2\/product_cat?post=744000"},{"taxonomy":"product_tag","embeddable":true,"href":"https:\/\/roveyayinevi.com.tr\/index.php\/wp-json\/wp\/v2\/product_tag?post=744000"}],"curies":[{"name":"wp","href":"https:\/\/api.w.org\/{rel}","templated":true}]}}