{"id":743994,"date":"2025-08-28T01:47:11","date_gmt":"2025-08-27T22:47:11","guid":{"rendered":"https:\/\/roveyayinevi.com.tr\/index.php\/urun\/41-filozof-41-kavram\/"},"modified":"2026-04-16T02:55:38","modified_gmt":"2026-04-15T23:55:38","slug":"41-filozof-41-kavram","status":"publish","type":"product","link":"https:\/\/roveyayinevi.com.tr\/index.php\/urun\/41-filozof-41-kavram\/","title":{"rendered":"41 Filozof 41 Kavram"},"content":{"rendered":"<p>Felsefenin as\u0131l yarat\u0131m alan\u0131 ve arac\u0131 olan kavramlar, felsefe tarihine n\u00fcfuz etmek i\u00e7in daha verimli bir yol olabilir mi? Kavramlar\u0131, hem filozoftan, hem ilgili d\u00f6nemden hem de ait oldu\u011fu d\u00fc\u015f\u00fcnceye d\u00f6n\u00fck ele\u015ftirilerden do\u011fru okumak, sorular\u0131n derinle\u015ftirilmesi i\u00e7in ka\u00e7\u0131n\u0131lmazd\u0131r. Bir derdin ad\u0131n\u0131 kavramlarla koymak, az sonra, bir edebiyat eserinde, bir tiyatro oyununda ya da bir sinema filminde de onu tan\u0131yabilmeyi m\u00fcmk\u00fcn k\u0131lar. Felsefe tarihi de b\u00f6ylece, art\u0131k uzakta kalm\u0131\u015f kay\u0131p bir kalabal\u0131\u011f\u0131n sesleri olarak de\u011fil, bizi de muhatap alan bir s\u00f6yle\u015fi gibi duyulabilir. Murat Er\u015fen, 41 Filozof 41 Kavram kitab\u0131yla, kavramlar\u0131n d\u00fc\u015f\u00fcnce tarihindeki hareket kabiliyetlerini vurgularken, onlar\u0131 bazen ilgili film ya da hik\u00e2yelerle birlikte aktararak soyutlamalar d\u00fcnyas\u0131nda yol almak isteyenlere bir rehber sunuyor. Felsefe amat\u00f6r\u00fc okurun kavramlarla filozoflar\u0131n genel d\u00fc\u015f\u00fcncelerine daha kolay giri\u015f yapmas\u0131n\u0131 sa\u011flayan Er\u015fen, her b\u00f6l\u00fcm\u00fcn ba\u015f\u0131nda ve sonunda sorularla pasajlara daha kolay eri\u015filmesini ve \u00fczerinde tart\u0131\u015f\u0131lmas\u0131n\u0131 sa\u011fl\u0131yor. Alegori, dostluk, yabanc\u0131la\u015fma, kayg\u0131, \u00f6zbilin\u00e7, ba\u015fka\/\u00f6teki gibi kavramlar Murat Er\u015fen\u2019in duru kaleminde hayat buluyor. <\/p>\n","protected":false},"excerpt":{"rendered":"<p>Felsefenin as\u0131l yarat\u0131m alan\u0131 ve arac\u0131 olan kavramlar, felsefe tarihine n\u00fcfuz etmek i\u00e7in daha verimli bir yol olabilir mi? Kavramlar\u0131, hem filozoftan, hem ilgili d\u00f6nemden hem<span class=\"excerpt-hellip\"> [\u2026]<\/span><\/p>\n","protected":false},"featured_media":0,"template":"","meta":{"_monsterinsights_skip_tracking":false,"_monsterinsights_sitenote_active":false,"_monsterinsights_sitenote_note":"","_monsterinsights_sitenote_category":0},"product_brand":[],"product_cat":[12388,13555],"product_tag":[],"class_list":{"0":"post-743994","1":"product","2":"type-product","3":"status-publish","5":"product_cat-felsefe","6":"product_cat-genel-felsefe","7":"pa_cilt-ciltsiz","8":"pa_tur-kitap","9":"pa_yayinevi-dinozor-cocuk","10":"pa_yazar-murat-ersen","12":"first","13":"instock","14":"sale","15":"shipping-taxable","16":"purchasable","17":"product-type-simple"},"_links":{"self":[{"href":"https:\/\/roveyayinevi.com.tr\/index.php\/wp-json\/wp\/v2\/product\/743994","targetHints":{"allow":["GET"]}}],"collection":[{"href":"https:\/\/roveyayinevi.com.tr\/index.php\/wp-json\/wp\/v2\/product"}],"about":[{"href":"https:\/\/roveyayinevi.com.tr\/index.php\/wp-json\/wp\/v2\/types\/product"}],"wp:attachment":[{"href":"https:\/\/roveyayinevi.com.tr\/index.php\/wp-json\/wp\/v2\/media?parent=743994"}],"wp:term":[{"taxonomy":"product_brand","embeddable":true,"href":"https:\/\/roveyayinevi.com.tr\/index.php\/wp-json\/wp\/v2\/product_brand?post=743994"},{"taxonomy":"product_cat","embeddable":true,"href":"https:\/\/roveyayinevi.com.tr\/index.php\/wp-json\/wp\/v2\/product_cat?post=743994"},{"taxonomy":"product_tag","embeddable":true,"href":"https:\/\/roveyayinevi.com.tr\/index.php\/wp-json\/wp\/v2\/product_tag?post=743994"}],"curies":[{"name":"wp","href":"https:\/\/api.w.org\/{rel}","templated":true}]}}