{"id":743992,"date":"2025-08-28T01:47:09","date_gmt":"2025-08-27T22:47:09","guid":{"rendered":"https:\/\/roveyayinevi.com.tr\/index.php\/urun\/5-ses-grubu-bahar-ile-ajlan-hvgfj\/"},"modified":"2026-04-16T02:55:37","modified_gmt":"2026-04-15T23:55:37","slug":"5-ses-grubu-bahar-ile-ajlan-hvgfj","status":"publish","type":"product","link":"https:\/\/roveyayinevi.com.tr\/index.php\/urun\/5-ses-grubu-bahar-ile-ajlan-hvgfj\/","title":{"rendered":"5. Ses Grubu Bahar \u0130le Ajlan HV\u011eFJ"},"content":{"rendered":"<p>\u0130lk okuma-yazma s\u00fcrecinde sesler, gruplar h\u00e2linde \u00f6\u011fretilmektedir. ELAK\u0130N, OMUT\u00dcY, \u00d6RIDSB, Z\u00c7G\u015eCP ve HV\u011eFJ harf s\u0131ras\u0131na uygun olarak haz\u0131rlanm\u0131\u015f kitaplar\u0131m\u0131z; karesel (h\u0131zl\u0131 okuma) metinler, e\u015fleme, boyama ve \u00e7izme \u00e7al\u0131\u015fmalar\u0131yla da desteklenerek \u00e7ocuklar\u0131n okumalar\u0131n\u0131 geli\u015ftirmeleri ve okuma-yazmay\u0131 daha h\u0131zl\u0131 \u00e7\u00f6zmeleri ad\u0131na haz\u0131rlanm\u0131\u015ft\u0131r.Bulmacal\u0131E\u015flemeliBoyamal\u0131Renkli heceliKaresel okuma metinleri<\/p>\n","protected":false},"excerpt":{"rendered":"<p>\u0130lk okuma-yazma s\u00fcrecinde sesler, gruplar h\u00e2linde \u00f6\u011fretilmektedir. ELAK\u0130N, OMUT\u00dcY, \u00d6RIDSB, Z\u00c7G\u015eCP ve HV\u011eFJ harf s\u0131ras\u0131na uygun olarak haz\u0131rlanm\u0131\u015f kitaplar\u0131m\u0131z; karesel (h\u0131zl\u0131 okuma) metinler, e\u015fleme, boyama ve<span class=\"excerpt-hellip\"> [\u2026]<\/span><\/p>\n","protected":false},"featured_media":0,"template":"","meta":{"_monsterinsights_skip_tracking":false,"_monsterinsights_sitenote_active":false,"_monsterinsights_sitenote_note":"","_monsterinsights_sitenote_category":0},"product_brand":[],"product_cat":[12274,12631],"product_tag":[],"class_list":{"0":"post-743992","1":"product","2":"type-product","3":"status-publish","5":"product_cat-cocuk-ve-genclik-kitaplari","6":"product_cat-diger-cocuk-ve-genclik-kitaplari","7":"pa_cilt-ciltsiz","8":"pa_tur-kitap","9":"pa_yayinevi-cocuk-gelisimi-yayinlari","10":"pa_yazar-bahar-sarikaya","12":"first","13":"instock","14":"sale","15":"shipping-taxable","16":"purchasable","17":"product-type-simple"},"_links":{"self":[{"href":"https:\/\/roveyayinevi.com.tr\/index.php\/wp-json\/wp\/v2\/product\/743992","targetHints":{"allow":["GET"]}}],"collection":[{"href":"https:\/\/roveyayinevi.com.tr\/index.php\/wp-json\/wp\/v2\/product"}],"about":[{"href":"https:\/\/roveyayinevi.com.tr\/index.php\/wp-json\/wp\/v2\/types\/product"}],"wp:attachment":[{"href":"https:\/\/roveyayinevi.com.tr\/index.php\/wp-json\/wp\/v2\/media?parent=743992"}],"wp:term":[{"taxonomy":"product_brand","embeddable":true,"href":"https:\/\/roveyayinevi.com.tr\/index.php\/wp-json\/wp\/v2\/product_brand?post=743992"},{"taxonomy":"product_cat","embeddable":true,"href":"https:\/\/roveyayinevi.com.tr\/index.php\/wp-json\/wp\/v2\/product_cat?post=743992"},{"taxonomy":"product_tag","embeddable":true,"href":"https:\/\/roveyayinevi.com.tr\/index.php\/wp-json\/wp\/v2\/product_tag?post=743992"}],"curies":[{"name":"wp","href":"https:\/\/api.w.org\/{rel}","templated":true}]}}