{"id":743986,"date":"2025-08-28T01:47:01","date_gmt":"2025-08-27T22:47:01","guid":{"rendered":"https:\/\/roveyayinevi.com.tr\/index.php\/urun\/cinselligin-tarihi-4-tenin-itiraflari\/"},"modified":"2026-04-16T02:55:37","modified_gmt":"2026-04-15T23:55:37","slug":"cinselligin-tarihi-4-tenin-itiraflari","status":"publish","type":"product","link":"https:\/\/roveyayinevi.com.tr\/index.php\/urun\/cinselligin-tarihi-4-tenin-itiraflari\/","title":{"rendered":"Cinselli\u011fin Tarihi &#8211; 4 Tenin \u0130tiraflar\u0131"},"content":{"rendered":"<p>Michel Foucault\u2019nun iktidar, benlik ve cinsellik \u00fczerine d\u00fc\u015f\u00fcncelerimizi ve varsay\u0131mlar\u0131m\u0131z\u0131 sonsuza dek de\u011fi\u015ftiren \u201cCinselli\u011fin Tarihi\u201d projesinin d\u00f6rd\u00fcnc\u00fc ve son kitab\u0131 Tenin \u0130tiraflar\u0131 Murat Er\u015fen\u2019in \u00e7evirisiyle, O\u011fuz Tecimen ve Eda \u00c7a\u00e7a\u2019n\u0131n edit\u00f6rl\u00fc\u011f\u00fcnde, Ferda Keskin\u2019in sunu\u015fuyla T\u00fcrk\u00e7ede. Foucault Tenin \u0130tiraflar\u0131\u2019n\u0131 aslen \u201cCinselli\u011fin Tarihi\u201dnin ikinci cildi olarak tasarlar ve 1976\u2019da yay\u0131mlad\u0131\u011f\u0131 ilk cilt Bilme \u0130stenci\u2019ni bitirdikten hemen sonra yazmaya ba\u015flar. Fakat o d\u00f6nemde Foucault\u2019nun \u00e7al\u0131\u015fmalar\u0131 (bilhassa Coll\u00e8ge de France seminerlerinin etkisiyle) \u00f6znenin hermen\u00f6ti\u011fi, arzu \u00f6znesinin soybilimi ve benlik teknolojileri \u00fczerine ara\u015ft\u0131rmalar\u0131yla kesi\u015fince projeyi yeniden d\u00fc\u015f\u00fcnmeye karar verir. \u0130lk cildin ard\u0131ndan ge\u00e7en sekiz y\u0131lda bizzat bir kendilik \u00e7al\u0131\u015fmas\u0131 s\u00fcreci olarak g\u00f6rd\u00fc\u011f\u00fc ara\u015ft\u0131rmalar\u0131ndan \u00e7\u0131kan malzemeyi yeniden \u015fekillendirir; 1984\u2019te, \u00f6l\u00fcm\u00fcnden k\u0131sa s\u00fcre \u00f6nce, ikinci cilt Hazlar\u0131n Kullan\u0131m\u0131 ve \u00fc\u00e7\u00fcnc\u00fc cilt Kendilik Kayg\u0131s\u0131 art arda yay\u0131mlan\u0131r. Birinci ciltte kurdu\u011fu kendi teorik \u00e7er\u00e7evesini de ele\u015ftirdi\u011fi bir \u00f6ns\u00f6zle program\u0131n\u0131 \u015f\u00f6yle g\u00fcnceller: \u201cBu ara\u015ft\u0131rma dizisi \u00f6ng\u00f6rd\u00fc\u011f\u00fcmden daha ge\u00e7 ve tamamen ba\u015fka bir bi\u00e7imde yay\u0131mlan\u0131yor. [\u2026] Hazlar\u0131n Kullan\u0131m\u0131 cinsel etkinli\u011fin M\u00d6 IV. y\u00fczy\u0131lda klasik Yunan k\u00fclt\u00fcr\u00fcnde filozoflar ve hekimler taraf\u0131ndan nas\u0131l sorunsalla\u015ft\u0131r\u0131ld\u0131\u011f\u0131na de\u011finiyor. Kendilik Kayg\u0131s\u0131 bu sorunsalla\u015ft\u0131rman\u0131n MS ilk iki y\u00fczy\u0131lda Yunan ve Latin metinlerindeki durumunu inceliyor ve nihayet Tenin \u0130tiraflar\u0131 tenle ilgili \u00f6\u011freti ve kilise d\u00fc\u015f\u00fcncesinin olu\u015fumuna e\u011filiyor.\u201d Ayn\u0131 y\u0131l\u0131n sonbahar aylar\u0131nda yay\u0131mlanmas\u0131 planlanan d\u00f6rd\u00fcnc\u00fc cilt Tenin \u0130tiraflar\u0131\u2019n\u0131 ise yay\u0131nevine teslim etmesine ra\u011fmen son d\u00fczeltmeleri yapmaya \u00f6mr\u00fc vefa etmez ve vasiyet olarak, hayattayken yay\u0131mlanan metinlerinin d\u0131\u015f\u0131nda hi\u00e7bir metninin yay\u0131mlanmas\u0131n\u0131 istemedi\u011finden bu kitap da g\u00fcn y\u00fcz\u00fcne \u00e7\u0131kmaz. Gelgelelim \u00f6l\u00fcm\u00fcnden otuz d\u00f6rt y\u0131l sonra 2018\u2019de, Fr\u00e9d\u00e9ric Gros\u2019nun edit\u00f6rl\u00fc\u011f\u00fcnde, \u201cCinselli\u011fin Tarihi\u201d projesini b\u00fct\u00fcnleyen bu \u00e7al\u0131\u015fma ilk defa okurlarla bulu\u015fur. Foucault Bat\u0131\u2019daki \u00f6znellik deneyimleri aras\u0131nda merkezi \u00f6nem atfetti\u011fi H\u0131ristiyani cinsellik ve hakikat s\u00f6ylemlerini derinlemesine inceledi\u011fi Tenin \u0130tiraflar\u0131\u2019nda 2.-5. y\u00fczy\u0131llar aras\u0131nda H\u0131ristiyan Kilise Babalar\u0131n\u0131n felsefi ve teolojik kavramlarla olu\u015fturdu\u011fu cinsel normlara odaklan\u0131yor, antik d\u00f6nemdeki haz ve beden anlay\u0131\u015f\u0131ndan H\u0131ristiyanl\u0131\u011f\u0131n ilk y\u00fczy\u0131llar\u0131ndaki ten ve ruhaniyet anlay\u0131\u015flar\u0131na ge\u00e7i\u015flerin ve kopu\u015flar\u0131n izini s\u00fcr\u00fcyor, kendinin ve ba\u015fkalar\u0131n\u0131n y\u00f6netiminin H\u0131ristiyanl\u0131kta cinsellik \u00fczerinden nas\u0131l sorunsalla\u015ft\u0131r\u0131ld\u0131\u011f\u0131n\u0131 g\u00f6steriyor ve burada ortaya \u00e7\u0131kan pratiklerin ve kavramlar\u0131n Bat\u0131\u2019daki cinsellik ve \u00f6znellik deneyimlerini tarihsel olarak nas\u0131l etkiledi\u011fine i\u015faret ediyor. Tenin \u0130tiraflar\u0131\u2019yla tamam\u0131na eren \u201cCinselli\u011fin Tarihi\u201d projesi Foucault\u2019nun d\u00fc\u015f\u00fcncesinde e\u015fsiz bir u\u011frak olarak okunabilece\u011fi gibi, g\u00fcn\u00fcm\u00fcz d\u00fcnyas\u0131nda bedenin bak\u0131m\u0131ndan ruhun bak\u0131m\u0131na her t\u00fcrl\u00fc s\u00f6ylemin \u00fcretildi\u011fi ki\u015fisel geli\u015fim \u00e7\u0131lg\u0131nl\u0131\u011f\u0131na alternatif bir ya\u015fam k\u0131lavuzlar\u0131 arkeolojisi olarak da okunabilir. <\/p>\n","protected":false},"excerpt":{"rendered":"<p>Michel Foucault\u2019nun iktidar, benlik ve cinsellik \u00fczerine d\u00fc\u015f\u00fcncelerimizi ve varsay\u0131mlar\u0131m\u0131z\u0131 sonsuza dek de\u011fi\u015ftiren \u201cCinselli\u011fin Tarihi\u201d projesinin d\u00f6rd\u00fcnc\u00fc ve son kitab\u0131 Tenin \u0130tiraflar\u0131 Murat Er\u015fen\u2019in \u00e7evirisiyle, O\u011fuz<span class=\"excerpt-hellip\"> [\u2026]<\/span><\/p>\n","protected":false},"featured_media":0,"template":"","meta":{"_monsterinsights_skip_tracking":false,"_monsterinsights_sitenote_active":false,"_monsterinsights_sitenote_note":"","_monsterinsights_sitenote_category":0},"product_brand":[],"product_cat":[35288,13365],"product_tag":[],"class_list":{"0":"post-743986","1":"product","2":"type-product","3":"status-publish","5":"product_cat-cinsellik-saglik","6":"product_cat-saglik","7":"pa_cilt-ciltsiz","8":"pa_tur-kitap","9":"pa_yayinevi-ayrinti-yayinlari","10":"pa_yazar-michel-foucault","12":"first","13":"instock","14":"sale","15":"shipping-taxable","16":"purchasable","17":"product-type-simple"},"_links":{"self":[{"href":"https:\/\/roveyayinevi.com.tr\/index.php\/wp-json\/wp\/v2\/product\/743986","targetHints":{"allow":["GET"]}}],"collection":[{"href":"https:\/\/roveyayinevi.com.tr\/index.php\/wp-json\/wp\/v2\/product"}],"about":[{"href":"https:\/\/roveyayinevi.com.tr\/index.php\/wp-json\/wp\/v2\/types\/product"}],"wp:attachment":[{"href":"https:\/\/roveyayinevi.com.tr\/index.php\/wp-json\/wp\/v2\/media?parent=743986"}],"wp:term":[{"taxonomy":"product_brand","embeddable":true,"href":"https:\/\/roveyayinevi.com.tr\/index.php\/wp-json\/wp\/v2\/product_brand?post=743986"},{"taxonomy":"product_cat","embeddable":true,"href":"https:\/\/roveyayinevi.com.tr\/index.php\/wp-json\/wp\/v2\/product_cat?post=743986"},{"taxonomy":"product_tag","embeddable":true,"href":"https:\/\/roveyayinevi.com.tr\/index.php\/wp-json\/wp\/v2\/product_tag?post=743986"}],"curies":[{"name":"wp","href":"https:\/\/api.w.org\/{rel}","templated":true}]}}