{"id":743985,"date":"2025-08-28T01:47:00","date_gmt":"2025-08-27T22:47:00","guid":{"rendered":"https:\/\/roveyayinevi.com.tr\/index.php\/urun\/elizabeth-finch\/"},"modified":"2026-04-16T02:55:37","modified_gmt":"2026-04-15T23:55:37","slug":"elizabeth-finch","status":"publish","type":"product","link":"https:\/\/roveyayinevi.com.tr\/index.php\/urun\/elizabeth-finch\/","title":{"rendered":"Elizabeth Finch"},"content":{"rendered":"<p>Julian Barnes, son roman\u0131 Elizabeth Finch\u2019de, demirba\u015f izleklerinden biri olan a\u015fk\/ger\u00e7ek (hakikat) ili\u015fkisini bir kez daha g\u00fcndeme getirerek bizleri zorlu bir ahlaki sorgulamaya davet ediyor: a\u015fk salt \u201cmutluluk\u201dla ilintili bir duygu mudur, yoksa daha \u00e7ok \u201cger\u00e7ek\u201dle, \u201chakikat\u201dle mi girift ba\u011flar i\u00e7indedir? Kendimize \u00e7\u0131k\u0131\u015f noktas\u0131 olarak \u201cyapayl\u0131\u011f\u0131\u201d almak yoluyla hayata kar\u015f\u0131 daha gelenek d\u0131\u015f\u0131 ve bir o kadar da \u201csahici\u201d bir bak\u0131\u015f a\u00e7\u0131s\u0131 geli\u015ftirebilir miyiz? Ve sanat, edebiyat bize bu aray\u0131\u015f\u0131m\u0131zda ne kadar yol g\u00f6sterebilir? Roman\u0131n ba\u015fkahraman\u0131 Neil, gen\u00e7li\u011finde kat\u0131ld\u0131\u011f\u0131 bir vak\u0131f kursunda son derece kendine \u00f6zg\u00fc bir hocan\u0131n \u00f6\u011frencisi olur ve ona gitgide daha \u00e7ok \u201cba\u011flan\u0131r\u201d. Elizabeth Finch\u2019in \u00f6l\u00fcm\u00fc \u00fczerine derslerde i\u015fledikleri konular\u0131, Finch\u2019in ki\u015fisel notlar\u0131n\u0131 ve birlikte ge\u00e7irdikleri \u00f6\u011fle yemeklerini d\u00fc\u015f\u00fcn\u00fcr. \u201cGe\u00e7mi\u015fimizi yanl\u0131\u015f yorumlamak insan olman\u0131n bir par\u00e7as\u0131\u201dysa, Neil kendi pay\u0131na d\u00fc\u015fen ge\u00e7mi\u015f ve belle\u011findekilerle ne yapacakt\u0131r? Elizabeth Finch\u2019in onda uyand\u0131rd\u0131\u011f\u0131 duygular ve \u201cgizemli\u201d ki\u015fili\u011finin s\u0131rlar\u0131n\u0131 ve onun hayattaki ahlaki \u201cduru\u015funu\u201d anlamaya y\u00f6nelir. Bu y\u00f6neli\u015f bir bak\u0131ma, bir \u201ci\u00e7 sorgulama\u201d, bir \u201cy\u00fczle\u015fmedir\u201d&#8230; Julian Barnes, bu son roman\u0131nda, bir yandan geleneksel tarihsel anlat\u0131lar\u0131n g\u00fcndemine hi\u00e7bir zaman girmeyen kimi \u201cvarolu\u015fsal\u201d durumlar\u0131 g\u00fcn \u0131\u015f\u0131\u011f\u0131na \u00e7\u0131karma konusundaki ustal\u0131\u011f\u0131n\u0131 g\u00f6sterirken, bir yandan da s\u00fcr\u00fckleyici ve e\u011flenceli bir kurmaca yazarl\u0131\u011f\u0131 ortaya koyuyor. Elizabeth Finch sadece \u00e7arp\u0131c\u0131 bir hik\u00e2ye de\u011fil, ayn\u0131 zamanda sanat\u0131n sahicili\u011fi ve edebiyat\u0131n ufku \u00fczerine giri\u015filen zorlu bir aray\u0131\u015f \u00e7abas\u0131. <\/p>\n","protected":false},"excerpt":{"rendered":"<p>Julian Barnes, son roman\u0131 Elizabeth Finch\u2019de, demirba\u015f izleklerinden biri olan a\u015fk\/ger\u00e7ek (hakikat) ili\u015fkisini bir kez daha g\u00fcndeme getirerek bizleri zorlu bir ahlaki sorgulamaya davet ediyor: a\u015fk<span class=\"excerpt-hellip\"> [\u2026]<\/span><\/p>\n","protected":false},"featured_media":0,"template":"","meta":{"_monsterinsights_skip_tracking":false,"_monsterinsights_sitenote_active":false,"_monsterinsights_sitenote_note":"","_monsterinsights_sitenote_category":0},"product_brand":[],"product_cat":[12291,18202],"product_tag":[],"class_list":{"0":"post-743985","1":"product","2":"type-product","3":"status-publish","5":"product_cat-edebiyat","6":"product_cat-hikaye","7":"pa_cilt-ciltsiz","8":"pa_tur-kitap","9":"pa_yayinevi-ayrinti-yayinlari","10":"pa_yazar-julian-barnes","12":"first","13":"instock","14":"sale","15":"shipping-taxable","16":"purchasable","17":"product-type-simple"},"_links":{"self":[{"href":"https:\/\/roveyayinevi.com.tr\/index.php\/wp-json\/wp\/v2\/product\/743985","targetHints":{"allow":["GET"]}}],"collection":[{"href":"https:\/\/roveyayinevi.com.tr\/index.php\/wp-json\/wp\/v2\/product"}],"about":[{"href":"https:\/\/roveyayinevi.com.tr\/index.php\/wp-json\/wp\/v2\/types\/product"}],"wp:attachment":[{"href":"https:\/\/roveyayinevi.com.tr\/index.php\/wp-json\/wp\/v2\/media?parent=743985"}],"wp:term":[{"taxonomy":"product_brand","embeddable":true,"href":"https:\/\/roveyayinevi.com.tr\/index.php\/wp-json\/wp\/v2\/product_brand?post=743985"},{"taxonomy":"product_cat","embeddable":true,"href":"https:\/\/roveyayinevi.com.tr\/index.php\/wp-json\/wp\/v2\/product_cat?post=743985"},{"taxonomy":"product_tag","embeddable":true,"href":"https:\/\/roveyayinevi.com.tr\/index.php\/wp-json\/wp\/v2\/product_tag?post=743985"}],"curies":[{"name":"wp","href":"https:\/\/api.w.org\/{rel}","templated":true}]}}