{"id":743984,"date":"2025-08-28T01:46:59","date_gmt":"2025-08-27T22:46:59","guid":{"rendered":"https:\/\/roveyayinevi.com.tr\/index.php\/urun\/buyuk-geri-tepme-populizm-ve-pandemi-sonrasi-politika\/"},"modified":"2026-04-16T02:55:37","modified_gmt":"2026-04-15T23:55:37","slug":"buyuk-geri-tepme-populizm-ve-pandemi-sonrasi-politika","status":"publish","type":"product","link":"https:\/\/roveyayinevi.com.tr\/index.php\/urun\/buyuk-geri-tepme-populizm-ve-pandemi-sonrasi-politika\/","title":{"rendered":"B\u00fcy\u00fck Geri Tepme &#8211; Pop\u00fclizm ve Pandemi Sonras\u0131 Politika"},"content":{"rendered":"<p>Koronavir\u00fcs, neoliberalizmin sonunu mu getiriyor? Kitap, sosyalist solun bu krizle gelen ve \u00e7\u00f6k\u00fc\u015f gibi g\u00f6r\u00fcnen yeni ba\u015flang\u0131c\u0131 f\u0131rsata \u00e7evirip \u00e7evirmeyece\u011fini iyimserlikle sorguluyor. Neoliberalizm, nam-\u0131 di\u011fer k\u00fcreselle\u015fme, \u00e7\u00f6k\u00fc\u015f evresine ge\u00e7tiyse yerine ne gelecek? B\u00fcy\u00fck Geri Tepme bu sorulara cevap ararken bir dizi kar\u015f\u0131t ikili\u011fi, Hegelci tez-antitez-sentez \u00fc\u00e7geninde inceliyor. Yazara g\u00f6re bu \u00e7a\u011f B\u00fcy\u00fck Geri Tepme \u00c7a\u011f\u0131\u2019d\u0131r ve kar\u0131ncayiyen taraf\u0131ndan sembolize edilir. Kar\u0131ncayiyenin sald\u0131rganl\u0131\u011fa ba\u015fvurmamas\u0131, kendi kendini savunmak i\u00e7in d\u00fc\u015fman\u0131n\u0131 bar\u0131\u015f\u00e7\u0131l y\u00f6ntemlerle kendinden itmesi, neoliberalizmin gerileyi\u015fiyle birlikte toplumun kendi kendini tefekk\u00fcr ederek i\u00e7e d\u00f6nme a\u015famas\u0131na ge\u00e7ti\u011fi momenti imleyen B\u00fcy\u00fck Geri Tepme \u00c7a\u011f\u0131\u2019nda anlaml\u0131 bir benzetmedir. Bu fig\u00fcr\u00fcn se\u00e7ilmesinin bir di\u011fer nedeni de salg\u0131n\u0131n kar\u0131ncayiyenden t\u00fcredi\u011fini iddia eden komplo teorileridir. Gerbaudo, yeni devlet\u00e7ili\u011fi \u00fc\u00e7 nirengi noktas\u0131na ba\u011flayarak inceler: egemenlik, koruma ve kontrol. Sa\u011f cenah\u0131n savundu\u011fu egemenlik\u00e7ilik ad\u0131 verilen ak\u0131m, egemenli\u011fi ulus devlet mekanizmas\u0131na dayanarak toprak \u00fczerindeki egemenlik meselesi olarak ele al\u0131rken, sosyalist sol egemenli\u011fi halk\u0131n egemenli\u011fi olarak kurguluyor. Sosyalist sol, neoliberal d\u00fczenin akt\u00f6r\u00fc elitlerin yol a\u00e7t\u0131\u011f\u0131 derin gelir e\u015fitsizliklerini Keynes\u00e7i sosyal demokrat ekonomik reform ba\u011flam\u0131nda azaltarak, k\u0131sacas\u0131 zenginin elinden al\u0131p i\u015f\u00e7i s\u0131n\u0131f\u0131na ve kamu hizmetlerine aktararak halk\u0131 zenginden korumaya odaklan\u0131yor. Koruman\u0131n pratikteki tezah\u00fcr\u00fc olan kontrolden anla\u015f\u0131lan ise devletin uygulad\u0131\u011f\u0131 s\u0131n\u0131r kontrolleri, \u00e7evre kontrolleri, sermaye kontrolleridir. Neoliberalizm, emek ile servet aras\u0131ndaki ba\u011f\u0131nt\u0131da sermaye ak\u0131\u015flar\u0131ndaki devlet denetiminin b\u00fcy\u00fck \u00f6l\u00e7\u00fcde azalt\u0131lmas\u0131, g\u00fcmr\u00fck vergilerinin b\u00fcy\u00fck \u00f6l\u00e7\u00fcde kald\u0131r\u0131lmas\u0131 gibi kontrolleri asgariye indirgeyen giri\u015fimci, a\u00e7\u0131kl\u0131\u011fa dayanan eksopolitikaya dayand\u0131\u011f\u0131ndan koruman\u0131n ba\u015f d\u00fc\u015fman\u0131d\u0131r. Ulusal sa\u011f\u0131n buna kar\u015f\u0131 geli\u015ftirdi\u011fi politika \u201cbireysel m\u00fclkiyet\u00e7ilik\u201d oldu\u011fundan kendini i\u015f\u00e7i dostu gibi g\u00f6sterse de, vergilendirmelerle ilgili radikal bir yol izlememesinin de g\u00f6sterdi\u011fi \u00fczere ilerici sosyalist sol ile yollar\u0131 ayr\u0131l\u0131r. Sol ise, buna kar\u015f\u0131l\u0131k iklim de\u011fi\u015fiklikleri ile ilgili politikalardan, gelir adaletsizli\u011fine kar\u015f\u0131 yeni kontrol mekanizmalar\u0131 benimseyen aktivist devlet anlay\u0131\u015f\u0131n\u0131 i\u00e7eren toplumsal korumac\u0131l\u0131\u011fa dayan\u0131r. B\u00fcy\u00fck Geri Tepme, egemenlik sorunsal\u0131n\u0131 antik\u00e7a\u011f premodern d\u00f6neme dek Platon\u2019dan Hobbes\u2019a ve Rousseau\u2019ya bir dizi siyaset felsefecisinin egemenlik teorilerine dayand\u0131r\u0131yor. Ayr\u0131ca Friedrich Hayek, Karl Popper ve Ludwig von Mises gibi bir dizi neoliberal kuramc\u0131n\u0131n kuramlar\u0131n\u0131 ele\u015ftirel bir g\u00f6zle inceliyor. Bu kitap sadece koronavir\u00fcs ile de\u011fil, salg\u0131ndan sonra ekonominin nereye varaca\u011f\u0131 ve iklim de\u011fi\u015fikli\u011fi gibi bir dizi \u00f6nemli soruyu da i\u00e7inde bar\u0131nd\u0131rd\u0131\u011f\u0131ndan uzun s\u00fcre g\u00fcndemden d\u00fc\u015fmeyecek. <\/p>\n","protected":false},"excerpt":{"rendered":"<p>Koronavir\u00fcs, neoliberalizmin sonunu mu getiriyor? Kitap, sosyalist solun bu krizle gelen ve \u00e7\u00f6k\u00fc\u015f gibi g\u00f6r\u00fcnen yeni ba\u015flang\u0131c\u0131 f\u0131rsata \u00e7evirip \u00e7evirmeyece\u011fini iyimserlikle sorguluyor. Neoliberalizm, nam-\u0131 di\u011fer k\u00fcreselle\u015fme,<span class=\"excerpt-hellip\"> [\u2026]<\/span><\/p>\n","protected":false},"featured_media":0,"template":"","meta":{"_monsterinsights_skip_tracking":false,"_monsterinsights_sitenote_active":false,"_monsterinsights_sitenote_note":"","_monsterinsights_sitenote_category":0},"product_brand":[],"product_cat":[12388,15536],"product_tag":[],"class_list":{"0":"post-743984","1":"product","2":"type-product","3":"status-publish","5":"product_cat-felsefe","6":"product_cat-siyaset-felsefesi","7":"pa_cilt-ciltsiz","8":"pa_tur-kitap","9":"pa_yayinevi-ayrinti-yayinlari","10":"pa_yazar-paolo-gerbaudo","12":"first","13":"instock","14":"sale","15":"shipping-taxable","16":"purchasable","17":"product-type-simple"},"_links":{"self":[{"href":"https:\/\/roveyayinevi.com.tr\/index.php\/wp-json\/wp\/v2\/product\/743984","targetHints":{"allow":["GET"]}}],"collection":[{"href":"https:\/\/roveyayinevi.com.tr\/index.php\/wp-json\/wp\/v2\/product"}],"about":[{"href":"https:\/\/roveyayinevi.com.tr\/index.php\/wp-json\/wp\/v2\/types\/product"}],"wp:attachment":[{"href":"https:\/\/roveyayinevi.com.tr\/index.php\/wp-json\/wp\/v2\/media?parent=743984"}],"wp:term":[{"taxonomy":"product_brand","embeddable":true,"href":"https:\/\/roveyayinevi.com.tr\/index.php\/wp-json\/wp\/v2\/product_brand?post=743984"},{"taxonomy":"product_cat","embeddable":true,"href":"https:\/\/roveyayinevi.com.tr\/index.php\/wp-json\/wp\/v2\/product_cat?post=743984"},{"taxonomy":"product_tag","embeddable":true,"href":"https:\/\/roveyayinevi.com.tr\/index.php\/wp-json\/wp\/v2\/product_tag?post=743984"}],"curies":[{"name":"wp","href":"https:\/\/api.w.org\/{rel}","templated":true}]}}