{"id":743983,"date":"2025-08-28T01:46:58","date_gmt":"2025-08-27T22:46:58","guid":{"rendered":"https:\/\/roveyayinevi.com.tr\/index.php\/urun\/babalar-ve-ogullar-13\/"},"modified":"2026-04-03T02:59:07","modified_gmt":"2026-04-02T23:59:07","slug":"babalar-ve-ogullar-13","status":"publish","type":"product","link":"https:\/\/roveyayinevi.com.tr\/index.php\/urun\/babalar-ve-ogullar-13\/","title":{"rendered":"Babalar ve O\u011fullar"},"content":{"rendered":"<p>T\u00fcrkiye\u2019de radyoculuk mesle\u011finin kilometre ta\u015flar\u0131ndan biri olan Nihat S\u0131rdar, yaz\u0131n alan\u0131ndaki yetkinli\u011fini Babalar ve O\u011fullar ile ta\u00e7land\u0131r\u0131yor. \u201cY\u0131llar sonra bu kitab\u0131 okuyanlar belki \u015fa\u015f\u0131racaklar. Bizim \u0130spanyol gribi salg\u0131n\u0131 zaman\u0131 tak\u0131lan garip maskeleri g\u00f6rd\u00fc\u011f\u00fcm\u00fczde verdi\u011fimiz tepkiyi verecekler. Ama ya\u015fanaca\u011f\u0131 varm\u0131\u015f, ya\u015fad\u0131k, ge\u00e7ti, ge\u00e7iyor\u2026 Hayat her g\u00fcn hi\u00e7 olmayacakm\u0131\u015f gibi gelen \u015feyler g\u00f6steriyor bize. G\u00f6r\u00fcyor, ya\u015f\u0131yor, anlat\u0131yor ve yaz\u0131yorum ben de. H\u00e2l\u00e2 hat\u0131rlayabiliyorken yazmak laz\u0131m.\u201d<\/p>\n","protected":false},"excerpt":{"rendered":"<p>T\u00fcrkiye\u2019de radyoculuk mesle\u011finin kilometre ta\u015flar\u0131ndan biri olan Nihat S\u0131rdar, yaz\u0131n alan\u0131ndaki yetkinli\u011fini Babalar ve O\u011fullar ile ta\u00e7land\u0131r\u0131yor. \u201cY\u0131llar sonra bu kitab\u0131 okuyanlar belki \u015fa\u015f\u0131racaklar. Bizim \u0130spanyol<span class=\"excerpt-hellip\"> [\u2026]<\/span><\/p>\n","protected":false},"featured_media":0,"template":"","meta":{"_monsterinsights_skip_tracking":false,"_monsterinsights_sitenote_active":false,"_monsterinsights_sitenote_note":"","_monsterinsights_sitenote_category":0},"product_brand":[],"product_cat":[12777,12291],"product_tag":[],"class_list":{"0":"post-743983","1":"product","2":"type-product","3":"status-publish","5":"product_cat-deneme","6":"product_cat-edebiyat","7":"pa_cilt-ciltsiz","8":"pa_tur-kitap","9":"pa_yayinevi-inkilap-kitabevi","10":"pa_yazar-nihat-sirdar","12":"first","13":"instock","14":"sale","15":"shipping-taxable","16":"purchasable","17":"product-type-simple"},"_links":{"self":[{"href":"https:\/\/roveyayinevi.com.tr\/index.php\/wp-json\/wp\/v2\/product\/743983","targetHints":{"allow":["GET"]}}],"collection":[{"href":"https:\/\/roveyayinevi.com.tr\/index.php\/wp-json\/wp\/v2\/product"}],"about":[{"href":"https:\/\/roveyayinevi.com.tr\/index.php\/wp-json\/wp\/v2\/types\/product"}],"wp:attachment":[{"href":"https:\/\/roveyayinevi.com.tr\/index.php\/wp-json\/wp\/v2\/media?parent=743983"}],"wp:term":[{"taxonomy":"product_brand","embeddable":true,"href":"https:\/\/roveyayinevi.com.tr\/index.php\/wp-json\/wp\/v2\/product_brand?post=743983"},{"taxonomy":"product_cat","embeddable":true,"href":"https:\/\/roveyayinevi.com.tr\/index.php\/wp-json\/wp\/v2\/product_cat?post=743983"},{"taxonomy":"product_tag","embeddable":true,"href":"https:\/\/roveyayinevi.com.tr\/index.php\/wp-json\/wp\/v2\/product_tag?post=743983"}],"curies":[{"name":"wp","href":"https:\/\/api.w.org\/{rel}","templated":true}]}}