{"id":743982,"date":"2025-08-28T01:46:57","date_gmt":"2025-08-27T22:46:57","guid":{"rendered":"https:\/\/roveyayinevi.com.tr\/index.php\/urun\/saglik-ve-zindelik-kuluplerinde-musteri-sadakati-ve-bilesenleri\/"},"modified":"2026-04-16T02:55:37","modified_gmt":"2026-04-15T23:55:37","slug":"saglik-ve-zindelik-kuluplerinde-musteri-sadakati-ve-bilesenleri","status":"publish","type":"product","link":"https:\/\/roveyayinevi.com.tr\/index.php\/urun\/saglik-ve-zindelik-kuluplerinde-musteri-sadakati-ve-bilesenleri\/","title":{"rendered":"Sa\u011fl\u0131k ve Zindelik Kul\u00fcplerinde M\u00fc\u015fteri Sadakati ve Bile\u015fenleri"},"content":{"rendered":"<p>\u00b7         Sa\u011fl\u0131k ve Zindelik Kul\u00fcpleri \u00b7         Zaman Kavram\u0131 \u00b7         Serbest Zaman Kavram\u0131 \u00b7         Serbest Zaman\u0131n Tarihsel Geli\u015fimi \u00b7         Serbest Zaman Kuramlar\u0131 \u00b7         Ak\u0131\u015f Kuram\u0131 \u00b7         Ciddi Serbest Zaman Kuram\u0131 \u00b7         Hiyerar\u015fik Serbest Zaman Engelleri Kuram\u0131 \u00b7         Feminist Serbest Zaman Kuram\u0131 \u00b7         Rekreasyon Kavram\u0131 \u00b7         Rekreasyonun \u00d6zellikleri \u00b7         Rekreasyonun S\u0131n\u0131fland\u0131r\u0131lmas\u0131 \u00b7         Rekreasyonun \u0130htiyac\u0131 \u00b7         Rekreasyonun Faydalar\u0131 \u00b7         Serbest Zaman Doyumu \u00b7         Serbest Zaman Doyumunu Etkileyen Fakt\u00f6rler \u00b7         Sosyal Sermaye Kavram\u0131 \u00b7         Rekreasyon ve Spor\u2019da Sosyal Sermaye \u00b7         Serbest Zaman Aktivitelerine Kat\u0131l\u0131m ve Sosyal Sermaye \u0130li\u015fkisi \u00b7         M\u00fc\u015fteri Sadakati Kavram\u0131 \u00b7         M\u00fc\u015fteri Sadakati \u00b7         M\u00fc\u015fteri Sadakatine Etki Eden Fakt\u00f6rler \u00b7         M\u00fc\u015fteri Sadakatinin \u0130\u015fletmeler A\u00e7\u0131s\u0131ndan \u00d6nemi \u00b7         Serbest Zaman Aktivitelerine Kat\u0131l\u0131m ve M\u00fc\u015fteri Sadakati \u0130li\u015fkisi \u00b7         Konuyla \u0130gili Yap\u0131lm\u0131\u015f Ara\u015ft\u0131rmalar \u00b7         Konuyla \u0130lgili Yap\u0131lm\u0131\u015f Ulusal Ara\u015ft\u0131rmalar \u00b7         Konuyla \u0130lgili Yap\u0131lm\u0131\u015f Uluslararas\u0131 Ara\u015ft\u0131rmalar \u00b7         Literat\u00fcr Taramas\u0131n\u0131n Sonucu   <\/p>\n","protected":false},"excerpt":{"rendered":"<p>\u00b7 Sa\u011fl\u0131k ve Zindelik Kul\u00fcpleri \u00b7 Zaman Kavram\u0131 \u00b7 Serbest Zaman Kavram\u0131 \u00b7 Serbest Zaman\u0131n Tarihsel Geli\u015fimi \u00b7 Serbest Zaman Kuramlar\u0131 \u00b7 Ak\u0131\u015f Kuram\u0131 \u00b7 Ciddi<span class=\"excerpt-hellip\"> [\u2026]<\/span><\/p>\n","protected":false},"featured_media":0,"template":"","meta":{"_monsterinsights_skip_tracking":false,"_monsterinsights_sitenote_active":false,"_monsterinsights_sitenote_note":"","_monsterinsights_sitenote_category":0},"product_brand":[],"product_cat":[13366,13365],"product_tag":[],"class_list":{"0":"post-743982","1":"product","2":"type-product","3":"status-publish","5":"product_cat-diger-saglik","6":"product_cat-saglik","7":"pa_cilt-ciltsiz","8":"pa_tur-kitap","9":"pa_yayinevi-gazi-kitabevi","10":"pa_yazar-umut-nalbant","12":"first","13":"instock","14":"sale","15":"shipping-taxable","16":"purchasable","17":"product-type-simple"},"_links":{"self":[{"href":"https:\/\/roveyayinevi.com.tr\/index.php\/wp-json\/wp\/v2\/product\/743982","targetHints":{"allow":["GET"]}}],"collection":[{"href":"https:\/\/roveyayinevi.com.tr\/index.php\/wp-json\/wp\/v2\/product"}],"about":[{"href":"https:\/\/roveyayinevi.com.tr\/index.php\/wp-json\/wp\/v2\/types\/product"}],"wp:attachment":[{"href":"https:\/\/roveyayinevi.com.tr\/index.php\/wp-json\/wp\/v2\/media?parent=743982"}],"wp:term":[{"taxonomy":"product_brand","embeddable":true,"href":"https:\/\/roveyayinevi.com.tr\/index.php\/wp-json\/wp\/v2\/product_brand?post=743982"},{"taxonomy":"product_cat","embeddable":true,"href":"https:\/\/roveyayinevi.com.tr\/index.php\/wp-json\/wp\/v2\/product_cat?post=743982"},{"taxonomy":"product_tag","embeddable":true,"href":"https:\/\/roveyayinevi.com.tr\/index.php\/wp-json\/wp\/v2\/product_tag?post=743982"}],"curies":[{"name":"wp","href":"https:\/\/api.w.org\/{rel}","templated":true}]}}