{"id":743978,"date":"2025-08-28T01:46:51","date_gmt":"2025-08-27T22:46:51","guid":{"rendered":"https:\/\/roveyayinevi.com.tr\/index.php\/urun\/matematik-dunyasi-dergisi-sayi113\/"},"modified":"2026-04-16T02:55:37","modified_gmt":"2026-04-15T23:55:37","slug":"matematik-dunyasi-dergisi-sayi113","status":"publish","type":"product","link":"https:\/\/roveyayinevi.com.tr\/index.php\/urun\/matematik-dunyasi-dergisi-sayi113\/","title":{"rendered":"Matematik D\u00fcnyas\u0131 Dergisi Say\u0131:113"},"content":{"rendered":"<p>113. say\u0131m\u0131z \u00e7\u0131kt\u0131! Ka\u011fan Kur\u015fung\u00f6z\u2019\u00fcn haz\u0131rlad\u0131\u011f\u0131 kapak konumuz Sayma. Ayr\u0131ca IMBM \u00f6zel b\u00f6l\u00fcm\u00fcm\u00fcz de bu say\u0131da. IMBM \u00f6zel b\u00f6l\u00fcm\u00fc \/ A\u00dc Matematik\u2019in ilk 25 y\u0131l\u0131 \/ \u015eirince ak\u015fam sofras\u0131 III \/ Geometrik yer problemleri 3 \/ John Selden \/ Matematik\u00e7ilerin genel kurullar\u0131 \/ 26. Ulusal Antalya Olimpiyat\u0131 II \/ E\u011fitim K\u00f6\u015fesi: Olas\u0131l\u0131k \u00f6\u011fretimi \/ E\u011fitim K\u00f6\u015fesi: \u0130n\u015fa problemleri \/ Kapak Konusu: (1) Say\u0131 saymal\u0131 kombinatorik (2) \u00dcrete\u00e7 fonksiyonlar\u0131 (3) \u00d6zel sayma dizileri (4) \u00d6r\u00fcnt\u00fcden ka\u00e7\u0131nma (5) Asimptotik metodlar (6) \u00c7izgeleri saymak (7) MacMohan\u2019\u0131n par\u00e7alan\u0131\u015f analizi <\/p>\n","protected":false},"excerpt":{"rendered":"<p>113. say\u0131m\u0131z \u00e7\u0131kt\u0131! Ka\u011fan Kur\u015fung\u00f6z\u2019\u00fcn haz\u0131rlad\u0131\u011f\u0131 kapak konumuz Sayma. Ayr\u0131ca IMBM \u00f6zel b\u00f6l\u00fcm\u00fcm\u00fcz de bu say\u0131da. IMBM \u00f6zel b\u00f6l\u00fcm\u00fc \/ A\u00dc Matematik\u2019in ilk 25 y\u0131l\u0131 \/<span class=\"excerpt-hellip\"> [\u2026]<\/span><\/p>\n","protected":false},"featured_media":0,"template":"","meta":{"_monsterinsights_skip_tracking":false,"_monsterinsights_sitenote_active":false,"_monsterinsights_sitenote_note":"","_monsterinsights_sitenote_category":0},"product_brand":[],"product_cat":[22249,13527],"product_tag":[],"class_list":{"0":"post-743978","1":"product","2":"type-product","3":"status-publish","5":"product_cat-bilim","6":"product_cat-sureli-yayinlar","7":"pa_cilt-ciltsiz","8":"pa_tur-dergi","9":"pa_yayinevi-nesin-yayinlari","10":"pa_yazar-kolektif","12":"first","13":"instock","14":"sale","15":"shipping-taxable","16":"purchasable","17":"product-type-simple"},"_links":{"self":[{"href":"https:\/\/roveyayinevi.com.tr\/index.php\/wp-json\/wp\/v2\/product\/743978","targetHints":{"allow":["GET"]}}],"collection":[{"href":"https:\/\/roveyayinevi.com.tr\/index.php\/wp-json\/wp\/v2\/product"}],"about":[{"href":"https:\/\/roveyayinevi.com.tr\/index.php\/wp-json\/wp\/v2\/types\/product"}],"wp:attachment":[{"href":"https:\/\/roveyayinevi.com.tr\/index.php\/wp-json\/wp\/v2\/media?parent=743978"}],"wp:term":[{"taxonomy":"product_brand","embeddable":true,"href":"https:\/\/roveyayinevi.com.tr\/index.php\/wp-json\/wp\/v2\/product_brand?post=743978"},{"taxonomy":"product_cat","embeddable":true,"href":"https:\/\/roveyayinevi.com.tr\/index.php\/wp-json\/wp\/v2\/product_cat?post=743978"},{"taxonomy":"product_tag","embeddable":true,"href":"https:\/\/roveyayinevi.com.tr\/index.php\/wp-json\/wp\/v2\/product_tag?post=743978"}],"curies":[{"name":"wp","href":"https:\/\/api.w.org\/{rel}","templated":true}]}}