{"id":743973,"date":"2025-08-28T01:46:45","date_gmt":"2025-08-27T22:46:45","guid":{"rendered":"https:\/\/roveyayinevi.com.tr\/index.php\/urun\/turk-hikayesi-tahlilleri\/"},"modified":"2026-04-16T02:55:37","modified_gmt":"2026-04-15T23:55:37","slug":"turk-hikayesi-tahlilleri","status":"publish","type":"product","link":"https:\/\/roveyayinevi.com.tr\/index.php\/urun\/turk-hikayesi-tahlilleri\/","title":{"rendered":"T\u00fcrk Hik\u00e2yesi Tahlilleri"},"content":{"rendered":"<p>T\u00fcrk hik\u00e2yesi olduk\u00e7a zengin bir birikime ve de\u011fere sahiptir. Bu kitapta hem hik\u00e2ye t\u00fcr\u00fc ile ilgili kuramsal bilgi verilmi\u015f, hem de Tanzimat\u2019tan g\u00fcn\u00fcm\u00fcze kadar gelen s\u00fcre\u00e7te t\u00fcr\u00fc temsil niteli\u011fine sahip olup se\u00e7ilen 32 T\u00fcrk hik\u00e2yesi yeni bir y\u00f6ntemle tahlil edilmi\u015ftir. <\/p>\n","protected":false},"excerpt":{"rendered":"<p>T\u00fcrk hik\u00e2yesi olduk\u00e7a zengin bir birikime ve de\u011fere sahiptir. Bu kitapta hem hik\u00e2ye t\u00fcr\u00fc ile ilgili kuramsal bilgi verilmi\u015f, hem de Tanzimat\u2019tan g\u00fcn\u00fcm\u00fcze kadar gelen s\u00fcre\u00e7te<span class=\"excerpt-hellip\"> [\u2026]<\/span><\/p>\n","protected":false},"featured_media":0,"template":"","meta":{"_monsterinsights_skip_tracking":false,"_monsterinsights_sitenote_active":false,"_monsterinsights_sitenote_note":"","_monsterinsights_sitenote_category":0},"product_brand":[],"product_cat":[13072,12291],"product_tag":[],"class_list":{"0":"post-743973","1":"product","2":"type-product","3":"status-publish","5":"product_cat-arastirma-inceleme-referans","6":"product_cat-edebiyat","7":"pa_cilt-ciltsiz","8":"pa_tur-kitap","9":"pa_yayinevi-korkut-yayinlari","10":"pa_yazar-nurullah-cetin","12":"first","13":"instock","14":"sale","15":"shipping-taxable","16":"purchasable","17":"product-type-simple"},"_links":{"self":[{"href":"https:\/\/roveyayinevi.com.tr\/index.php\/wp-json\/wp\/v2\/product\/743973","targetHints":{"allow":["GET"]}}],"collection":[{"href":"https:\/\/roveyayinevi.com.tr\/index.php\/wp-json\/wp\/v2\/product"}],"about":[{"href":"https:\/\/roveyayinevi.com.tr\/index.php\/wp-json\/wp\/v2\/types\/product"}],"wp:attachment":[{"href":"https:\/\/roveyayinevi.com.tr\/index.php\/wp-json\/wp\/v2\/media?parent=743973"}],"wp:term":[{"taxonomy":"product_brand","embeddable":true,"href":"https:\/\/roveyayinevi.com.tr\/index.php\/wp-json\/wp\/v2\/product_brand?post=743973"},{"taxonomy":"product_cat","embeddable":true,"href":"https:\/\/roveyayinevi.com.tr\/index.php\/wp-json\/wp\/v2\/product_cat?post=743973"},{"taxonomy":"product_tag","embeddable":true,"href":"https:\/\/roveyayinevi.com.tr\/index.php\/wp-json\/wp\/v2\/product_tag?post=743973"}],"curies":[{"name":"wp","href":"https:\/\/api.w.org\/{rel}","templated":true}]}}