{"id":743972,"date":"2025-08-28T01:46:44","date_gmt":"2025-08-27T22:46:44","guid":{"rendered":"https:\/\/roveyayinevi.com.tr\/index.php\/urun\/ela-kedili-ziyaret\/"},"modified":"2026-04-16T02:55:37","modified_gmt":"2026-04-15T23:55:37","slug":"ela-kedili-ziyaret","status":"publish","type":"product","link":"https:\/\/roveyayinevi.com.tr\/index.php\/urun\/ela-kedili-ziyaret\/","title":{"rendered":"Ela &#8211; Kedili Ziyaret"},"content":{"rendered":"<p>Ela b\u00fcy\u00fck teyzesini ziyarete gidecek. Dostu tekir kediyi de yan\u0131nda g\u00f6t\u00fcrmek istiyor. Ama kedi hi\u00e7 yerinde durmuyor. Hop oraya ka\u00e7\u0131yor hop buraya. Tam ortaya \u00e7\u0131kt\u0131 derken yine kayboluyor. Ela onu bir daha bulamayaca\u011f\u0131n\u0131 san\u0131yor. Acaba kedi nerede saklan\u0131yor? Dostluk ve sadakat \u00fczerine \u015firin bir ziyaret \u00f6yk\u00fcs\u00fc. <\/p>\n","protected":false},"excerpt":{"rendered":"<p>Ela b\u00fcy\u00fck teyzesini ziyarete gidecek. Dostu tekir kediyi de yan\u0131nda g\u00f6t\u00fcrmek istiyor. Ama kedi hi\u00e7 yerinde durmuyor. Hop oraya ka\u00e7\u0131yor hop buraya. Tam ortaya \u00e7\u0131kt\u0131 derken<span class=\"excerpt-hellip\"> [\u2026]<\/span><\/p>\n","protected":false},"featured_media":0,"template":"","meta":{"_monsterinsights_skip_tracking":false,"_monsterinsights_sitenote_active":false,"_monsterinsights_sitenote_note":"","_monsterinsights_sitenote_category":0},"product_brand":[],"product_cat":[12913,12274],"product_tag":[],"class_list":{"0":"post-743972","1":"product","2":"type-product","3":"status-publish","5":"product_cat-3-6-yas-kitaplari","6":"product_cat-cocuk-ve-genclik-kitaplari","7":"pa_cilt-ciltsiz","8":"pa_tur-kitap","9":"pa_yayinevi-is-bankasi-kultur-yayinlari","10":"pa_yazar-ann-forslind","12":"first","13":"instock","14":"sale","15":"shipping-taxable","16":"purchasable","17":"product-type-simple"},"_links":{"self":[{"href":"https:\/\/roveyayinevi.com.tr\/index.php\/wp-json\/wp\/v2\/product\/743972","targetHints":{"allow":["GET"]}}],"collection":[{"href":"https:\/\/roveyayinevi.com.tr\/index.php\/wp-json\/wp\/v2\/product"}],"about":[{"href":"https:\/\/roveyayinevi.com.tr\/index.php\/wp-json\/wp\/v2\/types\/product"}],"wp:attachment":[{"href":"https:\/\/roveyayinevi.com.tr\/index.php\/wp-json\/wp\/v2\/media?parent=743972"}],"wp:term":[{"taxonomy":"product_brand","embeddable":true,"href":"https:\/\/roveyayinevi.com.tr\/index.php\/wp-json\/wp\/v2\/product_brand?post=743972"},{"taxonomy":"product_cat","embeddable":true,"href":"https:\/\/roveyayinevi.com.tr\/index.php\/wp-json\/wp\/v2\/product_cat?post=743972"},{"taxonomy":"product_tag","embeddable":true,"href":"https:\/\/roveyayinevi.com.tr\/index.php\/wp-json\/wp\/v2\/product_tag?post=743972"}],"curies":[{"name":"wp","href":"https:\/\/api.w.org\/{rel}","templated":true}]}}