{"id":743969,"date":"2025-08-28T01:46:40","date_gmt":"2025-08-27T22:46:40","guid":{"rendered":"https:\/\/roveyayinevi.com.tr\/index.php\/urun\/damla-damla-siirler\/"},"modified":"2026-04-16T02:55:37","modified_gmt":"2026-04-15T23:55:37","slug":"damla-damla-siirler","status":"publish","type":"product","link":"https:\/\/roveyayinevi.com.tr\/index.php\/urun\/damla-damla-siirler\/","title":{"rendered":"Damla Damla \u015eiirler"},"content":{"rendered":"<p>Ummanlar\u0131 b\u00fcy\u00fck sand\u0131m; asl\u0131 damla, ben aldand\u0131m. \u0130\u00e7tim kand\u0131m, d\u00fc\u015ft\u00fcm yand\u0131m; asl\u0131m neydi, ben ne sand\u0131m? <\/p>\n","protected":false},"excerpt":{"rendered":"<p>Ummanlar\u0131 b\u00fcy\u00fck sand\u0131m; asl\u0131 damla, ben aldand\u0131m. \u0130\u00e7tim kand\u0131m, d\u00fc\u015ft\u00fcm yand\u0131m; asl\u0131m neydi, ben ne sand\u0131m?<\/p>\n","protected":false},"featured_media":0,"template":"","meta":{"_monsterinsights_skip_tracking":false,"_monsterinsights_sitenote_active":false,"_monsterinsights_sitenote_note":"","_monsterinsights_sitenote_category":0},"product_brand":[],"product_cat":[12291,12509],"product_tag":[],"class_list":{"0":"post-743969","1":"product","2":"type-product","3":"status-publish","5":"product_cat-edebiyat","6":"product_cat-siir","7":"pa_cilt-ciltsiz","8":"pa_tur-kitap","9":"pa_yayinevi-korkut-yayinlari","10":"pa_yazar-mustafa-kutukcu","12":"first","13":"instock","14":"sale","15":"shipping-taxable","16":"purchasable","17":"product-type-simple"},"_links":{"self":[{"href":"https:\/\/roveyayinevi.com.tr\/index.php\/wp-json\/wp\/v2\/product\/743969","targetHints":{"allow":["GET"]}}],"collection":[{"href":"https:\/\/roveyayinevi.com.tr\/index.php\/wp-json\/wp\/v2\/product"}],"about":[{"href":"https:\/\/roveyayinevi.com.tr\/index.php\/wp-json\/wp\/v2\/types\/product"}],"wp:attachment":[{"href":"https:\/\/roveyayinevi.com.tr\/index.php\/wp-json\/wp\/v2\/media?parent=743969"}],"wp:term":[{"taxonomy":"product_brand","embeddable":true,"href":"https:\/\/roveyayinevi.com.tr\/index.php\/wp-json\/wp\/v2\/product_brand?post=743969"},{"taxonomy":"product_cat","embeddable":true,"href":"https:\/\/roveyayinevi.com.tr\/index.php\/wp-json\/wp\/v2\/product_cat?post=743969"},{"taxonomy":"product_tag","embeddable":true,"href":"https:\/\/roveyayinevi.com.tr\/index.php\/wp-json\/wp\/v2\/product_tag?post=743969"}],"curies":[{"name":"wp","href":"https:\/\/api.w.org\/{rel}","templated":true}]}}