{"id":743966,"date":"2025-08-28T01:46:36","date_gmt":"2025-08-27T22:46:36","guid":{"rendered":"https:\/\/roveyayinevi.com.tr\/index.php\/urun\/bella-ucansupurge-buyuk-samata\/"},"modified":"2026-04-16T02:55:37","modified_gmt":"2026-04-15T23:55:37","slug":"bella-ucansupurge-buyuk-samata","status":"publish","type":"product","link":"https:\/\/roveyayinevi.com.tr\/index.php\/urun\/bella-ucansupurge-buyuk-samata\/","title":{"rendered":"Bella U\u00e7ans\u00fcp\u00fcrge -B\u00fcy\u00fck \u015eamata"},"content":{"rendered":"<p>B\u00fcy\u00fc Krall\u0131\u011f\u0131\u2019ndaki okulunda bir t\u00fcrl\u00fc ba\u015far\u0131l\u0131 olamayan Bella her sihir denemesinde ortal\u0131\u011f\u0131 birbirine kat\u0131yordu. Sonunda Kakt\u00fcs Teyze onun bir cad\u0131 olabilece\u011finden umudu kesti ve k\u00fc\u00e7\u00fck k\u0131z\u0131 insan d\u00fcnyas\u0131nda bir aileye verdi. Yeni ailesi Bella\u2019y\u0131 \u00e7ok sevmi\u015fti ve k\u0131sa s\u00fcrede o da ailenin bir par\u00e7as\u0131 oldu. Ancak Bella\u2019n\u0131n dikkat etmesi gereken \u00e7ok \u00f6nemli bir konu vard\u0131 \u2013 kimsenin onun b\u00fcy\u00fc yapabildi\u011fini \u00f6\u011frenmemesi gerekiyordu. Tabii arada tuhaf \u015feyler de oluyordu. Bella U\u00e7ans\u00fcp\u00fcrge\u2019nin sihirli okul maceras\u0131 soluk kesiyor. <\/p>\n","protected":false},"excerpt":{"rendered":"<p>B\u00fcy\u00fc Krall\u0131\u011f\u0131\u2019ndaki okulunda bir t\u00fcrl\u00fc ba\u015far\u0131l\u0131 olamayan Bella her sihir denemesinde ortal\u0131\u011f\u0131 birbirine kat\u0131yordu. Sonunda Kakt\u00fcs Teyze onun bir cad\u0131 olabilece\u011finden umudu kesti ve k\u00fc\u00e7\u00fck k\u0131z\u0131<span class=\"excerpt-hellip\"> [\u2026]<\/span><\/p>\n","protected":false},"featured_media":0,"template":"","meta":{"_monsterinsights_skip_tracking":false,"_monsterinsights_sitenote_active":false,"_monsterinsights_sitenote_note":"","_monsterinsights_sitenote_category":0},"product_brand":[],"product_cat":[12274,12284],"product_tag":[],"class_list":{"0":"post-743966","1":"product","2":"type-product","3":"status-publish","5":"product_cat-cocuk-ve-genclik-kitaplari","6":"product_cat-hikayeler","7":"pa_cilt-ciltsiz","8":"pa_tur-kitap","9":"pa_yayinevi-is-bankasi-kultur-yayinlari","10":"pa_yazar-lou-kuenzler","12":"first","13":"instock","14":"sale","15":"shipping-taxable","16":"purchasable","17":"product-type-simple"},"_links":{"self":[{"href":"https:\/\/roveyayinevi.com.tr\/index.php\/wp-json\/wp\/v2\/product\/743966","targetHints":{"allow":["GET"]}}],"collection":[{"href":"https:\/\/roveyayinevi.com.tr\/index.php\/wp-json\/wp\/v2\/product"}],"about":[{"href":"https:\/\/roveyayinevi.com.tr\/index.php\/wp-json\/wp\/v2\/types\/product"}],"wp:attachment":[{"href":"https:\/\/roveyayinevi.com.tr\/index.php\/wp-json\/wp\/v2\/media?parent=743966"}],"wp:term":[{"taxonomy":"product_brand","embeddable":true,"href":"https:\/\/roveyayinevi.com.tr\/index.php\/wp-json\/wp\/v2\/product_brand?post=743966"},{"taxonomy":"product_cat","embeddable":true,"href":"https:\/\/roveyayinevi.com.tr\/index.php\/wp-json\/wp\/v2\/product_cat?post=743966"},{"taxonomy":"product_tag","embeddable":true,"href":"https:\/\/roveyayinevi.com.tr\/index.php\/wp-json\/wp\/v2\/product_tag?post=743966"}],"curies":[{"name":"wp","href":"https:\/\/api.w.org\/{rel}","templated":true}]}}