{"id":743963,"date":"2025-08-28T01:46:33","date_gmt":"2025-08-27T22:46:33","guid":{"rendered":"https:\/\/roveyayinevi.com.tr\/index.php\/urun\/nedir-bu-ask-denen-sey\/"},"modified":"2026-04-16T02:55:37","modified_gmt":"2026-04-15T23:55:37","slug":"nedir-bu-ask-denen-sey","status":"publish","type":"product","link":"https:\/\/roveyayinevi.com.tr\/index.php\/urun\/nedir-bu-ask-denen-sey\/","title":{"rendered":"Nedir Bu A\u015fk Denen \u015eey?"},"content":{"rendered":"<p>Nedir Bu A\u015fk Denen \u015eey? kitab\u0131, psikanalitik perspektiften meselelere yakla\u015fmakta ve \u00e7iftlerle yap\u0131lan deyim yerindeyse psikoterapi sanat\u0131na nas\u0131l rehberlik edilece\u011fini a\u00e7\u0131k ve net bir \u015fekilde okuyucuya sunmaktad\u0131r. Elinizde tuttu\u011funuz kitap hem erken d\u00f6nem hem de \u00e7a\u011fda\u015f psikanalitik bilgiden yararlanmaktad\u0131r. \u00c7ift dinamiklerini belirlerken ve onlarla \u00e7al\u0131\u015f\u0131rken her kuram\u0131n bize nas\u0131l yarar sa\u011flayaca\u011f\u0131n\u0131 a\u00e7\u0131klamaya \u00e7al\u0131\u015fmaktad\u0131r. Sonu\u00e7 olarak ayr\u0131nt\u0131l\u0131 vaka \u00e7al\u0131\u015fmalar\u0131yla ayd\u0131nlat\u0131lan, \u00e7ift terapilerinde kullan\u0131lan teknik \u00fczerine detayl\u0131 ve ad\u0131m ad\u0131m a\u00e7\u0131klamalar\u0131n verildi\u011fi son derece prati\u011fe dayal\u0131 bir \u00e7al\u0131\u015fma meydana gelmi\u015ftir. Nedir Bu A\u015fk Denen \u015eey? Kitab\u0131 mizah doludur ve insan olmaya dair \u00e7ok \u00e7e\u015fitli bi\u00e7imler kitapta hayat bulur. Bu kitap psikanalitik terapistler, psikologlar, psikiyatristler, \u00e7ift terapistleri ve bu zorlu yolculuk hakk\u0131nda bilgi edinmek veya becerilerini geli\u015ftirmek isteyen \u00f6\u011frenciler i\u00e7in \u00e7ok \u00f6nemli bir kaynakt\u0131r. Kitapta neler var? \u00b7 A\u015fk teorileri \u00fczerine ilk zamanlardan bug\u00fcne tart\u0131\u015fmalar\u00b7 Tedavinin ba\u015flang\u0131c\u0131ndan biti\u015fine kadar kat edilen ilerleme\u00b7 \u00c7ift terapisinde aktar\u0131m ve kar\u015f\u0131 aktar\u0131m kavramlar\u0131\u00b7 Aktar\u0131m ve kar\u015f\u0131 aktar\u0131m kavramlar\u0131n\u0131n ortaya \u00e7\u0131k\u0131\u015f \u015fekilleri\u00b7 \u00c7ift terapisi ve birey terapisi aras\u0131nda yap\u0131lan kar\u015f\u0131la\u015ft\u0131rmalar\u00b7 Uygulamada kullan\u0131lacak pratik talimatlar Bu kitap, klinik tedavi uzmanlar\u0131n\u0131n sorunlu evliliklerle \u00e7al\u0131\u015fmak i\u00e7in gerekli becerileri kazanmalar\u0131na yard\u0131mc\u0131 olacak \u00f6nemli bir kaynakt\u0131r. Kitab\u0131n \u00e7e\u015fitli b\u00f6l\u00fcmlerinde \u00e7ok say\u0131da klinik vaka sunulmu\u015ftur ve verilen \u00f6rnekler bu \u00e7al\u0131\u015fman\u0131n hayata dokunmas\u0131n\u0131 sa\u011flamakla kalmam\u0131\u015f, okuyucuya tedavinin her a\u015famas\u0131n\u0131 a\u00e7\u0131k\u00e7a g\u00f6stermi\u015ftir. Lewis Aron, Ph.D. New York \u00dcniversitesi Psikoterapi ve Psikanaliz Doktora Sonras\u0131 Program\u0131 M\u00fcd\u00fcr\u00fc Okuyucu, kitab\u0131n i\u00e7inde zengin klinik materyal bulacakt\u0131r. Elinizde tuttu\u011funuz bu kitap b\u00fcy\u00fck bir i\u00e7tenlik ve samimiyetle yaz\u0131lm\u0131\u015ft\u0131r. Sarah Usher okuyucuya uzun y\u0131llar boyunca mesle\u011finde elde etti\u011fi deneyimlerinden s\u00fczd\u00fc\u011f\u00fc klinik bilgeli\u011fini sunmaya \u00e7al\u0131\u015f\u0131yor. Bana g\u00f6re burada yaz\u0131lanlar son derece \u00f6nemli ve de\u011ferli. Kitapta yer alan \u00f6nemli bilgiler bireylerle ve \u00e7iftlerle \u00e7al\u0131\u015fan terapistler ba\u015fta olmak \u00fczere t\u00fcm terapistlere fayda sa\u011flayacakt\u0131r. Morris Eagle, Fahri Profes\u00f6r, Derner \u0130leri Psikolojik Ara\u015ft\u0131rmalar Enstit\u00fcs\u00fc, Adelphi \u00dcniversitesi<\/p>\n","protected":false},"excerpt":{"rendered":"<p>Nedir Bu A\u015fk Denen \u015eey? kitab\u0131, psikanalitik perspektiften meselelere yakla\u015fmakta ve \u00e7iftlerle yap\u0131lan deyim yerindeyse psikoterapi sanat\u0131na nas\u0131l rehberlik edilece\u011fini a\u00e7\u0131k ve net bir \u015fekilde okuyucuya<span class=\"excerpt-hellip\"> [\u2026]<\/span><\/p>\n","protected":false},"featured_media":0,"template":"","meta":{"_monsterinsights_skip_tracking":false,"_monsterinsights_sitenote_active":false,"_monsterinsights_sitenote_note":"","_monsterinsights_sitenote_category":0},"product_brand":[],"product_cat":[20502,12357],"product_tag":[],"class_list":{"0":"post-743963","1":"product","2":"type-product","3":"status-publish","5":"product_cat-basvuru-kitaplari-psikoloji","6":"product_cat-psikoloji","7":"pa_cilt-ciltsiz","8":"pa_tur-kitap","9":"pa_yayinevi-episteme-yayinlari","10":"pa_yazar-sarah-fels-usher","12":"first","13":"instock","14":"sale","15":"shipping-taxable","16":"purchasable","17":"product-type-simple"},"_links":{"self":[{"href":"https:\/\/roveyayinevi.com.tr\/index.php\/wp-json\/wp\/v2\/product\/743963","targetHints":{"allow":["GET"]}}],"collection":[{"href":"https:\/\/roveyayinevi.com.tr\/index.php\/wp-json\/wp\/v2\/product"}],"about":[{"href":"https:\/\/roveyayinevi.com.tr\/index.php\/wp-json\/wp\/v2\/types\/product"}],"wp:attachment":[{"href":"https:\/\/roveyayinevi.com.tr\/index.php\/wp-json\/wp\/v2\/media?parent=743963"}],"wp:term":[{"taxonomy":"product_brand","embeddable":true,"href":"https:\/\/roveyayinevi.com.tr\/index.php\/wp-json\/wp\/v2\/product_brand?post=743963"},{"taxonomy":"product_cat","embeddable":true,"href":"https:\/\/roveyayinevi.com.tr\/index.php\/wp-json\/wp\/v2\/product_cat?post=743963"},{"taxonomy":"product_tag","embeddable":true,"href":"https:\/\/roveyayinevi.com.tr\/index.php\/wp-json\/wp\/v2\/product_tag?post=743963"}],"curies":[{"name":"wp","href":"https:\/\/api.w.org\/{rel}","templated":true}]}}