{"id":743959,"date":"2025-08-28T01:46:27","date_gmt":"2025-08-27T22:46:27","guid":{"rendered":"https:\/\/roveyayinevi.com.tr\/index.php\/urun\/kuantum-sirlar-evrenine-acilan-kapi\/"},"modified":"2026-04-16T02:55:36","modified_gmt":"2026-04-15T23:55:36","slug":"kuantum-sirlar-evrenine-acilan-kapi","status":"publish","type":"product","link":"https:\/\/roveyayinevi.com.tr\/index.php\/urun\/kuantum-sirlar-evrenine-acilan-kapi\/","title":{"rendered":"Kuantum &#8211; S\u0131rlar Evrenine A\u00e7\u0131lan Kap\u0131"},"content":{"rendered":"<p>\u0130nsan\u0131n sorular\u0131 g\u00f6ky\u00fcz\u00fc ile s\u0131n\u0131rl\u0131 de\u011fildi.  Varl\u0131k bilincine eri\u015fiminden bu yana evreni ve ya\u015fam\u0131 sorgulayan  insano\u011flu, maddenin derinliklerine do\u011fru indik\u00e7e s\u0131rlarla dolu ba\u015fka bir  sonsuzluk denizi ile kar\u015f\u0131la\u015ft\u0131.   Atom, atom alt\u0131 par\u00e7ac\u0131klar, kuarklar birbiri pe\u015fi s\u0131ra sakland\u0131klar\u0131  yerlerden \u00e7\u0131karak bizlerle tan\u0131\u015ft\u0131r\u0131ld\u0131lar.   \u00d6te yandan geli\u015fmi\u015f cihazlar\u0131 ile g\u00f6ky\u00fcz\u00fcne bakan di\u011ferleri, en b\u00fcy\u00fck  sorular\u0131na yan\u0131t ararken kendilerini 13.8 milyar y\u0131l \u00f6ncesinde, evrenin  do\u011fumunu izlerken buldular.    Ve orada da onlar\u0131 kuarklar, atomalt\u0131 par\u00e7ac\u0131klar ve yo\u011fun bir enerji  bekliyordu.   \u0130lgin\u00e7tir, g\u00f6ky\u00fcz\u00fcne bakanlarla maddenin derinliklerine dalanlar\u0131  kar\u015f\u0131layanlar ayn\u0131yd\u0131; \u0131\u015f\u0131k h\u0131z\u0131nda par\u00e7ac\u0131klar ve enerji.   Bu insan akl\u0131n\u0131n, s\u0131rlar evrenine a\u00e7\u0131lan kap\u0131dan ge\u00e7erek sonsuzluk  denizindeki b\u00fcy\u00fck yolculu\u011fudur.   Ve bu yolculukta ak\u0131l, felsefe ve bilim yol arkada\u015f\u0131d\u0131rlar. <\/p>\n","protected":false},"excerpt":{"rendered":"<p>\u0130nsan\u0131n sorular\u0131 g\u00f6ky\u00fcz\u00fc ile s\u0131n\u0131rl\u0131 de\u011fildi. Varl\u0131k bilincine eri\u015fiminden bu yana evreni ve ya\u015fam\u0131 sorgulayan insano\u011flu, maddenin derinliklerine do\u011fru indik\u00e7e s\u0131rlarla dolu ba\u015fka bir sonsuzluk denizi<span class=\"excerpt-hellip\"> [\u2026]<\/span><\/p>\n","protected":false},"featured_media":0,"template":"","meta":{"_monsterinsights_skip_tracking":false,"_monsterinsights_sitenote_active":false,"_monsterinsights_sitenote_note":"","_monsterinsights_sitenote_category":0},"product_brand":[],"product_cat":[13005,13006],"product_tag":[],"class_list":{"0":"post-743959","1":"product","2":"type-product","3":"status-publish","5":"product_cat-bilim-muhendislik","6":"product_cat-populer-bilim","7":"pa_cilt-ciltsiz","8":"pa_tur-kitap","9":"pa_yayinevi-ideal-kultur-akademik","10":"pa_yazar-gunec-kiyak","12":"first","13":"instock","14":"sale","15":"shipping-taxable","16":"purchasable","17":"product-type-simple"},"_links":{"self":[{"href":"https:\/\/roveyayinevi.com.tr\/index.php\/wp-json\/wp\/v2\/product\/743959","targetHints":{"allow":["GET"]}}],"collection":[{"href":"https:\/\/roveyayinevi.com.tr\/index.php\/wp-json\/wp\/v2\/product"}],"about":[{"href":"https:\/\/roveyayinevi.com.tr\/index.php\/wp-json\/wp\/v2\/types\/product"}],"wp:attachment":[{"href":"https:\/\/roveyayinevi.com.tr\/index.php\/wp-json\/wp\/v2\/media?parent=743959"}],"wp:term":[{"taxonomy":"product_brand","embeddable":true,"href":"https:\/\/roveyayinevi.com.tr\/index.php\/wp-json\/wp\/v2\/product_brand?post=743959"},{"taxonomy":"product_cat","embeddable":true,"href":"https:\/\/roveyayinevi.com.tr\/index.php\/wp-json\/wp\/v2\/product_cat?post=743959"},{"taxonomy":"product_tag","embeddable":true,"href":"https:\/\/roveyayinevi.com.tr\/index.php\/wp-json\/wp\/v2\/product_tag?post=743959"}],"curies":[{"name":"wp","href":"https:\/\/api.w.org\/{rel}","templated":true}]}}