{"id":743958,"date":"2025-08-28T01:46:26","date_gmt":"2025-08-27T22:46:26","guid":{"rendered":"https:\/\/roveyayinevi.com.tr\/index.php\/urun\/aziz-ayyas-efsanesi\/"},"modified":"2026-04-16T02:55:36","modified_gmt":"2026-04-15T23:55:36","slug":"aziz-ayyas-efsanesi","status":"publish","type":"product","link":"https:\/\/roveyayinevi.com.tr\/index.php\/urun\/aziz-ayyas-efsanesi\/","title":{"rendered":"Aziz Ayya\u015f Efsanesi"},"content":{"rendered":"<p>Avusturyal\u0131 yazar Joseph Roth\u2019un yap\u0131tlar\u0131nda \u00f6nemli bir yer tutan yersiz yurtsuzluk temas\u0131n\u0131n temelinde Avusturya-Macaristan \u0130mparatorlu\u011fu\u2019nun \u00e7\u00f6k\u00fc\u015f\u00fc ve Avrupa\u2019da fa\u015fizmin y\u00fckseli\u015fi yatar. Roth, 1933 y\u0131l\u0131nda Hitler\u2019in iktidara geli\u015fiyle, o s\u0131rada ya\u015fad\u0131\u011f\u0131 Almanya\u2019y\u0131 terk ederek \u00f6mr\u00fcn\u00fcn son y\u0131llar\u0131n\u0131 sefalet i\u00e7inde ge\u00e7irdi\u011fi Paris\u2019e g\u00f6\u00e7m\u00fc\u015ft\u00fc. Aziz Ayya\u015f Efsanesi, 1939 y\u0131l\u0131nda \u00f6l\u00fcm\u00fcnden hemen \u00f6nce tamamlad\u0131\u011f\u0131 son yap\u0131t\u0131d\u0131r. Politik a\u00e7\u0131dan kendini tehdit alt\u0131nda hissetti\u011fi, otel k\u00f6\u015felerinde ekonomik sorunlarla bo\u011fu\u015ftu\u011fu, dostlar\u0131n\u0131n ve meslekta\u015flar\u0131n\u0131n \u00f6l\u00fcm\u00fcyle sars\u0131ld\u0131\u011f\u0131 bu s\u00fcrg\u00fcn g\u00fcnlerinde, kendi ki\u015fisel trajedisini gams\u0131z, tasas\u0131z ve parlak bir modern \u201cefsaneye\u201d d\u00f6n\u00fc\u015ft\u00fcrm\u00fc\u015ft\u00fcr. Roth, k\u00f6pr\u00fc altlar\u0131nda ya\u015farken, birka\u00e7 g\u00fcn i\u00e7inde ya\u015fam ko\u015fullar\u0131n\u0131 de\u011fi\u015ftiren bir dizi mucizeyle kar\u015f\u0131la\u015fan berdu\u015f Andreas\u2019\u0131n \u201cb\u00fcy\u00fcl\u00fc\u201d \u00f6yk\u00fcs\u00fcnde, Yahudi k\u00f6kenine kar\u015f\u0131n Katolikli\u011fe de b\u00fcy\u00fck \u00f6nem verdi\u011fini an\u0131\u015ft\u0131r\u0131r. <\/p>\n","protected":false},"excerpt":{"rendered":"<p>Avusturyal\u0131 yazar Joseph Roth\u2019un yap\u0131tlar\u0131nda \u00f6nemli bir yer tutan yersiz yurtsuzluk temas\u0131n\u0131n temelinde Avusturya-Macaristan \u0130mparatorlu\u011fu\u2019nun \u00e7\u00f6k\u00fc\u015f\u00fc ve Avrupa\u2019da fa\u015fizmin y\u00fckseli\u015fi yatar. Roth, 1933 y\u0131l\u0131nda Hitler\u2019in iktidara<span class=\"excerpt-hellip\"> [\u2026]<\/span><\/p>\n","protected":false},"featured_media":0,"template":"","meta":{"_monsterinsights_skip_tracking":false,"_monsterinsights_sitenote_active":false,"_monsterinsights_sitenote_note":"","_monsterinsights_sitenote_category":0},"product_brand":[],"product_cat":[12291,12711],"product_tag":[],"class_list":{"0":"post-743958","1":"product","2":"type-product","3":"status-publish","5":"product_cat-edebiyat","6":"product_cat-roman-oyku","7":"pa_cilt-ciltsiz","8":"pa_tur-kitap","9":"pa_yayinevi-is-bankasi-kultur-yayinlari","10":"pa_yazar-joseph-roth","12":"first","13":"instock","14":"sale","15":"shipping-taxable","16":"purchasable","17":"product-type-simple"},"_links":{"self":[{"href":"https:\/\/roveyayinevi.com.tr\/index.php\/wp-json\/wp\/v2\/product\/743958","targetHints":{"allow":["GET"]}}],"collection":[{"href":"https:\/\/roveyayinevi.com.tr\/index.php\/wp-json\/wp\/v2\/product"}],"about":[{"href":"https:\/\/roveyayinevi.com.tr\/index.php\/wp-json\/wp\/v2\/types\/product"}],"wp:attachment":[{"href":"https:\/\/roveyayinevi.com.tr\/index.php\/wp-json\/wp\/v2\/media?parent=743958"}],"wp:term":[{"taxonomy":"product_brand","embeddable":true,"href":"https:\/\/roveyayinevi.com.tr\/index.php\/wp-json\/wp\/v2\/product_brand?post=743958"},{"taxonomy":"product_cat","embeddable":true,"href":"https:\/\/roveyayinevi.com.tr\/index.php\/wp-json\/wp\/v2\/product_cat?post=743958"},{"taxonomy":"product_tag","embeddable":true,"href":"https:\/\/roveyayinevi.com.tr\/index.php\/wp-json\/wp\/v2\/product_tag?post=743958"}],"curies":[{"name":"wp","href":"https:\/\/api.w.org\/{rel}","templated":true}]}}