{"id":743957,"date":"2025-08-28T01:46:25","date_gmt":"2025-08-27T22:46:25","guid":{"rendered":"https:\/\/roveyayinevi.com.tr\/index.php\/urun\/kozmos-aklin-bilinmeyene-yolculugu\/"},"modified":"2026-04-16T02:55:36","modified_gmt":"2026-04-15T23:55:36","slug":"kozmos-aklin-bilinmeyene-yolculugu","status":"publish","type":"product","link":"https:\/\/roveyayinevi.com.tr\/index.php\/urun\/kozmos-aklin-bilinmeyene-yolculugu\/","title":{"rendered":"Kozmos &#8211; Akl\u0131n Bilinmeyene Yolculu\u011fu"},"content":{"rendered":"<p>Bu kitap, insan akl\u0131n\u0131 merkeze alarak modern bilim konular\u0131n\u0131 ak\u0131c\u0131,  ak\u0131lc\u0131 ve sorgulay\u0131c\u0131 bir bak\u0131\u015f a\u00e7\u0131s\u0131 ile sunma amac\u0131n\u0131 ta\u015f\u0131yor.   Bilinmeyen kar\u015f\u0131s\u0131nda korkuya kap\u0131lmak yerine, merak ve heyecan duygusunu harekete ge\u00e7irerek anla\u015f\u0131lmas\u0131 \u00e7ok zor olarak tan\u0131mlanan  olgu ve olaylar\u0131, anla\u015f\u0131l\u0131r bir dile indirgemeyi ve okuyu\u015funa ula\u015fmay\u0131  hedefliyor.   Bizler, s\u0131rlarla dolu bir evrende ya\u015f\u0131yoruz ve bu s\u0131rlar hen\u00fcz  \u00e7\u00f6z\u00fclebilmi\u015f de\u011fil. Evreni anlamak ve sorular\u0131m\u0131za yan\u0131tlar bulmak  amac\u0131yla, her ad\u0131m\u0131nda \u015fok edici ba\u015fka soru ve yan\u0131tlarla kar\u015f\u0131la\u015fmay\u0131  g\u00f6ze alarak, zamanda geriye ve ileriye do\u011fru s\u0131rlarla dolu bir yolculu\u011fa  \u00e7\u0131k\u0131yoruz.   Bu yolculuk, insan akl\u0131n\u0131n bilinmeyene yolculu\u011fudur. <\/p>\n","protected":false},"excerpt":{"rendered":"<p>Bu kitap, insan akl\u0131n\u0131 merkeze alarak modern bilim konular\u0131n\u0131 ak\u0131c\u0131, ak\u0131lc\u0131 ve sorgulay\u0131c\u0131 bir bak\u0131\u015f a\u00e7\u0131s\u0131 ile sunma amac\u0131n\u0131 ta\u015f\u0131yor. Bilinmeyen kar\u015f\u0131s\u0131nda korkuya kap\u0131lmak yerine, merak<span class=\"excerpt-hellip\"> [\u2026]<\/span><\/p>\n","protected":false},"featured_media":0,"template":"","meta":{"_monsterinsights_skip_tracking":false,"_monsterinsights_sitenote_active":false,"_monsterinsights_sitenote_note":"","_monsterinsights_sitenote_category":0},"product_brand":[],"product_cat":[13005,13006],"product_tag":[],"class_list":{"0":"post-743957","1":"product","2":"type-product","3":"status-publish","5":"product_cat-bilim-muhendislik","6":"product_cat-populer-bilim","7":"pa_cilt-ciltsiz","8":"pa_tur-kitap","9":"pa_yayinevi-ideal-kultur-akademik","10":"pa_yazar-gunec-kiyak","12":"first","13":"instock","14":"sale","15":"shipping-taxable","16":"purchasable","17":"product-type-simple"},"_links":{"self":[{"href":"https:\/\/roveyayinevi.com.tr\/index.php\/wp-json\/wp\/v2\/product\/743957","targetHints":{"allow":["GET"]}}],"collection":[{"href":"https:\/\/roveyayinevi.com.tr\/index.php\/wp-json\/wp\/v2\/product"}],"about":[{"href":"https:\/\/roveyayinevi.com.tr\/index.php\/wp-json\/wp\/v2\/types\/product"}],"wp:attachment":[{"href":"https:\/\/roveyayinevi.com.tr\/index.php\/wp-json\/wp\/v2\/media?parent=743957"}],"wp:term":[{"taxonomy":"product_brand","embeddable":true,"href":"https:\/\/roveyayinevi.com.tr\/index.php\/wp-json\/wp\/v2\/product_brand?post=743957"},{"taxonomy":"product_cat","embeddable":true,"href":"https:\/\/roveyayinevi.com.tr\/index.php\/wp-json\/wp\/v2\/product_cat?post=743957"},{"taxonomy":"product_tag","embeddable":true,"href":"https:\/\/roveyayinevi.com.tr\/index.php\/wp-json\/wp\/v2\/product_tag?post=743957"}],"curies":[{"name":"wp","href":"https:\/\/api.w.org\/{rel}","templated":true}]}}