{"id":743956,"date":"2025-08-28T01:46:24","date_gmt":"2025-08-27T22:46:24","guid":{"rendered":"https:\/\/roveyayinevi.com.tr\/index.php\/urun\/lakhes-lysis-ciltli\/"},"modified":"2026-04-16T02:55:36","modified_gmt":"2026-04-15T23:55:36","slug":"lakhes-lysis-ciltli","status":"publish","type":"product","link":"https:\/\/roveyayinevi.com.tr\/index.php\/urun\/lakhes-lysis-ciltli\/","title":{"rendered":"Lakhes \u2013 Lysis (Ciltli)"},"content":{"rendered":"<p>Platon (M\u00d6 428\/9-348\/7): Atina\u2019n\u0131n aristokrat gen\u00e7lerinin gramer, m\u00fczik ve beden e\u011fitiminden olu\u015fan temel e\u011fitimini ald\u0131ktan sonra filozof Kratylos\u2019un \u00f6\u011frencisi olmu\u015f, onun sayesinde Sokrates \u00f6ncesi filozoflar\u0131n eserlerini tan\u0131m\u0131\u015ft\u0131r. Bununla birlikte Platon\u2019u en \u00e7ok etkileyen d\u00fc\u015f\u00fcn\u00fcr Sokrates\u2019tir, ancak tarihin en me\u015fhur \u00f6\u011fretmen \u00f6\u011frenci ikilisinin nerede ve nas\u0131l kar\u015f\u0131la\u015ft\u0131\u011f\u0131na dair bilgiler \u00e7eli\u015fkilidir. Eserlerindeki at\u0131flardan tan\u0131\u015ft\u0131klar\u0131 s\u0131rada hocas\u0131n\u0131n altm\u0131\u015f, kendisinin de yirmi ya\u015flar\u0131nda oldu\u011fu anla\u015f\u0131lmaktad\u0131r. Siyasetle de ilgilenen Platon, Sokrates\u2019in \u00f6l\u00fcme mahk\u00fbm edili\u015finin ard\u0131ndan bu u\u011fra\u015f\u0131ndan vazge\u00e7ip hocas\u0131n\u0131n d\u00fc\u015f\u00fcncelerini geli\u015ftirmeye ve kendi felsefe sistemini kurmaya y\u00f6nelmi\u015ftir. Her ikisi de Platon\u2019un erken d\u00f6nem diyaloglar\u0131ndan olan Lakhes ve Lysis\u2019te s\u0131ras\u0131yla cesaret ve dostluk konular\u0131 ele al\u0131n\u0131r. Yine, iki diyalogda da en ince ayr\u0131nt\u0131lara dek inen tan\u0131mlama \u00e7abalar\u0131 nihai bir sonuca ula\u015famaz ve felsefi bir a\u00e7mazla, aporia\u2019yla sonu\u00e7lan\u0131r.                                           <\/p>\n","protected":false},"excerpt":{"rendered":"<p>Platon (M\u00d6 428\/9-348\/7): Atina\u2019n\u0131n aristokrat gen\u00e7lerinin gramer, m\u00fczik ve beden e\u011fitiminden olu\u015fan temel e\u011fitimini ald\u0131ktan sonra filozof Kratylos\u2019un \u00f6\u011frencisi olmu\u015f, onun sayesinde Sokrates \u00f6ncesi filozoflar\u0131n eserlerini<span class=\"excerpt-hellip\"> [\u2026]<\/span><\/p>\n","protected":false},"featured_media":0,"template":"","meta":{"_monsterinsights_skip_tracking":false,"_monsterinsights_sitenote_active":false,"_monsterinsights_sitenote_note":"","_monsterinsights_sitenote_category":0},"product_brand":[],"product_cat":[12388,26788],"product_tag":[],"class_list":{"0":"post-743956","1":"product","2":"type-product","3":"status-publish","5":"product_cat-felsefe","6":"product_cat-filozoflar","7":"pa_cilt-ciltli","8":"pa_tur-kitap","9":"pa_yayinevi-is-bankasi-kultur-yayinlari","10":"pa_yazar-platon","12":"first","13":"instock","14":"sale","15":"shipping-taxable","16":"purchasable","17":"product-type-simple"},"_links":{"self":[{"href":"https:\/\/roveyayinevi.com.tr\/index.php\/wp-json\/wp\/v2\/product\/743956","targetHints":{"allow":["GET"]}}],"collection":[{"href":"https:\/\/roveyayinevi.com.tr\/index.php\/wp-json\/wp\/v2\/product"}],"about":[{"href":"https:\/\/roveyayinevi.com.tr\/index.php\/wp-json\/wp\/v2\/types\/product"}],"wp:attachment":[{"href":"https:\/\/roveyayinevi.com.tr\/index.php\/wp-json\/wp\/v2\/media?parent=743956"}],"wp:term":[{"taxonomy":"product_brand","embeddable":true,"href":"https:\/\/roveyayinevi.com.tr\/index.php\/wp-json\/wp\/v2\/product_brand?post=743956"},{"taxonomy":"product_cat","embeddable":true,"href":"https:\/\/roveyayinevi.com.tr\/index.php\/wp-json\/wp\/v2\/product_cat?post=743956"},{"taxonomy":"product_tag","embeddable":true,"href":"https:\/\/roveyayinevi.com.tr\/index.php\/wp-json\/wp\/v2\/product_tag?post=743956"}],"curies":[{"name":"wp","href":"https:\/\/api.w.org\/{rel}","templated":true}]}}