{"id":743951,"date":"2025-08-28T01:46:18","date_gmt":"2025-08-27T22:46:18","guid":{"rendered":"https:\/\/roveyayinevi.com.tr\/index.php\/urun\/radiant-2-somizli\/"},"modified":"2026-04-16T02:55:36","modified_gmt":"2026-04-15T23:55:36","slug":"radiant-2-somizli","status":"publish","type":"product","link":"https:\/\/roveyayinevi.com.tr\/index.php\/urun\/radiant-2-somizli\/","title":{"rendered":"Radiant 2 (\u015e\u00f6mizli)"},"content":{"rendered":"<p>Art\u00e9mis Enstit\u00fcs\u00fc\u2019ne ula\u015ft\u0131klar\u0131nda ahmakl\u0131\u011f\u0131ndan taviz vermeyen Seth, Enstit\u00fc\u2019y\u00fc y\u00f6neten ve b\u00fcy\u00fcc\u00fcleri kaz\u0131klayan sar\u0131 kedi Master Lord Majesty\u2019ye milyarlarca dinar bor\u00e7lan\u0131r. Bunun \u00fczerine M\u00e9lie ve Doc ile a\u015f\u0131r\u0131 g\u00fcr\u00fclt\u00fcl\u00fc sanayi \u015fehri Rumble Town\u2019a do\u011fru yola \u00e7\u0131karlar. Ama\u00e7lar\u0131 \u015fehirde bir bir kaybolan insanlar\u0131n ba\u015f\u0131na ne geldi\u011fini ara\u015ft\u0131rmak ve canl\u0131 bir Nemesis\u2019i Art\u00e9mis Enstit\u00fcs\u00fc\u2019ne teslim ederek \u00e7ok para kazanmakt\u0131r. \u015eehre vard\u0131klar\u0131nda, Nemesis terbiyecisi bir b\u00fcy\u00fcc\u00fcn\u00fcn pe\u015finde olan gizemli b\u00fcy\u00fcc\u00fc Grimm ile tan\u0131\u015f\u0131rlar.   Bu s\u0131rada Rumble Town\u2019daki Engizisyon birli\u011finin y\u00fczba\u015f\u0131s\u0131 Konrad de Marbourg \u015fehri enfektelerden tamamen temizlemeye ant i\u00e7mi\u015f ve sald\u0131r\u0131ya ge\u00e7mi\u015ftir. Rumble Town temellerinden sars\u0131l\u0131rken Seth ve yolda\u015flar\u0131 Nemesis sald\u0131r\u0131lar\u0131n\u0131n arkas\u0131nda kimin oldu\u011funu ke\u015ffederler: Nemesis terbiyecisi, Domitor Hameline\u2026 <\/p>\n","protected":false},"excerpt":{"rendered":"<p>Art\u00e9mis Enstit\u00fcs\u00fc\u2019ne ula\u015ft\u0131klar\u0131nda ahmakl\u0131\u011f\u0131ndan taviz vermeyen Seth, Enstit\u00fc\u2019y\u00fc y\u00f6neten ve b\u00fcy\u00fcc\u00fcleri kaz\u0131klayan sar\u0131 kedi Master Lord Majesty\u2019ye milyarlarca dinar bor\u00e7lan\u0131r. Bunun \u00fczerine M\u00e9lie ve Doc ile<span class=\"excerpt-hellip\"> [\u2026]<\/span><\/p>\n","protected":false},"featured_media":0,"template":"","meta":{"_monsterinsights_skip_tracking":false,"_monsterinsights_sitenote_active":false,"_monsterinsights_sitenote_note":"","_monsterinsights_sitenote_category":0},"product_brand":[],"product_cat":[12689,12274],"product_tag":[],"class_list":{"0":"post-743951","1":"product","2":"type-product","3":"status-publish","5":"product_cat-cizgi-roman-cocuk-ve-genclik-kitaplari","6":"product_cat-cocuk-ve-genclik-kitaplari","7":"pa_cilt-ciltsiz","8":"pa_tur-kitap","9":"pa_yayinevi-senpai-yayinlari","10":"pa_yazar-tony-valente","12":"first","13":"instock","14":"sale","15":"shipping-taxable","16":"purchasable","17":"product-type-simple"},"_links":{"self":[{"href":"https:\/\/roveyayinevi.com.tr\/index.php\/wp-json\/wp\/v2\/product\/743951","targetHints":{"allow":["GET"]}}],"collection":[{"href":"https:\/\/roveyayinevi.com.tr\/index.php\/wp-json\/wp\/v2\/product"}],"about":[{"href":"https:\/\/roveyayinevi.com.tr\/index.php\/wp-json\/wp\/v2\/types\/product"}],"wp:attachment":[{"href":"https:\/\/roveyayinevi.com.tr\/index.php\/wp-json\/wp\/v2\/media?parent=743951"}],"wp:term":[{"taxonomy":"product_brand","embeddable":true,"href":"https:\/\/roveyayinevi.com.tr\/index.php\/wp-json\/wp\/v2\/product_brand?post=743951"},{"taxonomy":"product_cat","embeddable":true,"href":"https:\/\/roveyayinevi.com.tr\/index.php\/wp-json\/wp\/v2\/product_cat?post=743951"},{"taxonomy":"product_tag","embeddable":true,"href":"https:\/\/roveyayinevi.com.tr\/index.php\/wp-json\/wp\/v2\/product_tag?post=743951"}],"curies":[{"name":"wp","href":"https:\/\/api.w.org\/{rel}","templated":true}]}}