{"id":743950,"date":"2025-08-28T01:46:16","date_gmt":"2025-08-27T22:46:16","guid":{"rendered":"https:\/\/roveyayinevi.com.tr\/index.php\/urun\/radiant-1-somizli\/"},"modified":"2026-04-16T02:55:36","modified_gmt":"2026-04-15T23:55:36","slug":"radiant-1-somizli","status":"publish","type":"product","link":"https:\/\/roveyayinevi.com.tr\/index.php\/urun\/radiant-1-somizli\/","title":{"rendered":"Radiant 1 (\u015e\u00f6mizli)"},"content":{"rendered":"<p>Nemesis\u2019ler g\u00f6ky\u00fcz\u00fcnden d\u00fc\u015fen ve dokunduklar\u0131 herkesi \u00f6ld\u00fcren varl\u0131klard\u0131r. Nadiren hayatta kalan insanlara \u201cenfekte\u201dler ad\u0131 verilir ve bu ki\u015filerde \u00e7e\u015fitli fiziksel rahats\u0131zl\u0131klar ortaya \u00e7\u0131kar. Bununla beraber, b\u00fcy\u00fcl\u00fc bir enerjiyi yani Fantasia\u2019y\u0131 kullanma becerisi kazan\u0131rlar.   Seth biraz ahmak ancak \u00e7ok iyi niyetli bir b\u00fcy\u00fcc\u00fc \u00e7\u0131ra\u011f\u0131d\u0131r. Onu daha \u00e7ocukken yan\u0131na alan b\u00fcy\u00fcc\u00fc Alma ile Pompo Tepeleri\u2019nde ya\u015far. Biraz enfeksiyonu biraz da ahmakl\u0131\u011f\u0131 y\u00fcz\u00fcnden herkes taraf\u0131ndan terk edilmi\u015ftir. En b\u00fcy\u00fck hedefi, Nemesis\u2019lerin yuvas\u0131 ve geldi\u011fi yer olan Radiant\u2019\u0131n nerede oldu\u011funu ke\u015ffedip onu yok etmektir. Artemis Enstit\u00fcs\u00fc ad\u0131na \u00e7al\u0131\u015fan iki b\u00fcy\u00fcc\u00fc arkada\u015f\u0131 Doc ve M\u00e9lie ile \u00e7\u0131kt\u0131\u011f\u0131 yolculukta ya\u015fad\u0131\u011f\u0131 adac\u0131ktan ayr\u0131lan Seth, Radiant hakk\u0131nda daha fazla bilgi toplamaya \u00e7al\u0131\u015f\u0131r. Ancak kanunsuz b\u00fcy\u00fcc\u00fcleri tutuklamay\u0131 misyon edinen Engizisyon \u00fcyeleri pe\u015flerindedir\u2026 <\/p>\n","protected":false},"excerpt":{"rendered":"<p>Nemesis\u2019ler g\u00f6ky\u00fcz\u00fcnden d\u00fc\u015fen ve dokunduklar\u0131 herkesi \u00f6ld\u00fcren varl\u0131klard\u0131r. Nadiren hayatta kalan insanlara \u201cenfekte\u201dler ad\u0131 verilir ve bu ki\u015filerde \u00e7e\u015fitli fiziksel rahats\u0131zl\u0131klar ortaya \u00e7\u0131kar. Bununla beraber, b\u00fcy\u00fcl\u00fc<span class=\"excerpt-hellip\"> [\u2026]<\/span><\/p>\n","protected":false},"featured_media":0,"template":"","meta":{"_monsterinsights_skip_tracking":false,"_monsterinsights_sitenote_active":false,"_monsterinsights_sitenote_note":"","_monsterinsights_sitenote_category":0},"product_brand":[],"product_cat":[12689,12274],"product_tag":[],"class_list":{"0":"post-743950","1":"product","2":"type-product","3":"status-publish","5":"product_cat-cizgi-roman-cocuk-ve-genclik-kitaplari","6":"product_cat-cocuk-ve-genclik-kitaplari","7":"pa_cilt-ciltsiz","8":"pa_tur-kitap","9":"pa_yayinevi-senpai-yayinlari","10":"pa_yazar-tony-valente","12":"first","13":"instock","14":"sale","15":"shipping-taxable","16":"purchasable","17":"product-type-simple"},"_links":{"self":[{"href":"https:\/\/roveyayinevi.com.tr\/index.php\/wp-json\/wp\/v2\/product\/743950","targetHints":{"allow":["GET"]}}],"collection":[{"href":"https:\/\/roveyayinevi.com.tr\/index.php\/wp-json\/wp\/v2\/product"}],"about":[{"href":"https:\/\/roveyayinevi.com.tr\/index.php\/wp-json\/wp\/v2\/types\/product"}],"wp:attachment":[{"href":"https:\/\/roveyayinevi.com.tr\/index.php\/wp-json\/wp\/v2\/media?parent=743950"}],"wp:term":[{"taxonomy":"product_brand","embeddable":true,"href":"https:\/\/roveyayinevi.com.tr\/index.php\/wp-json\/wp\/v2\/product_brand?post=743950"},{"taxonomy":"product_cat","embeddable":true,"href":"https:\/\/roveyayinevi.com.tr\/index.php\/wp-json\/wp\/v2\/product_cat?post=743950"},{"taxonomy":"product_tag","embeddable":true,"href":"https:\/\/roveyayinevi.com.tr\/index.php\/wp-json\/wp\/v2\/product_tag?post=743950"}],"curies":[{"name":"wp","href":"https:\/\/api.w.org\/{rel}","templated":true}]}}