{"id":743949,"date":"2025-08-28T01:46:16","date_gmt":"2025-08-27T22:46:16","guid":{"rendered":"https:\/\/roveyayinevi.com.tr\/index.php\/urun\/asagidaki-mucize-vajina-ve-kadin-cinselligi-kilavuzu\/"},"modified":"2026-04-16T02:55:36","modified_gmt":"2026-04-15T23:55:36","slug":"asagidaki-mucize-vajina-ve-kadin-cinselligi-kilavuzu","status":"publish","type":"product","link":"https:\/\/roveyayinevi.com.tr\/index.php\/urun\/asagidaki-mucize-vajina-ve-kadin-cinselligi-kilavuzu\/","title":{"rendered":"A\u015fa\u011f\u0131daki Mucize Vajina ve Kad\u0131n Cinselli\u011fi K\u0131lavuzu"},"content":{"rendered":"<p>Vajinay\u0131 daha iyi tan\u0131mam\u0131z\u0131n zaman\u0131 geldi! Kad\u0131n anatomisini \u00e7evreleyen mitlere ve yanl\u0131\u015f anlamalara elveda deyin: A\u015fa\u011f\u0131daki Mucize, kad\u0131nlara cinsel sa\u011fl\u0131klar\u0131 hakk\u0131nda bilin\u00e7li se\u00e7imler yapma konusunda ilham verecek bir kitap.   Vajina hassas oldu\u011fu kadar muhte\u015fem bir organd\u0131r. Ke\u015ffedilecek, hayret edilecek ve tad\u0131n\u0131 \u00e7\u0131karacak \u00e7ok \u015fey var! \u00c7\u00fcnk\u00fc kendimizi bilmemiz, ruh h\u00e2limizi ve duygular\u0131m\u0131z\u0131 temelden etkiler. Ellen St\u00f8kken Dahl ve Dr. Nina Brochmann vajina hakk\u0131ndaki yayg\u0131n yanl\u0131\u015f bilgilerin ve insanlar\u0131n bu konuda sessiz kal\u0131\u015f\u0131n\u0131n kad\u0131nlara nas\u0131l zarar verdi\u011fini g\u00f6rd\u00fc\u011f\u00fcnde kad\u0131n bedeninin biyolojisi, anatomisi ve hakikati hakk\u0131nda konuyu her y\u00f6nden inceleyen bu kitab\u0131 kaleme almaya karar verdi. Hem t\u0131bbi uzmanl\u0131k hem de empatiyle aktar\u0131lan \u015fa\u015f\u0131rt\u0131c\u0131 ve az bilinen bilgilerle dolu bu kitapla akl\u0131n\u0131zdaki pek \u00e7ok soruya cevap bulacaks\u0131n\u0131z.   30\u2019dan fazla dile \u00e7evrilen A\u015fa\u011f\u0131daki Mucize, bilgelik, bilimsel kararl\u0131l\u0131k ve mizah dolu bir dille, okurlar\u0131 klitoristen do\u011fum kontrol\u00fcne, regl d\u00f6ng\u00fclerinden rahim a\u011fz\u0131 kanserine kadar kad\u0131n cinsel organlar\u0131 ve cinsel sa\u011fl\u0131\u011f\u0131 hakk\u0131nda b\u00fcy\u00fcleyici bir yolculu\u011fa \u00e7\u0131kar\u0131yor.   &#8220;Bacaklar\u0131n\u0131z\u0131n aras\u0131nda pek \u00e7ok bilinmeyen k\u0131s\u0131m i\u00e7eren bir d\u00fcnya haritas\u0131 var gibi g\u00f6r\u00fcn\u00fcyor. Bu kitap, a\u015fa\u011f\u0131s\u0131 i\u00e7in yaz\u0131lm\u0131\u015f bir gezi rehberi. T\u00fcm d\u00fcnyay\u0131 dola\u015f\u0131n!&#8221; \u2013Women&#8217;s Health<\/p>\n","protected":false},"excerpt":{"rendered":"<p>Vajinay\u0131 daha iyi tan\u0131mam\u0131z\u0131n zaman\u0131 geldi! Kad\u0131n anatomisini \u00e7evreleyen mitlere ve yanl\u0131\u015f anlamalara elveda deyin: A\u015fa\u011f\u0131daki Mucize, kad\u0131nlara cinsel sa\u011fl\u0131klar\u0131 hakk\u0131nda bilin\u00e7li se\u00e7imler yapma konusunda ilham<span class=\"excerpt-hellip\"> [\u2026]<\/span><\/p>\n","protected":false},"featured_media":0,"template":"","meta":{"_monsterinsights_skip_tracking":false,"_monsterinsights_sitenote_active":false,"_monsterinsights_sitenote_note":"","_monsterinsights_sitenote_category":0},"product_brand":[],"product_cat":[20313,13365],"product_tag":[],"class_list":{"0":"post-743949","1":"product","2":"type-product","3":"status-publish","5":"product_cat-basvuru-kitaplari-saglik","6":"product_cat-saglik","7":"pa_cilt-ciltsiz","8":"pa_tur-kitap","9":"pa_yayinevi-epsilon-yayinlari","10":"pa_yazar-nina-brochmann-ellen-stokken-dahl","12":"first","13":"instock","14":"sale","15":"shipping-taxable","16":"purchasable","17":"product-type-simple"},"_links":{"self":[{"href":"https:\/\/roveyayinevi.com.tr\/index.php\/wp-json\/wp\/v2\/product\/743949","targetHints":{"allow":["GET"]}}],"collection":[{"href":"https:\/\/roveyayinevi.com.tr\/index.php\/wp-json\/wp\/v2\/product"}],"about":[{"href":"https:\/\/roveyayinevi.com.tr\/index.php\/wp-json\/wp\/v2\/types\/product"}],"wp:attachment":[{"href":"https:\/\/roveyayinevi.com.tr\/index.php\/wp-json\/wp\/v2\/media?parent=743949"}],"wp:term":[{"taxonomy":"product_brand","embeddable":true,"href":"https:\/\/roveyayinevi.com.tr\/index.php\/wp-json\/wp\/v2\/product_brand?post=743949"},{"taxonomy":"product_cat","embeddable":true,"href":"https:\/\/roveyayinevi.com.tr\/index.php\/wp-json\/wp\/v2\/product_cat?post=743949"},{"taxonomy":"product_tag","embeddable":true,"href":"https:\/\/roveyayinevi.com.tr\/index.php\/wp-json\/wp\/v2\/product_tag?post=743949"}],"curies":[{"name":"wp","href":"https:\/\/api.w.org\/{rel}","templated":true}]}}