{"id":743948,"date":"2025-08-28T01:46:14","date_gmt":"2025-08-27T22:46:14","guid":{"rendered":"https:\/\/roveyayinevi.com.tr\/index.php\/urun\/evcillestirme-dunyamizi-degistiren-10-tur\/"},"modified":"2026-04-16T02:55:36","modified_gmt":"2026-04-15T23:55:36","slug":"evcillestirme-dunyamizi-degistiren-10-tur","status":"publish","type":"product","link":"https:\/\/roveyayinevi.com.tr\/index.php\/urun\/evcillestirme-dunyamizi-degistiren-10-tur\/","title":{"rendered":"Evcille\u015ftirme D\u00fcnyam\u0131z\u0131 De\u011fi\u015ftiren 10 T\u00fcr"},"content":{"rendered":"<p>K\u00f6pek, yolda\u015f\u0131m\u0131z oldu. Bu\u011fday, artan n\u00fcfusu besledi. S\u0131\u011f\u0131r, bize et ve s\u00fct verdi. M\u0131s\u0131r, imparatorluklar\u0131n b\u00fcy\u00fcmesini h\u0131zland\u0131rd\u0131. Patates, bize ziyafeti ve k\u0131tl\u0131\u011f\u0131 getirdi. Tavuk, yar\u0131n\u0131m\u0131z\u0131 merak etmemize yol a\u00e7t\u0131. Pirin\u00e7, bize alt\u0131n bir gelecek vaat etti. At, bize g\u00fc\u00e7 ve h\u0131z kazand\u0131rd\u0131. Elma, bizimle d\u00fcnyay\u0131 dola\u015ft\u0131. \u0130nsan, hepsini evcille\u015ftirdi.     Atalar\u0131m\u0131z y\u00fcz binlerce y\u0131l boyunca, onlar\u0131 evcille\u015ftirmeye ba\u015flayana kadar hayatta kalmak i\u00e7in vah\u015fi bitki ve hayvanlara ba\u011f\u0131ml\u0131yd\u0131. Arkeolojiyle genetikteki son teknolojiyi birle\u015ftiren bu kitap, insanl\u0131k tarihindeki en b\u00fcy\u00fck devrimin hik\u00e2yesini anlat\u0131yor ve evcille\u015ftirilmi\u015f on \u00f6nemli t\u00fcr\u00fcn b\u00fcy\u00fcleyici k\u00f6kenlerini ve s\u0131ras\u0131yla bizi de nas\u0131l d\u00f6n\u00fc\u015ft\u00fcrd\u00fcklerini ortaya koyuyor.   Alice Roberts, insan eylemlerinin bask\u0131s\u0131 alt\u0131nda \u00e7at\u0131rdayan bir d\u00fcnyada, do\u011fal d\u00fcnyayla olan ili\u015fkimize ve onun \u00fczerindeki b\u00fcy\u00fck etkimize yeniden bakmam\u0131z\u0131 sa\u011fl\u0131yor. <\/p>\n","protected":false},"excerpt":{"rendered":"<p>K\u00f6pek, yolda\u015f\u0131m\u0131z oldu. Bu\u011fday, artan n\u00fcfusu besledi. S\u0131\u011f\u0131r, bize et ve s\u00fct verdi. M\u0131s\u0131r, imparatorluklar\u0131n b\u00fcy\u00fcmesini h\u0131zland\u0131rd\u0131. Patates, bize ziyafeti ve k\u0131tl\u0131\u011f\u0131 getirdi. Tavuk, yar\u0131n\u0131m\u0131z\u0131 merak<span class=\"excerpt-hellip\"> [\u2026]<\/span><\/p>\n","protected":false},"featured_media":0,"template":"","meta":{"_monsterinsights_skip_tracking":false,"_monsterinsights_sitenote_active":false,"_monsterinsights_sitenote_note":"","_monsterinsights_sitenote_category":0},"product_brand":[],"product_cat":[13072,12291],"product_tag":[],"class_list":{"0":"post-743948","1":"product","2":"type-product","3":"status-publish","5":"product_cat-arastirma-inceleme-referans","6":"product_cat-edebiyat","7":"pa_cilt-ciltsiz","8":"pa_tur-kitap","9":"pa_yayinevi-epsilon-yayinlari","10":"pa_yazar-alice-roberts","12":"first","13":"instock","14":"sale","15":"shipping-taxable","16":"purchasable","17":"product-type-simple"},"_links":{"self":[{"href":"https:\/\/roveyayinevi.com.tr\/index.php\/wp-json\/wp\/v2\/product\/743948","targetHints":{"allow":["GET"]}}],"collection":[{"href":"https:\/\/roveyayinevi.com.tr\/index.php\/wp-json\/wp\/v2\/product"}],"about":[{"href":"https:\/\/roveyayinevi.com.tr\/index.php\/wp-json\/wp\/v2\/types\/product"}],"wp:attachment":[{"href":"https:\/\/roveyayinevi.com.tr\/index.php\/wp-json\/wp\/v2\/media?parent=743948"}],"wp:term":[{"taxonomy":"product_brand","embeddable":true,"href":"https:\/\/roveyayinevi.com.tr\/index.php\/wp-json\/wp\/v2\/product_brand?post=743948"},{"taxonomy":"product_cat","embeddable":true,"href":"https:\/\/roveyayinevi.com.tr\/index.php\/wp-json\/wp\/v2\/product_cat?post=743948"},{"taxonomy":"product_tag","embeddable":true,"href":"https:\/\/roveyayinevi.com.tr\/index.php\/wp-json\/wp\/v2\/product_tag?post=743948"}],"curies":[{"name":"wp","href":"https:\/\/api.w.org\/{rel}","templated":true}]}}