{"id":743946,"date":"2025-08-28T01:46:11","date_gmt":"2025-08-27T22:46:11","guid":{"rendered":"https:\/\/roveyayinevi.com.tr\/index.php\/urun\/bilimin-bilinmeyen-tarihi\/"},"modified":"2026-04-16T02:55:36","modified_gmt":"2026-04-15T23:55:36","slug":"bilimin-bilinmeyen-tarihi","status":"publish","type":"product","link":"https:\/\/roveyayinevi.com.tr\/index.php\/urun\/bilimin-bilinmeyen-tarihi\/","title":{"rendered":"Bilimin Bilinmeyen Tarihi"},"content":{"rendered":"<p>\u015e\u00fcphe yok ki g\u00fcn\u00fcm\u00fcz bilimini anlamak i\u00e7in ge\u00e7mi\u015fte neler oldu\u011funu bilmeye muhtac\u0131z. O h\u00e2lde neden bu konudan geri duruyor ve okuma yapmaktan ka\u00e7\u0131n\u0131yoruz? Her disiplin gibi bilimin de kendine ait bir dili var ve muhtemelen hepimizi korkutan da bu yabanc\u0131l\u0131k \u00e7ekti\u011fimiz terimler deryas\u0131&#8230; Ancak bir bilim tarih\u00e7isi olan Burak Saytekin taraf\u0131ndan kaleme al\u0131nm\u0131\u015f bu kitab\u0131 okudu\u011funuzda, korkular\u0131n yerini daha fazlas\u0131n\u0131 \u00f6\u011frenme iste\u011fi alacak.   \u0130\u015fte her biri \u00f6zenle, romans\u0131 bir dille hik\u00e2ye edilmi\u015f, bilimi ve biliminsanlar\u0131n\u0131 konu eden sanat eserlerinden harika bir se\u00e7kiyle sayfalara yerle\u015fmi\u015f b\u00f6l\u00fcmlerde yan\u0131t\u0131n\u0131 bulaca\u011f\u0131n\u0131z sorulara birka\u00e7 \u00f6rnek:   \u2022 Ar\u015fimet\u2019i kim, nas\u0131l \u00f6ld\u00fcrd\u00fc? Mezar\u0131n\u0131 kim buldu? \u2022 Leonardo da Vinci rahmi neden yanl\u0131\u015f \u00e7izdi? \u2022 Hayat, Lavoisier\u2019yi giyotin kuyru\u011funa nas\u0131l soktu? \u2022 Newton\u2019\u0131n ba\u015f\u0131na ger\u00e7ekten elma d\u00fc\u015ft\u00fc m\u00fc? \u2022 Ressam Michelangelo\u2019nun ceset tiksintisi Doktor Colombo\u2019yu nas\u0131l bir   ba\u015far\u0131dan mahrum etti? \u2022 Bir r\u00fcya kimyager Kekule\u2019yi nas\u0131l \u00e7\u00f6z\u00fcme kavu\u015fturdu? \u2022 2000 y\u0131l \u00f6nce otomatik kap\u0131 nas\u0131l icat edildi? \u2022 Doktor Borelli, canl\u0131 bir geyi\u011fin kalbine neden termometre soktu? \u2022 Hypatia neden lin\u00e7 edildi? \u2022 D\u00fcnyan\u0131n \u00e7evresi tek bir \u00e7ubuk ile nas\u0131l hesapland\u0131? \u2022 Kimyager Cavendish neden yaln\u0131z \u00f6lmek istedi?   \u201cBir bilim tarih\u00e7isi olarak hemen her bilimcinin hayat\u0131 ilgimi \u00e7ekiyor ancak bu kitab\u0131 haz\u0131rlarken, herkesin ilgisini \u00e7ekebilecek \u00f6yk\u00fcleri bulmaya gayret ettim. Bilim tarihi kitaplar\u0131 genellikle bilimcilerin neler yapt\u0131\u011f\u0131na odaklan\u0131r. Bense bilim ad\u0131na neler yap\u0131ld\u0131\u011f\u0131ndan \u00e7ok \u2018nas\u0131l\u2019 yap\u0131ld\u0131\u011f\u0131n\u0131 anlatmaya \u00e7abalad\u0131m.  17. y\u00fczy\u0131lda ya\u015fam\u0131\u015f bir ebe olan Justine Siegemund\u2019un (1636-1705) s\u00f6zleriyle \u00f6zetleyeyim: \u2018Yazd\u0131\u011f\u0131m her \u015feyin akademik \u00fcsluba uymad\u0131\u011f\u0131n\u0131 kabul ediyorum.\u2019 Ve bu kitab\u0131 okuyanlar\u0131n sohbet masalar\u0131na konu olabilecek hayat \u00f6yk\u00fclerini d\u00fc\u015f\u00fcn\u00fcnce, bundan hi\u00e7 pi\u015fmanl\u0131k duymad\u0131\u011f\u0131m\u0131 s\u00f6yleyebilirim.\u201d \u2013 Burak SAYTEK\u0130N<\/p>\n","protected":false},"excerpt":{"rendered":"<p>\u015e\u00fcphe yok ki g\u00fcn\u00fcm\u00fcz bilimini anlamak i\u00e7in ge\u00e7mi\u015fte neler oldu\u011funu bilmeye muhtac\u0131z. O h\u00e2lde neden bu konudan geri duruyor ve okuma yapmaktan ka\u00e7\u0131n\u0131yoruz? Her disiplin gibi<span class=\"excerpt-hellip\"> [\u2026]<\/span><\/p>\n","protected":false},"featured_media":0,"template":"","meta":{"_monsterinsights_skip_tracking":false,"_monsterinsights_sitenote_active":false,"_monsterinsights_sitenote_note":"","_monsterinsights_sitenote_category":0},"product_brand":[],"product_cat":[14009,12291],"product_tag":[],"class_list":{"0":"post-743946","1":"product","2":"type-product","3":"status-publish","5":"product_cat-biyografi-otobiyografi-edebiyat","6":"product_cat-edebiyat","7":"pa_cilt-ciltsiz","8":"pa_tur-kitap","9":"pa_yayinevi-epsilon-yayinlari","10":"pa_yazar-burak-saytekin","12":"first","13":"instock","14":"sale","15":"shipping-taxable","16":"purchasable","17":"product-type-simple"},"_links":{"self":[{"href":"https:\/\/roveyayinevi.com.tr\/index.php\/wp-json\/wp\/v2\/product\/743946","targetHints":{"allow":["GET"]}}],"collection":[{"href":"https:\/\/roveyayinevi.com.tr\/index.php\/wp-json\/wp\/v2\/product"}],"about":[{"href":"https:\/\/roveyayinevi.com.tr\/index.php\/wp-json\/wp\/v2\/types\/product"}],"wp:attachment":[{"href":"https:\/\/roveyayinevi.com.tr\/index.php\/wp-json\/wp\/v2\/media?parent=743946"}],"wp:term":[{"taxonomy":"product_brand","embeddable":true,"href":"https:\/\/roveyayinevi.com.tr\/index.php\/wp-json\/wp\/v2\/product_brand?post=743946"},{"taxonomy":"product_cat","embeddable":true,"href":"https:\/\/roveyayinevi.com.tr\/index.php\/wp-json\/wp\/v2\/product_cat?post=743946"},{"taxonomy":"product_tag","embeddable":true,"href":"https:\/\/roveyayinevi.com.tr\/index.php\/wp-json\/wp\/v2\/product_tag?post=743946"}],"curies":[{"name":"wp","href":"https:\/\/api.w.org\/{rel}","templated":true}]}}