{"id":743944,"date":"2025-08-28T01:46:09","date_gmt":"2025-08-27T22:46:09","guid":{"rendered":"https:\/\/roveyayinevi.com.tr\/index.php\/urun\/tek-derste-para\/"},"modified":"2026-04-16T02:55:36","modified_gmt":"2026-04-15T23:55:36","slug":"tek-derste-para","status":"publish","type":"product","link":"https:\/\/roveyayinevi.com.tr\/index.php\/urun\/tek-derste-para\/","title":{"rendered":"Tek Derste Para"},"content":{"rendered":"<p>G\u00fcn\u00fcm\u00fcz d\u00fcnyas\u0131nda neler olup bitti\u011fini anlayabilmek i\u00e7in finansal sistemi kavramak b\u00fcy\u00fck \u00f6nem ta\u015f\u0131yor. Son y\u0131llarda Bitcoin gibi \u00f6deme ara\u00e7lar\u0131 paray\u0131 kullanma \u015feklimizi ve ayn\u0131 zamanda h\u00fck\u00fcmetler ile \u015firketlerin harcamalar\u0131m\u0131z\u0131 takip etmek i\u00e7in uygulad\u0131klar\u0131 y\u00f6ntemleri de\u011fi\u015ftiriyor. Kendinize \u201cBu sistem nas\u0131l i\u015fliyor sahiden biliyor muyum?\u201d diye sorsan\u0131z yan\u0131t\u0131n\u0131z \u201cEvet\u201d olabilir mi?   Financial Times\u2019\u0131n ekonomi ve i\u015fletme alanlar\u0131nda uzmanla\u015fm\u0131\u015f ba\u015fyazar\u0131 Gavin Jackson Tek Derste Para isimli bu kitapta \u0130rlanda\u2019daki bankac\u0131l\u0131k grevinden Bat\u0131 Afrika\u2019daki deniz kabu\u011fu enflasyonuna kadar \u00e7e\u015fitli tarihsel olaylardan yola \u00e7\u0131karak okuyuculara paran\u0131n ne oldu\u011funu ve toplumlar\u0131m\u0131z\u0131 nas\u0131l \u015fekillendirdi\u011fini a\u00e7\u0131kl\u0131yor.      \u201cPara \u00f6nemlidir. Ve neden \u00f6nemli oldu\u011funu anlamak i\u00e7in cevap vermemiz gereken ilk soru, paran\u0131n tam olarak ne oldu\u011fudur.\u201d   <\/p>\n","protected":false},"excerpt":{"rendered":"<p>G\u00fcn\u00fcm\u00fcz d\u00fcnyas\u0131nda neler olup bitti\u011fini anlayabilmek i\u00e7in finansal sistemi kavramak b\u00fcy\u00fck \u00f6nem ta\u015f\u0131yor. Son y\u0131llarda Bitcoin gibi \u00f6deme ara\u00e7lar\u0131 paray\u0131 kullanma \u015feklimizi ve ayn\u0131 zamanda h\u00fck\u00fcmetler<span class=\"excerpt-hellip\"> [\u2026]<\/span><\/p>\n","protected":false},"featured_media":0,"template":"","meta":{"_monsterinsights_skip_tracking":false,"_monsterinsights_sitenote_active":false,"_monsterinsights_sitenote_note":"","_monsterinsights_sitenote_category":0},"product_brand":[],"product_cat":[20333,13043],"product_tag":[],"class_list":{"0":"post-743944","1":"product","2":"type-product","3":"status-publish","5":"product_cat-diger-ekonomi","6":"product_cat-ekonomi","7":"pa_cilt-ciltsiz","8":"pa_tur-kitap","9":"pa_yayinevi-say-yayinlari","10":"pa_yazar-gavin-jackson","12":"first","13":"instock","14":"sale","15":"shipping-taxable","16":"purchasable","17":"product-type-simple"},"_links":{"self":[{"href":"https:\/\/roveyayinevi.com.tr\/index.php\/wp-json\/wp\/v2\/product\/743944","targetHints":{"allow":["GET"]}}],"collection":[{"href":"https:\/\/roveyayinevi.com.tr\/index.php\/wp-json\/wp\/v2\/product"}],"about":[{"href":"https:\/\/roveyayinevi.com.tr\/index.php\/wp-json\/wp\/v2\/types\/product"}],"wp:attachment":[{"href":"https:\/\/roveyayinevi.com.tr\/index.php\/wp-json\/wp\/v2\/media?parent=743944"}],"wp:term":[{"taxonomy":"product_brand","embeddable":true,"href":"https:\/\/roveyayinevi.com.tr\/index.php\/wp-json\/wp\/v2\/product_brand?post=743944"},{"taxonomy":"product_cat","embeddable":true,"href":"https:\/\/roveyayinevi.com.tr\/index.php\/wp-json\/wp\/v2\/product_cat?post=743944"},{"taxonomy":"product_tag","embeddable":true,"href":"https:\/\/roveyayinevi.com.tr\/index.php\/wp-json\/wp\/v2\/product_tag?post=743944"}],"curies":[{"name":"wp","href":"https:\/\/api.w.org\/{rel}","templated":true}]}}