{"id":743943,"date":"2025-08-28T01:46:08","date_gmt":"2025-08-27T22:46:08","guid":{"rendered":"https:\/\/roveyayinevi.com.tr\/index.php\/urun\/er-tapildi-ile-kardigac\/"},"modified":"2026-04-16T02:55:36","modified_gmt":"2026-04-15T23:55:36","slug":"er-tapildi-ile-kardigac","status":"publish","type":"product","link":"https:\/\/roveyayinevi.com.tr\/index.php\/urun\/er-tapildi-ile-kardigac\/","title":{"rendered":"Er Tap\u0131ld\u0131 \u0130le Kard\u0131ga\u00e7"},"content":{"rendered":"<p>K\u0131rg\u0131z bilgin Mirlan Namatov: \u201cMasal ve destanlar, K\u0131rg\u0131z ve di\u011fer T\u00fcrk boylar\u0131n\u0131n tarihini, hayat tarz\u0131n\u0131, felsefesini, \u00f6rf ve \u00e2detlerini, hayal d\u00fcnyas\u0131n\u0131 ve d\u00fcnyaya bak\u0131\u015f\u0131n\u0131 yans\u0131tt\u0131klar\u0131 i\u00e7in hayat\u0131n bir ansiklopedisi gibidir,\u201d diyor. \u201c\u00c7e\u015fitli bask\u0131lara ra\u011fmen, K\u0131rg\u0131zlar bu eserleri kutsal bir emanet kabul ederek zenginle\u015ftirmeyi ba\u015farm\u0131\u015flard\u0131r.\u201d   Er Tap\u0131ld\u0131 ile Kard\u0131ga\u00e7 bu zengin hazineden sadece biridir. 14 bin 399 m\u0131sradan olu\u015fan bu b\u00fcy\u00fck destan\u0131 Mirlan Namatov, Y\u00fccel Feyzio\u011flu\u2019na verdi. O da bu destan\u0131 \u00e7ocuklar i\u00e7in masal olarak yazd\u0131. <\/p>\n","protected":false},"excerpt":{"rendered":"<p>K\u0131rg\u0131z bilgin Mirlan Namatov: \u201cMasal ve destanlar, K\u0131rg\u0131z ve di\u011fer T\u00fcrk boylar\u0131n\u0131n tarihini, hayat tarz\u0131n\u0131, felsefesini, \u00f6rf ve \u00e2detlerini, hayal d\u00fcnyas\u0131n\u0131 ve d\u00fcnyaya bak\u0131\u015f\u0131n\u0131 yans\u0131tt\u0131klar\u0131 i\u00e7in<span class=\"excerpt-hellip\"> [\u2026]<\/span><\/p>\n","protected":false},"featured_media":0,"template":"","meta":{"_monsterinsights_skip_tracking":false,"_monsterinsights_sitenote_active":false,"_monsterinsights_sitenote_note":"","_monsterinsights_sitenote_category":0},"product_brand":[],"product_cat":[12275,12274],"product_tag":[],"class_list":{"0":"post-743943","1":"product","2":"type-product","3":"status-publish","5":"product_cat-6-12-yas-kitaplari","6":"product_cat-cocuk-ve-genclik-kitaplari","7":"pa_cilt-ciltsiz","8":"pa_tur-kitap","9":"pa_yayinevi-dogu-bati-cocuk","10":"pa_yazar-yucel-feyzioglu","12":"first","13":"instock","14":"sale","15":"shipping-taxable","16":"purchasable","17":"product-type-simple"},"_links":{"self":[{"href":"https:\/\/roveyayinevi.com.tr\/index.php\/wp-json\/wp\/v2\/product\/743943","targetHints":{"allow":["GET"]}}],"collection":[{"href":"https:\/\/roveyayinevi.com.tr\/index.php\/wp-json\/wp\/v2\/product"}],"about":[{"href":"https:\/\/roveyayinevi.com.tr\/index.php\/wp-json\/wp\/v2\/types\/product"}],"wp:attachment":[{"href":"https:\/\/roveyayinevi.com.tr\/index.php\/wp-json\/wp\/v2\/media?parent=743943"}],"wp:term":[{"taxonomy":"product_brand","embeddable":true,"href":"https:\/\/roveyayinevi.com.tr\/index.php\/wp-json\/wp\/v2\/product_brand?post=743943"},{"taxonomy":"product_cat","embeddable":true,"href":"https:\/\/roveyayinevi.com.tr\/index.php\/wp-json\/wp\/v2\/product_cat?post=743943"},{"taxonomy":"product_tag","embeddable":true,"href":"https:\/\/roveyayinevi.com.tr\/index.php\/wp-json\/wp\/v2\/product_tag?post=743943"}],"curies":[{"name":"wp","href":"https:\/\/api.w.org\/{rel}","templated":true}]}}