{"id":743942,"date":"2025-08-28T01:46:06","date_gmt":"2025-08-27T22:46:06","guid":{"rendered":"https:\/\/roveyayinevi.com.tr\/index.php\/urun\/aldar-kose-kazakistan-masallari\/"},"modified":"2026-04-16T02:55:36","modified_gmt":"2026-04-15T23:55:36","slug":"aldar-kose-kazakistan-masallari","status":"publish","type":"product","link":"https:\/\/roveyayinevi.com.tr\/index.php\/urun\/aldar-kose-kazakistan-masallari\/","title":{"rendered":"Aldar K\u00f6se &#8211; Kazakistan Masallar\u0131"},"content":{"rendered":"<p>Aldar K\u00f6se \u00e7ok ilgin\u00e7 bir tip. Nasrettin Hoca gibi, Tibetli Tompa Day\u0131, Avrupal\u0131 Till Eulenspiegel gibi 14. y\u00fczy\u0131lda ortaya \u00e7\u0131km\u0131\u015f. \u015eakalar\u0131, n\u00fckteleri, muziplikleri, dalga ge\u00e7meleri ve ince zek\u00e2s\u0131 ile insanlar\u0131 ba\u015fka t\u00fcrl\u00fc d\u00fc\u015f\u00fcnmeye zorlayarak \u015fa\u015f\u0131rtm\u0131\u015ft\u0131r. Yanl\u0131\u015f gelenek ve t\u00f6releri \u00e7i\u011fnemi\u015f, k\u00fclt\u00fcr d\u00f6n\u00fc\u015f\u00fcm\u00fc sa\u011flayarak o \u00e7a\u011f\u0131n ruhunu yans\u0131tm\u0131\u015f ve \u00fcn\u00fc d\u00fcnyaya yay\u0131lm\u0131\u015ft\u0131r&#8230; Aldar K\u00f6se hik\u00e2yelerini her ya\u015ftan insanlar zevkle okuyacak, yer yer \u015fa\u015f\u0131racak, yer yer g\u00fcleceklerdir.  Y\u00fccel Feyzio\u011flu, Aldar K\u00f6se hik\u00e2yelerini sadece aktarmam\u0131\u015f, zenginle\u015ftirmi\u015ftir&#8230; <\/p>\n","protected":false},"excerpt":{"rendered":"<p>Aldar K\u00f6se \u00e7ok ilgin\u00e7 bir tip. Nasrettin Hoca gibi, Tibetli Tompa Day\u0131, Avrupal\u0131 Till Eulenspiegel gibi 14. y\u00fczy\u0131lda ortaya \u00e7\u0131km\u0131\u015f. \u015eakalar\u0131, n\u00fckteleri, muziplikleri, dalga ge\u00e7meleri ve<span class=\"excerpt-hellip\"> [\u2026]<\/span><\/p>\n","protected":false},"featured_media":0,"template":"","meta":{"_monsterinsights_skip_tracking":false,"_monsterinsights_sitenote_active":false,"_monsterinsights_sitenote_note":"","_monsterinsights_sitenote_category":0},"product_brand":[],"product_cat":[12274,12284],"product_tag":[],"class_list":{"0":"post-743942","1":"product","2":"type-product","3":"status-publish","5":"product_cat-cocuk-ve-genclik-kitaplari","6":"product_cat-hikayeler","7":"pa_cilt-ciltsiz","8":"pa_tur-kitap","9":"pa_yayinevi-dogu-bati-cocuk","10":"pa_yazar-yucel-feyzioglu","12":"first","13":"instock","14":"sale","15":"shipping-taxable","16":"purchasable","17":"product-type-simple"},"_links":{"self":[{"href":"https:\/\/roveyayinevi.com.tr\/index.php\/wp-json\/wp\/v2\/product\/743942","targetHints":{"allow":["GET"]}}],"collection":[{"href":"https:\/\/roveyayinevi.com.tr\/index.php\/wp-json\/wp\/v2\/product"}],"about":[{"href":"https:\/\/roveyayinevi.com.tr\/index.php\/wp-json\/wp\/v2\/types\/product"}],"wp:attachment":[{"href":"https:\/\/roveyayinevi.com.tr\/index.php\/wp-json\/wp\/v2\/media?parent=743942"}],"wp:term":[{"taxonomy":"product_brand","embeddable":true,"href":"https:\/\/roveyayinevi.com.tr\/index.php\/wp-json\/wp\/v2\/product_brand?post=743942"},{"taxonomy":"product_cat","embeddable":true,"href":"https:\/\/roveyayinevi.com.tr\/index.php\/wp-json\/wp\/v2\/product_cat?post=743942"},{"taxonomy":"product_tag","embeddable":true,"href":"https:\/\/roveyayinevi.com.tr\/index.php\/wp-json\/wp\/v2\/product_tag?post=743942"}],"curies":[{"name":"wp","href":"https:\/\/api.w.org\/{rel}","templated":true}]}}