{"id":743940,"date":"2025-08-28T01:46:04","date_gmt":"2025-08-27T22:46:04","guid":{"rendered":"https:\/\/roveyayinevi.com.tr\/index.php\/urun\/oksuzogul\/"},"modified":"2026-04-16T02:55:36","modified_gmt":"2026-04-15T23:55:36","slug":"oksuzogul","status":"publish","type":"product","link":"https:\/\/roveyayinevi.com.tr\/index.php\/urun\/oksuzogul\/","title":{"rendered":"\u00d6ks\u00fczo\u011ful"},"content":{"rendered":"<p>\u015eafak s\u00f6kmek \u00fczereydi. G\u00f6ky\u00fcz\u00fcnde da\u011f kadar bir alev topu g\u00f6r\u00fcnd\u00fc. \u00d6yle bir alev topu ki; g\u00fcne\u015f kadar parlak. Yenisey, Abakan, Tunguzka \u0131rmaklar\u0131n\u0131n sular\u0131 alev alev tutu\u015ftu, mavilikler k\u0131z\u0131la boyand\u0131. Alev topu yakla\u015ft\u0131, yakla\u015ft\u0131, yery\u00fcz\u00fcne \u00e7ak\u0131lmadan \u00f6yle bir patlad\u0131 ki; ses b\u00fct\u00fcn Sibirya\u2019da duyuldu, yer g\u00f6k sars\u0131ld\u0131, Sibirya aya\u011fa kalkt\u0131. \u0130\u015fte o sabah, o b\u00fcy\u00fck \u0131\u015f\u0131k, Abakan \u0131rma\u011f\u0131n\u0131n k\u0131y\u0131s\u0131ndaki \u00dcz\u00fcm k\u00f6y\u00fcne bir \u00e7ocuk b\u0131rakt\u0131. Ad\u0131n\u0131 Pora H\u0131z\u0131lo\u011flu Katan koydular. Tarih 5 May\u0131s 1862\u2019yi g\u00f6steriyordu. Sibirya T\u00fcrklerinin b\u00fct\u00fcn masallar\u0131n\u0131 derleyecek olan ilk insan bu \u00e7ocuktu. Onun ar\u015fivini \u0130stanbul\u2019a getirten ilk insan da Mustafa Kemal Atat\u00fcrk oldu. O ar\u015fivden yararlanarak bu masallar\u0131 yazan da Y\u00fccel Feyzio\u011flu. <\/p>\n","protected":false},"excerpt":{"rendered":"<p>\u015eafak s\u00f6kmek \u00fczereydi. G\u00f6ky\u00fcz\u00fcnde da\u011f kadar bir alev topu g\u00f6r\u00fcnd\u00fc. \u00d6yle bir alev topu ki; g\u00fcne\u015f kadar parlak. Yenisey, Abakan, Tunguzka \u0131rmaklar\u0131n\u0131n sular\u0131 alev alev tutu\u015ftu,<span class=\"excerpt-hellip\"> [\u2026]<\/span><\/p>\n","protected":false},"featured_media":0,"template":"","meta":{"_monsterinsights_skip_tracking":false,"_monsterinsights_sitenote_active":false,"_monsterinsights_sitenote_note":"","_monsterinsights_sitenote_category":0},"product_brand":[],"product_cat":[12275,12274],"product_tag":[],"class_list":{"0":"post-743940","1":"product","2":"type-product","3":"status-publish","5":"product_cat-6-12-yas-kitaplari","6":"product_cat-cocuk-ve-genclik-kitaplari","7":"pa_cilt-ciltsiz","8":"pa_tur-kitap","9":"pa_yayinevi-dogu-bati-cocuk","10":"pa_yazar-yucel-feyzioglu","12":"first","13":"instock","14":"sale","15":"shipping-taxable","16":"purchasable","17":"product-type-simple"},"_links":{"self":[{"href":"https:\/\/roveyayinevi.com.tr\/index.php\/wp-json\/wp\/v2\/product\/743940","targetHints":{"allow":["GET"]}}],"collection":[{"href":"https:\/\/roveyayinevi.com.tr\/index.php\/wp-json\/wp\/v2\/product"}],"about":[{"href":"https:\/\/roveyayinevi.com.tr\/index.php\/wp-json\/wp\/v2\/types\/product"}],"wp:attachment":[{"href":"https:\/\/roveyayinevi.com.tr\/index.php\/wp-json\/wp\/v2\/media?parent=743940"}],"wp:term":[{"taxonomy":"product_brand","embeddable":true,"href":"https:\/\/roveyayinevi.com.tr\/index.php\/wp-json\/wp\/v2\/product_brand?post=743940"},{"taxonomy":"product_cat","embeddable":true,"href":"https:\/\/roveyayinevi.com.tr\/index.php\/wp-json\/wp\/v2\/product_cat?post=743940"},{"taxonomy":"product_tag","embeddable":true,"href":"https:\/\/roveyayinevi.com.tr\/index.php\/wp-json\/wp\/v2\/product_tag?post=743940"}],"curies":[{"name":"wp","href":"https:\/\/api.w.org\/{rel}","templated":true}]}}