{"id":743938,"date":"2025-08-28T01:46:02","date_gmt":"2025-08-27T22:46:02","guid":{"rendered":"https:\/\/roveyayinevi.com.tr\/index.php\/urun\/konut-politikasi-ulke-deneyimleri\/"},"modified":"2026-04-16T02:55:36","modified_gmt":"2026-04-15T23:55:36","slug":"konut-politikasi-ulke-deneyimleri","status":"publish","type":"product","link":"https:\/\/roveyayinevi.com.tr\/index.php\/urun\/konut-politikasi-ulke-deneyimleri\/","title":{"rendered":"Konut Politikas\u0131 \u00dclke Deneyimleri"},"content":{"rendered":"<p>\u0130lk defa sanayi devriminden sonra yo\u011fun bir bi\u00e7imde hissedilen bar\u0131nma ve konut sorunu; g\u00fcn\u00fcm\u00fczde d\u00fcnyan\u0131n pek \u00e7ok \u00fclkesinde \u00f6nemli g\u00fcndem maddelerinden biri olmay\u0131 s\u00fcrd\u00fcrmektedir. H\u00fck\u00fbmetlerin bu sorunu ortadan kald\u0131rmak \u00fczere \u00e7e\u015fitli enstr\u00fcmanlar kullanarak yapt\u0131klar\u0131 m\u00fcdahaleler ise genel itibariyle \u2018konut politikas\u0131\u2019 olarak adland\u0131r\u0131lmaktad\u0131r.   \u0130\u015fte elinizdeki \u00e7al\u0131\u015fma, konut sorununun daha ziyade piyasan\u0131n \u00e7\u00f6z\u00fcm\u00fcne havale edildi\u011fi \u2018liberal\u2019 refah sistemi, kamunun sekt\u00f6re bundan daha fazla m\u00fcdahalesini \u00f6ng\u00f6ren \u2018korporatist\/muhafazak\u00e2r\u2019 refah sistemi, konutun meta olmaktan b\u00fcy\u00fck \u00f6l\u00e7\u00fcde \u00e7\u0131kar\u0131ld\u0131\u011f\u0131 \u2018sosyal demokrat\u2019 refah sistemi ve sekt\u00f6rde devletin kayda de\u011fer bir yerinin olmad\u0131\u011f\u0131 \u2018rudimenter\u2019 refah sistemine d\u00e2hil d\u00f6rt farkl\u0131 \u00fclkede uygulanan konut politikalar\u0131n\u0131 ele almaktad\u0131r.   D\u00e2hil olduklar\u0131 refah sisteminin iyi birer temsilcisi oldu\u011fu d\u00fc\u015f\u00fcn\u00fclen bu \u00fclkeler, s\u0131ras\u0131yla Britanya, Fransa, \u0130sve\u00e7 ve T\u00fcrkiye\u2019dir. S\u00f6z konusu \u00fclkelerdeki konut politikalar\u0131n\u0131 geni\u015f bir tarih\u00ee perspektiften ele alan \u00e7al\u0131\u015fma, \u00fclkelerin bu s\u00fcre\u00e7te hangi politika g\u00fczerg\u00e2hlar\u0131n\u0131 takip ettiklerini, konut sorununa hangi politika ara\u00e7lar\u0131yla yakla\u015ft\u0131klar\u0131n\u0131, uygulad\u0131klar\u0131 politikalar\u0131n kimi kesi\u015fme ve ayr\u0131\u015fma noktalar\u0131n\u0131 ve nihayet politika tercihlerindeki de\u011fi\u015fimlerin, \u00fclkelerin ait olduklar\u0131 refah kategorisinde herhangi bir de\u011fi\u015fime sebep olup olmad\u0131\u011f\u0131n\u0131 ana hatlar\u0131yla ortaya koymaktad\u0131r. <\/p>\n","protected":false},"excerpt":{"rendered":"<p>\u0130lk defa sanayi devriminden sonra yo\u011fun bir bi\u00e7imde hissedilen bar\u0131nma ve konut sorunu; g\u00fcn\u00fcm\u00fczde d\u00fcnyan\u0131n pek \u00e7ok \u00fclkesinde \u00f6nemli g\u00fcndem maddelerinden biri olmay\u0131 s\u00fcrd\u00fcrmektedir. H\u00fck\u00fbmetlerin bu<span class=\"excerpt-hellip\"> [\u2026]<\/span><\/p>\n","protected":false},"featured_media":0,"template":"","meta":{"_monsterinsights_skip_tracking":false,"_monsterinsights_sitenote_active":false,"_monsterinsights_sitenote_note":"","_monsterinsights_sitenote_category":0},"product_brand":[],"product_cat":[13059,12337],"product_tag":[],"class_list":{"0":"post-743938","1":"product","2":"type-product","3":"status-publish","5":"product_cat-diger-politika-siyaset","6":"product_cat-politika-siyaset","7":"pa_cilt-ciltsiz","8":"pa_tur-kitap","9":"pa_yayinevi-idealkent-yayincilik","10":"pa_yazar-hakan-olgun","12":"first","13":"instock","14":"sale","15":"shipping-taxable","16":"purchasable","17":"product-type-simple"},"_links":{"self":[{"href":"https:\/\/roveyayinevi.com.tr\/index.php\/wp-json\/wp\/v2\/product\/743938","targetHints":{"allow":["GET"]}}],"collection":[{"href":"https:\/\/roveyayinevi.com.tr\/index.php\/wp-json\/wp\/v2\/product"}],"about":[{"href":"https:\/\/roveyayinevi.com.tr\/index.php\/wp-json\/wp\/v2\/types\/product"}],"wp:attachment":[{"href":"https:\/\/roveyayinevi.com.tr\/index.php\/wp-json\/wp\/v2\/media?parent=743938"}],"wp:term":[{"taxonomy":"product_brand","embeddable":true,"href":"https:\/\/roveyayinevi.com.tr\/index.php\/wp-json\/wp\/v2\/product_brand?post=743938"},{"taxonomy":"product_cat","embeddable":true,"href":"https:\/\/roveyayinevi.com.tr\/index.php\/wp-json\/wp\/v2\/product_cat?post=743938"},{"taxonomy":"product_tag","embeddable":true,"href":"https:\/\/roveyayinevi.com.tr\/index.php\/wp-json\/wp\/v2\/product_tag?post=743938"}],"curies":[{"name":"wp","href":"https:\/\/api.w.org\/{rel}","templated":true}]}}