{"id":743936,"date":"2025-08-28T01:45:59","date_gmt":"2025-08-27T22:45:59","guid":{"rendered":"https:\/\/roveyayinevi.com.tr\/index.php\/urun\/hz-omerin-fikhi-ictihatlarinin-islam-hukukuna-kattigi-dinamizm\/"},"modified":"2026-04-16T02:55:36","modified_gmt":"2026-04-15T23:55:36","slug":"hz-omerin-fikhi-ictihatlarinin-islam-hukukuna-kattigi-dinamizm","status":"publish","type":"product","link":"https:\/\/roveyayinevi.com.tr\/index.php\/urun\/hz-omerin-fikhi-ictihatlarinin-islam-hukukuna-kattigi-dinamizm\/","title":{"rendered":"Hz. \u00d6mer\u2019in F\u0131kh\u0131 \u0130\u00e7tihatlar\u0131n\u0131n \u0130slam Hukukuna Katt\u0131\u011f\u0131 Dinamizm"},"content":{"rendered":"<p>Tarihte Kur\u2019an\u2019\u0131 en iyi anlay\u0131p yorumlayanlardan biri de Hz. \u00d6mer\u2019dir. Zira Hz. \u00d6mer, Hz. Peygamberi en iyi tan\u0131yan ve bilen insanlardan biridir. Kur\u2019an\u2019\u0131n ini\u015fine \u015f\u00e2hit olmu\u015ftur. Pek \u00e7ok meselede Hz. \u00d6mer\u2019in d\u00fc\u015f\u00fcnd\u00fc\u011f\u00fcn\u00fc vahiy de onaylam\u0131\u015ft\u0131r. B\u00f6ylesine \u00f6nemli bir \u015fahsiyetin f\u0131kh\u0131, bizim i\u00e7in elbette \u00e7ok daha \u00f6nemlidir. Bug\u00fcn Hz. \u00d6mer gibi Kur\u2019an\u2019\u0131n ruhunu iyi kavram\u0131\u015f insanlara hararetle ihtiya\u00e7 bulunmaktad\u0131r. Ancak bizler ne Hz. \u00d6mer\u2019in i\u00e7tihatlar\u0131n\u0131, ne de Kur\u2019an\u2019\u0131 do\u011fru anlayamad\u0131k. Anlad\u0131\u011f\u0131m\u0131z\u0131 da prati\u011fe ne kadar do\u011fru yans\u0131tabildik. Bug\u00fcn bizler sadece sembol ve \u015fekillere ba\u011fl\u0131 olman\u0131n bedelini a\u011f\u0131r bir \u015fekilde \u00f6d\u00fcyoruz. \u00c7\u00fcnk\u00fc M\u00fcsl\u00fcmanl\u0131k ne sadece \u015fekillerden ne de sadece sembollerden ibarettir. Naslar\u0131n maksad\u0131na ve \u00f6z\u00fcne inemedik, bunu yapabilenin de k\u0131ymetini bilemedik, ele\u015ftirdik, d\u0131\u015flad\u0131k terakkiye m\u00e2ni olduk. Hz. \u00d6mer\u2019in bile i\u00e7tihatlar\u0131n\u0131 ele\u015ftirdik, de\u011ferini bilemedik, kendi yorumumuzu \u00f6n plana ge\u00e7irdik. Oysa pratikte Hz. \u00d6mer\u2019in yapm\u0131\u015f oldu\u011fu i\u00e7tihatlar, Kur\u2019an\u2019\u0131n ruhuna uygundur. \u00c7\u00fcnk\u00fc Hz. \u00d6mer, Kur\u2019an\u2019\u0131 en iyi anlayanlardan biridir.   Tarihte toplumlar baz\u0131 daralmalar ya\u015fam\u0131\u015flard\u0131r. Bu daralmalar\u0131 a\u015fmak i\u00e7in baz\u0131 a\u00e7\u0131l\u0131mlar da ortaya koymu\u015flard\u0131r. Bu ba\u011flamda toplumlarda, tarihin en b\u00fcy\u00fck a\u00e7\u0131l\u0131m\u0131n\u0131, Hz. Peygamber (sav) yapm\u0131\u015ft\u0131r. B\u00f6ylece Hz. Peygamber \u0130nsanl\u0131k tarihinin en b\u00fcy\u00fck devrimcisi olma \u00f6zelli\u011fini kazanm\u0131\u015ft\u0131r. Onunla birlikte y\u00fcr\u00fcy\u00fc\u015fe \u00e7\u0131kanlar ise en \u00f6nemli \u015fahsiyetler aras\u0131nda yerlerini alm\u0131\u015flard\u0131r. Hz. Peygamberden sonra tarihin ak\u0131\u015f\u0131 k\u00f6kl\u00fc bir bi\u00e7imde de\u011fi\u015fikli\u011fe u\u011fram\u0131\u015f yine daralmalar g\u00f6stermi\u015ftir. Tarihteki bu daralmay\u0131 da Hz. \u00d6mer a\u015fm\u0131\u015ft\u0131r. M\u00fcsl\u00fcmanlar\u0131n ya\u015fad\u0131\u011f\u0131 bu daralmay\u0131 Hz. \u00d6mer zaman\u0131nda tekrar koklu de\u011fi\u015fiklikler yap\u0131larak a\u015f\u0131lm\u0131\u015ft\u0131r. Hz. \u00d6mer, d\u00f6neminde ola\u011fan \u00fcst\u00fc kararlar alm\u0131\u015ft\u0131r. Gerek idari, sosyal ve iktisadi alanda gerekse sosyal alanda k\u00f6kl\u00fc de\u011fi\u015fiklikler yapm\u0131\u015ft\u0131r. Hz. \u00d6mer, fert ba\u015f\u0131na d\u00fc\u015fen milli gelir azalmas\u0131, kad\u0131nlar\u0131n mehirlerinin hususunda y\u00fcksek mebla\u011flar istenmesi kar\u015f\u0131s\u0131nda rahats\u0131zl\u0131\u011f\u0131n\u0131 dile getirmi\u015ftir. Ancak kad\u0131nlar\u0131n sosyal g\u00fcvenliklerini temin etmesi kar\u015f\u0131s\u0131nda evlilik s\u00f6zle\u015fmelerinde fazla mehir isteyen kad\u0131nlar\u0131 uyararak Hz. Peygamber (sav)\u2019de k\u0131z vermi\u015ftir. K\u0131zlar\u0131na ne kadar mehir tahsis etti\u011fi ortadad\u0131r. Sizlere ne oluyor da y\u00fcksek mebla\u011flar talep ediyorsunuz diye serzeni\u015fte bulunun Hz. \u00d6mer\u2019e Sahabiyettan bir kad\u0131n\u0131n ayet okuyarak verdi\u011fi cevap dikkat \u00e7ekicidir. Ya M\u00fcminlerin Emiri.! Sen do\u011fru s\u00f6ylemiyorsun. Allah (cc) Kur\u2019an\u2019\u0131nda \u015f\u00f6yle buyuruyor. Kad\u0131nlar\u0131n\u0131za verdi\u011finiz mehirlerin hakk\u0131ndaki ayeti okuyarak Hz. \u00d6mer\u2019i bu hususta uyarm\u0131\u015f ve Hz. \u00d6mer \u201c Kurey\u015fli kad\u0131n do\u011fru s\u00f6yledi, \u00d6mer hata etti\u201d diyebilmi\u015ftir.   Hz. \u00d6mer d\u00f6neminin en belirgin niteli\u011fi, bireysel sorumluluktan kurumsal sorumlulu\u011fa ge\u00e7i\u015fi g\u00f6rmekteyiz. Yani \u0130sl\u00e2m\u00ee de\u011ferlerin kurumsal m\u00fcesseseler arac\u0131l\u0131\u011f\u0131 ile y\u00fcr\u00fct\u00fclmesi gelmektedir. Di\u011fer bir deyi\u015fle Hz. \u00d6mer d\u00f6nemi, \u0130sl\u00e2m\u00ee de\u011ferlerin kurumsalla\u015fma zeminini olu\u015fturmaktad\u0131r. \u0130sl\u00e2m\u00ee ilkelerin kurumsalla\u015fmas\u0131, \u0130sl\u00e2m dininin anla\u015f\u0131lmas\u0131nda en \u00f6nemli noktalardan biridir.  \u00d6yle ki kurumsalla\u015fma konusunun iyi anla\u015f\u0131lamamas\u0131 bilginler aras\u0131nda ihtilaf edilen meselelerin ba\u015f\u0131nda gelmektedir. Naslardaki bu ilkesel prensiplerin kurumsalla\u015fma s\u00fcrecinin pek \u00e7ok tart\u0131\u015fmalar\u0131 da beraberinde getirdi\u011fi g\u00f6r\u00fclmektedir. <\/p>\n","protected":false},"excerpt":{"rendered":"<p>Tarihte Kur\u2019an\u2019\u0131 en iyi anlay\u0131p yorumlayanlardan biri de Hz. \u00d6mer\u2019dir. Zira Hz. \u00d6mer, Hz. Peygamberi en iyi tan\u0131yan ve bilen insanlardan biridir. Kur\u2019an\u2019\u0131n ini\u015fine \u015f\u00e2hit olmu\u015ftur.<span class=\"excerpt-hellip\"> [\u2026]<\/span><\/p>\n","protected":false},"featured_media":0,"template":"","meta":{"_monsterinsights_skip_tracking":false,"_monsterinsights_sitenote_active":false,"_monsterinsights_sitenote_note":"","_monsterinsights_sitenote_category":0},"product_brand":[],"product_cat":[12718,12719,17333],"product_tag":[],"class_list":{"0":"post-743936","1":"product","2":"type-product","3":"status-publish","5":"product_cat-din","6":"product_cat-islam","7":"product_cat-islam-hukuku","8":"pa_cilt-ciltsiz","9":"pa_tur-kitap","10":"pa_yayinevi-kuyu-kitap-yayinlari","11":"pa_yazar-hadi-saglam","13":"first","14":"instock","15":"sale","16":"shipping-taxable","17":"purchasable","18":"product-type-simple"},"_links":{"self":[{"href":"https:\/\/roveyayinevi.com.tr\/index.php\/wp-json\/wp\/v2\/product\/743936","targetHints":{"allow":["GET"]}}],"collection":[{"href":"https:\/\/roveyayinevi.com.tr\/index.php\/wp-json\/wp\/v2\/product"}],"about":[{"href":"https:\/\/roveyayinevi.com.tr\/index.php\/wp-json\/wp\/v2\/types\/product"}],"wp:attachment":[{"href":"https:\/\/roveyayinevi.com.tr\/index.php\/wp-json\/wp\/v2\/media?parent=743936"}],"wp:term":[{"taxonomy":"product_brand","embeddable":true,"href":"https:\/\/roveyayinevi.com.tr\/index.php\/wp-json\/wp\/v2\/product_brand?post=743936"},{"taxonomy":"product_cat","embeddable":true,"href":"https:\/\/roveyayinevi.com.tr\/index.php\/wp-json\/wp\/v2\/product_cat?post=743936"},{"taxonomy":"product_tag","embeddable":true,"href":"https:\/\/roveyayinevi.com.tr\/index.php\/wp-json\/wp\/v2\/product_tag?post=743936"}],"curies":[{"name":"wp","href":"https:\/\/api.w.org\/{rel}","templated":true}]}}