{"id":743935,"date":"2025-08-28T01:45:58","date_gmt":"2025-08-27T22:45:58","guid":{"rendered":"https:\/\/roveyayinevi.com.tr\/index.php\/urun\/evet-sevdim\/"},"modified":"2026-04-16T02:55:36","modified_gmt":"2026-04-15T23:55:36","slug":"evet-sevdim","status":"publish","type":"product","link":"https:\/\/roveyayinevi.com.tr\/index.php\/urun\/evet-sevdim\/","title":{"rendered":"Evet Sevdim"},"content":{"rendered":"<p>Tren raylar\u0131 g\u0131c\u0131rdatarak bir ba\u015fka k\u00fc\u00e7\u00fck kasaba istasyonunda daha duruyor. Ortal\u0131kta treni durduran elemandan ba\u015fka kimse g\u00f6r\u00fcnm\u00fcyor. Pencereden e\u011filip bak\u0131yorum bu istasyonda inen binen var m\u0131 diye. \u0130ki ufak tefek adam bir tabutu indirmeye \u00e7al\u0131\u015f\u0131yorlar. G\u00fc\u00e7leri yetmeyince de sa\u011fa sola bak\u0131yorlar. \u0130stasyon g\u00f6revlisi kafas\u0131n\u0131 sa\u011fa sola sallay\u0131p k\u0131zg\u0131nl\u0131\u011f\u0131n\u0131 belli ettikten sonra onlara y\u00f6neliyor. Yard\u0131m ediyor. \u0130ndiriyorlar. \u00dc\u00e7 ki\u015fi zar zor tabutu istasyonun \u00f6n\u00fcndeki iki tahta banktan birinin \u00fczerine koyuyorlar. Tren a\u011f\u0131r a\u011f\u0131r hareket ederken harekete ge\u00e7mem gerekti\u011fini hissediyorum. Trenin kontrol\u00f6r\u00fc benim. Sonraki durakta inecek yolcular\u0131n kayd\u0131n\u0131 tutmak benim i\u015fim. Yaln\u0131zca \u00f6lenlerle onlar\u0131n yak\u0131nlar\u0131 iniyor trenden. <\/p>\n","protected":false},"excerpt":{"rendered":"<p>Tren raylar\u0131 g\u0131c\u0131rdatarak bir ba\u015fka k\u00fc\u00e7\u00fck kasaba istasyonunda daha duruyor. Ortal\u0131kta treni durduran elemandan ba\u015fka kimse g\u00f6r\u00fcnm\u00fcyor. Pencereden e\u011filip bak\u0131yorum bu istasyonda inen binen var m\u0131<span class=\"excerpt-hellip\"> [\u2026]<\/span><\/p>\n","protected":false},"featured_media":0,"template":"","meta":{"_monsterinsights_skip_tracking":false,"_monsterinsights_sitenote_active":false,"_monsterinsights_sitenote_note":"","_monsterinsights_sitenote_category":0},"product_brand":[],"product_cat":[12291,12711],"product_tag":[],"class_list":{"0":"post-743935","1":"product","2":"type-product","3":"status-publish","5":"product_cat-edebiyat","6":"product_cat-roman-oyku","7":"pa_cilt-ciltsiz","8":"pa_tur-kitap","9":"pa_yayinevi-kuyu-kitap-yayinlari","10":"pa_yazar-sahbettin-ali","12":"first","13":"instock","14":"sale","15":"shipping-taxable","16":"purchasable","17":"product-type-simple"},"_links":{"self":[{"href":"https:\/\/roveyayinevi.com.tr\/index.php\/wp-json\/wp\/v2\/product\/743935","targetHints":{"allow":["GET"]}}],"collection":[{"href":"https:\/\/roveyayinevi.com.tr\/index.php\/wp-json\/wp\/v2\/product"}],"about":[{"href":"https:\/\/roveyayinevi.com.tr\/index.php\/wp-json\/wp\/v2\/types\/product"}],"wp:attachment":[{"href":"https:\/\/roveyayinevi.com.tr\/index.php\/wp-json\/wp\/v2\/media?parent=743935"}],"wp:term":[{"taxonomy":"product_brand","embeddable":true,"href":"https:\/\/roveyayinevi.com.tr\/index.php\/wp-json\/wp\/v2\/product_brand?post=743935"},{"taxonomy":"product_cat","embeddable":true,"href":"https:\/\/roveyayinevi.com.tr\/index.php\/wp-json\/wp\/v2\/product_cat?post=743935"},{"taxonomy":"product_tag","embeddable":true,"href":"https:\/\/roveyayinevi.com.tr\/index.php\/wp-json\/wp\/v2\/product_tag?post=743935"}],"curies":[{"name":"wp","href":"https:\/\/api.w.org\/{rel}","templated":true}]}}