{"id":743934,"date":"2025-08-28T01:45:56","date_gmt":"2025-08-27T22:45:56","guid":{"rendered":"https:\/\/roveyayinevi.com.tr\/index.php\/urun\/gercekten-beni-duyuyor-musunuz-ben-bir-gencim\/"},"modified":"2026-04-16T02:55:36","modified_gmt":"2026-04-15T23:55:36","slug":"gercekten-beni-duyuyor-musunuz-ben-bir-gencim","status":"publish","type":"product","link":"https:\/\/roveyayinevi.com.tr\/index.php\/urun\/gercekten-beni-duyuyor-musunuz-ben-bir-gencim\/","title":{"rendered":"Ger\u00e7ekten Beni Duyuyor Musunuz?  BEN B\u0130R GENC\u0130M"},"content":{"rendered":"<p>Pek \u00e7ok M\u00fcsl\u00fcman gen\u00e7li\u011fin kafa kar\u0131\u015ft\u0131r\u0131lm\u0131\u015f ve kafas\u0131 kar\u0131\u015fm\u0131\u015f baz\u0131lar\u0131 di\u011ferlerinden daha fazla ve durum g\u00fcn ge\u00e7tik\u00e7e daha da k\u00f6t\u00fcle\u015fiyor. Baz\u0131 davalar ya d\u0131\u015fa d\u00f6n\u00fck \u0130slami uygulama ya da temel inan\u00e7 maddeleriyle ilgili olarak, gizlili\u011fe d\u00f6n\u00fc\u015fmektedir.   Bu fenomen o kadar incedir ki, bir insan neler olup bitti\u011fini ve hastal\u0131\u011f\u0131ndan etkilendi\u011fini bile bilmiyor olabilir. Durum, yava\u015f\u00e7a geli\u015fti\u011fi ve belirtileri ve semptomlar\u0131 genellikle g\u00f6z ard\u0131 edildi\u011fi veya yanl\u0131\u015f anla\u015f\u0131ld\u0131\u011f\u0131 i\u00e7in \u201csessiz bir katil\u201d olarak adland\u0131r\u0131labilir.   Bu talihsiz bir durum \u00e7\u00fcnk\u00fc M\u00fcsl\u00fcman gen\u00e7lik, \u0130slam\u2019\u0131n ve M\u00fcsl\u00fcmanlar\u0131n umudunu ve gelece\u011fini g\u00f6steriyor. En \u00e7ok de\u011fer verilen ve yeti\u015ftirilen ger\u00e7ek zenginliklerdir. Onlar\u0131n kendi \u00f6zlemlerini ve ihtiya\u00e7lar\u0131n\u0131 g\u00f6z ard\u0131 etmek ve ihmal etmek intihar olur.   Topluluklar\u0131n kaderi, gen\u00e7liklerinin elinde. Bunu ger\u00e7ekle\u015ftiremeyen topluluklar oryantasyon, ama\u00e7 ve vizyondan yoksundur ve yak\u0131nda mahvolurlar. Gen\u00e7leri daha sonra en b\u00fcy\u00fck sorumluluk ve y\u00fck haline gelir. <\/p>\n","protected":false},"excerpt":{"rendered":"<p>Pek \u00e7ok M\u00fcsl\u00fcman gen\u00e7li\u011fin kafa kar\u0131\u015ft\u0131r\u0131lm\u0131\u015f ve kafas\u0131 kar\u0131\u015fm\u0131\u015f baz\u0131lar\u0131 di\u011ferlerinden daha fazla ve durum g\u00fcn ge\u00e7tik\u00e7e daha da k\u00f6t\u00fcle\u015fiyor. Baz\u0131 davalar ya d\u0131\u015fa d\u00f6n\u00fck \u0130slami<span class=\"excerpt-hellip\"> [\u2026]<\/span><\/p>\n","protected":false},"featured_media":0,"template":"","meta":{"_monsterinsights_skip_tracking":false,"_monsterinsights_sitenote_active":false,"_monsterinsights_sitenote_note":"","_monsterinsights_sitenote_category":0},"product_brand":[],"product_cat":[12777,12291],"product_tag":[],"class_list":{"0":"post-743934","1":"product","2":"type-product","3":"status-publish","5":"product_cat-deneme","6":"product_cat-edebiyat","7":"pa_cilt-ciltsiz","8":"pa_tur-kitap","9":"pa_yayinevi-gulnar-yayinlari","10":"pa_yazar-fecri-acar","12":"first","13":"instock","14":"sale","15":"shipping-taxable","16":"purchasable","17":"product-type-simple"},"_links":{"self":[{"href":"https:\/\/roveyayinevi.com.tr\/index.php\/wp-json\/wp\/v2\/product\/743934","targetHints":{"allow":["GET"]}}],"collection":[{"href":"https:\/\/roveyayinevi.com.tr\/index.php\/wp-json\/wp\/v2\/product"}],"about":[{"href":"https:\/\/roveyayinevi.com.tr\/index.php\/wp-json\/wp\/v2\/types\/product"}],"wp:attachment":[{"href":"https:\/\/roveyayinevi.com.tr\/index.php\/wp-json\/wp\/v2\/media?parent=743934"}],"wp:term":[{"taxonomy":"product_brand","embeddable":true,"href":"https:\/\/roveyayinevi.com.tr\/index.php\/wp-json\/wp\/v2\/product_brand?post=743934"},{"taxonomy":"product_cat","embeddable":true,"href":"https:\/\/roveyayinevi.com.tr\/index.php\/wp-json\/wp\/v2\/product_cat?post=743934"},{"taxonomy":"product_tag","embeddable":true,"href":"https:\/\/roveyayinevi.com.tr\/index.php\/wp-json\/wp\/v2\/product_tag?post=743934"}],"curies":[{"name":"wp","href":"https:\/\/api.w.org\/{rel}","templated":true}]}}