{"id":743933,"date":"2025-08-28T01:45:55","date_gmt":"2025-08-27T22:45:55","guid":{"rendered":"https:\/\/roveyayinevi.com.tr\/index.php\/urun\/tyt-cografya-foy-soru-bankasi\/"},"modified":"2026-04-05T03:00:20","modified_gmt":"2026-04-05T00:00:20","slug":"tyt-cografya-foy-soru-bankasi","status":"publish","type":"product","link":"https:\/\/roveyayinevi.com.tr\/index.php\/urun\/tyt-cografya-foy-soru-bankasi\/","title":{"rendered":"TYT Co\u011frafya F\u00f6y Soru Bankas\u0131"},"content":{"rendered":"<p>Sevgili \u00d6\u011frenciler, TYT Co\u011frafya F\u00f6y Soru Bankam\u0131z co\u011frafya konular\u0131n\u0131n \u00f6\u011frenilmesi ve peki\u015ftirilmesi i\u00e7in ad\u0131m ad\u0131m haz\u0131rlanan f\u00f6ylerden olu\u015fmaktad\u0131r. Her f\u00f6y, konu bazl\u0131 haz\u0131rlanm\u0131\u015f olup f\u00f6ylerin i\u00e7inde 4 adet test bulunmaktad\u0131r. Her f\u00f6yde \u201c\u00d6\u011freten\u201d, \u201cGeli\u015ftiren\u201d, \u201cPeki\u015ftiren\u201d ve \u201cS\u0131nav \u0130kizi\u201d ba\u015fl\u0131\u011f\u0131nda \u00d6SYM tarz\u0131 sorulara yer verilmi\u015ftir. Ayr\u0131ca baz\u0131 f\u00f6ylerde \u201cS\u0131navda B\u00f6yle Sorulur\u201d ba\u015fl\u0131kl\u0131 \u00e7\u00f6z\u00fcml\u00fc sorular yard\u0131m\u0131yla konuyu peki\u015ftirebilirsiniz. Kitab\u0131n\u0131z\u0131n t\u00fcm\u00fcn\u00fc yan\u0131n\u0131zda bulundurmadan, istedi\u011finiz konuyla ilgili f\u00f6y\u00fc al\u0131p \u00e7al\u0131\u015fma kolayl\u0131\u011f\u0131n\u0131 ya\u015fayabilirsiniz.<\/p>\n","protected":false},"excerpt":{"rendered":"<p>Sevgili \u00d6\u011frenciler, TYT Co\u011frafya F\u00f6y Soru Bankam\u0131z co\u011frafya konular\u0131n\u0131n \u00f6\u011frenilmesi ve peki\u015ftirilmesi i\u00e7in ad\u0131m ad\u0131m haz\u0131rlanan f\u00f6ylerden olu\u015fmaktad\u0131r. Her f\u00f6y, konu bazl\u0131 haz\u0131rlanm\u0131\u015f olup f\u00f6ylerin i\u00e7inde<span class=\"excerpt-hellip\"> [\u2026]<\/span><\/p>\n","protected":false},"featured_media":0,"template":"","meta":{"_monsterinsights_skip_tracking":false,"_monsterinsights_sitenote_active":false,"_monsterinsights_sitenote_note":"","_monsterinsights_sitenote_category":0},"product_brand":[],"product_cat":[12566,13473],"product_tag":[],"class_list":{"0":"post-743933","1":"product","2":"type-product","3":"status-publish","5":"product_cat-egitim","6":"product_cat-sinavlara-hazirlik-okula-yardimci-kaynaklar","7":"pa_cilt-ciltsiz","8":"pa_tur-kitap","9":"pa_yayinevi-delta-kultur-yayinevi","10":"pa_yazar-ozgur-deveci-sinan-yasar","12":"first","13":"instock","14":"sale","15":"shipping-taxable","16":"purchasable","17":"product-type-simple"},"_links":{"self":[{"href":"https:\/\/roveyayinevi.com.tr\/index.php\/wp-json\/wp\/v2\/product\/743933","targetHints":{"allow":["GET"]}}],"collection":[{"href":"https:\/\/roveyayinevi.com.tr\/index.php\/wp-json\/wp\/v2\/product"}],"about":[{"href":"https:\/\/roveyayinevi.com.tr\/index.php\/wp-json\/wp\/v2\/types\/product"}],"wp:attachment":[{"href":"https:\/\/roveyayinevi.com.tr\/index.php\/wp-json\/wp\/v2\/media?parent=743933"}],"wp:term":[{"taxonomy":"product_brand","embeddable":true,"href":"https:\/\/roveyayinevi.com.tr\/index.php\/wp-json\/wp\/v2\/product_brand?post=743933"},{"taxonomy":"product_cat","embeddable":true,"href":"https:\/\/roveyayinevi.com.tr\/index.php\/wp-json\/wp\/v2\/product_cat?post=743933"},{"taxonomy":"product_tag","embeddable":true,"href":"https:\/\/roveyayinevi.com.tr\/index.php\/wp-json\/wp\/v2\/product_tag?post=743933"}],"curies":[{"name":"wp","href":"https:\/\/api.w.org\/{rel}","templated":true}]}}