{"id":743931,"date":"2025-08-28T01:45:53","date_gmt":"2025-08-27T22:45:53","guid":{"rendered":"https:\/\/roveyayinevi.com.tr\/index.php\/urun\/virus-sayi-13-ekim-kasim-aralik-2022\/"},"modified":"2026-04-16T02:55:35","modified_gmt":"2026-04-15T23:55:35","slug":"virus-sayi-13-ekim-kasim-aralik-2022","status":"publish","type":"product","link":"https:\/\/roveyayinevi.com.tr\/index.php\/urun\/virus-sayi-13-ekim-kasim-aralik-2022\/","title":{"rendered":"Vir\u00fcs &#8211; Say\u0131: 13 (Ekim \u2013 Kas\u0131m \u2013 Aral\u0131k 2022)"},"content":{"rendered":"<p>V\u0130R\u00dcS\u2019\u00fcn ilk on iki say\u0131s\u0131n\u0131 ilgiyle kar\u015f\u0131layan, sesimize ses veren herkese te\u015fekk\u00fcr ediyoruz\u2026 \u201cV\u0130R\u00dcS\u201d\u00fcn 13. say\u0131s\u0131 a\u015fa\u011f\u0131daki dostlar\u0131m\u0131zla birlikte elinizde\u2026             Burhan Do\u011fan\u00e7ay Arif Damar Do\u011fan H\u0131zlan Samih Rifat Emin Nedret \u0130\u015fli Ahmet Telli A. \u00d6mer T\u00fcrke\u015f Ali Cengizkan Cemil Kavuk\u00e7u G\u00fcnd\u00fcz Vassaf H\u00fcseyin Ferhad O\u011fuz Demiralp Haydar Erg\u00fclen Mahmut Temizy\u00fcrek Guillaume Apollinaire Kenan Sar\u0131alio\u011flu Nig\u00e2r Hasanzade Cevat \u00c7apan Juan Dari\u00e9n Tozan Alkan \u00d6zge Cengiz Fer\u00eededdin Attar Mehmet Kanar Virginia Woolf Alev Bulut Tu Fu Sinan Fi\u015fek Dulce Maria Loynaz Ay\u015fe Nihal Akbulut Hayri K. Yetik Ferruh Tun\u00e7 Ahmet B\u00fcke Neslihan \u00d6ndero\u011flu Semih \u00c7elenk Ursula Foskolou Fulya Akt\u00fcre H\u00fcseyin K\u00f6se Cem Uzung\u00fcne\u015f \u0130smail Cem Do\u011fru Altay \u00d6mer Erdo\u011fan Soner Demirba\u015f Cevahir Bedel Leonid Andreyev Do\u011fan \u00c7ad\u0131rc\u0131o\u011flu Adnan Caymaz Emirali Ya\u011fan Halide Y\u0131ld\u0131r\u0131m Aydanur Sara\u00e7 Ay\u015fe Deniz Onaral Erkut Tokman B. Nihan Eren \u015eeref Bilsel Tanju Sar\u0131 Rasul Gamzatov U\u011fur B\u00fcke \u00c7a\u011fatay Y\u0131lmaz \u00d6nder \u00c7olako\u011flu Ozan \u00d6ztepe Kevser Aycan A\u015f\u0131m Saro\u011flu Mesut Bar\u0131\u015f \u00d6v\u00fcn Ceren Biber Sad\u0131k T\u00fcrksava\u015f Zeynep Anacan Habip Aydo\u011fdu \u00c7\u0131nar A\u011fatekin R\u00fczgar Aydo\u011fdu Evrim Altu\u011f<\/p>\n","protected":false},"excerpt":{"rendered":"<p>V\u0130R\u00dcS\u2019\u00fcn ilk on iki say\u0131s\u0131n\u0131 ilgiyle kar\u015f\u0131layan, sesimize ses veren herkese te\u015fekk\u00fcr ediyoruz\u2026 \u201cV\u0130R\u00dcS\u201d\u00fcn 13. say\u0131s\u0131 a\u015fa\u011f\u0131daki dostlar\u0131m\u0131zla birlikte elinizde\u2026 Burhan Do\u011fan\u00e7ay Arif Damar Do\u011fan H\u0131zlan<span class=\"excerpt-hellip\"> [\u2026]<\/span><\/p>\n","protected":false},"featured_media":0,"template":"","meta":{"_monsterinsights_skip_tracking":false,"_monsterinsights_sitenote_active":false,"_monsterinsights_sitenote_note":"","_monsterinsights_sitenote_category":0},"product_brand":[],"product_cat":[30023,13527],"product_tag":[],"class_list":{"0":"post-743931","1":"product","2":"type-product","3":"status-publish","5":"product_cat-edebiyat-sureli-yayinlar","6":"product_cat-sureli-yayinlar","7":"pa_cilt-ciltsiz","8":"pa_tur-dergi","9":"pa_yayinevi-islik-yayinlari","10":"pa_yazar-kolektif","12":"first","13":"instock","14":"sale","15":"shipping-taxable","16":"purchasable","17":"product-type-simple"},"_links":{"self":[{"href":"https:\/\/roveyayinevi.com.tr\/index.php\/wp-json\/wp\/v2\/product\/743931","targetHints":{"allow":["GET"]}}],"collection":[{"href":"https:\/\/roveyayinevi.com.tr\/index.php\/wp-json\/wp\/v2\/product"}],"about":[{"href":"https:\/\/roveyayinevi.com.tr\/index.php\/wp-json\/wp\/v2\/types\/product"}],"wp:attachment":[{"href":"https:\/\/roveyayinevi.com.tr\/index.php\/wp-json\/wp\/v2\/media?parent=743931"}],"wp:term":[{"taxonomy":"product_brand","embeddable":true,"href":"https:\/\/roveyayinevi.com.tr\/index.php\/wp-json\/wp\/v2\/product_brand?post=743931"},{"taxonomy":"product_cat","embeddable":true,"href":"https:\/\/roveyayinevi.com.tr\/index.php\/wp-json\/wp\/v2\/product_cat?post=743931"},{"taxonomy":"product_tag","embeddable":true,"href":"https:\/\/roveyayinevi.com.tr\/index.php\/wp-json\/wp\/v2\/product_tag?post=743931"}],"curies":[{"name":"wp","href":"https:\/\/api.w.org\/{rel}","templated":true}]}}