{"id":743929,"date":"2025-08-28T01:45:51","date_gmt":"2025-08-27T22:45:51","guid":{"rendered":"https:\/\/roveyayinevi.com.tr\/index.php\/urun\/her-seyin-teorisi-yoktur\/"},"modified":"2026-04-16T02:55:35","modified_gmt":"2026-04-15T23:55:35","slug":"her-seyin-teorisi-yoktur","status":"publish","type":"product","link":"https:\/\/roveyayinevi.com.tr\/index.php\/urun\/her-seyin-teorisi-yoktur\/","title":{"rendered":"Her \u015eeyin Teorisi Yoktur"},"content":{"rendered":"<p>\u201cB\u00fct\u00fcn, par\u00e7alar\u0131n toplam\u0131ndan daha b\u00fcy\u00fckt\u00fcr\u201d ve \u201cpar\u00e7alar sistemleri olu\u015fturmak i\u00e7in etkile\u015fime girdi\u011finde yeni \u015feyler meydana gelir\u201d g\u00f6zlemi genellikle belirme ad\u0131yla an\u0131l\u0131r. Bu kitab\u0131n amac\u0131, modern fizi\u011fin \u00e7e\u015fitli dallar\u0131ndaki fikirlerin ve ke\u015fiflerin, belirme hakk\u0131ndaki d\u00fc\u015f\u00fcncelerimizi nas\u0131l geli\u015ftirdi\u011fini ve keskinle\u015ftirdi\u011fini g\u00f6stermektir. Belirme kavram\u0131, indirgeyici olmayan davran\u0131\u015f\u0131n daha y\u00fcksek organizasyon ve karma\u015f\u0131kl\u0131k d\u00fczeylerinde ortaya \u00e7\u0131kt\u0131\u011f\u0131n\u0131 ifade eder.  Kitapta, kuantum mekani\u011fi, yo\u011fun madde fizi\u011fi ile do\u011frusal olmayan ve istatistiksel fizik alan\u0131ndaki sohbet turu boyunca, belirmeyle kar\u015f\u0131m\u0131za \u00e7\u0131kan \u00e7e\u015fitli n\u00fcanslar vurgulan\u0131yor.   \u201cBelirme kavram\u0131n\u0131n bilimsel anlat\u0131m\u0131na harika bir giri\u015f. Bilimsel a\u00e7\u0131klamalar\u0131 genel okuyucu kitlesinin rahatl\u0131kla anlayabilece\u011fi bir tarzda ortaya koyuyor. Yeniden boyutland\u0131rma ve kritik davran\u0131\u015f\u0131n sunumu ger\u00e7ekten \u00e7ok iyi.\u201d \u2013Tom McLeish, Science &amp; Christian Belief <\/p>\n","protected":false},"excerpt":{"rendered":"<p>\u201cB\u00fct\u00fcn, par\u00e7alar\u0131n toplam\u0131ndan daha b\u00fcy\u00fckt\u00fcr\u201d ve \u201cpar\u00e7alar sistemleri olu\u015fturmak i\u00e7in etkile\u015fime girdi\u011finde yeni \u015feyler meydana gelir\u201d g\u00f6zlemi genellikle belirme ad\u0131yla an\u0131l\u0131r. Bu kitab\u0131n amac\u0131, modern fizi\u011fin<span class=\"excerpt-hellip\"> [\u2026]<\/span><\/p>\n","protected":false},"featured_media":0,"template":"","meta":{"_monsterinsights_skip_tracking":false,"_monsterinsights_sitenote_active":false,"_monsterinsights_sitenote_note":"","_monsterinsights_sitenote_category":0},"product_brand":[],"product_cat":[13005,18664],"product_tag":[],"class_list":{"0":"post-743929","1":"product","2":"type-product","3":"status-publish","5":"product_cat-bilim-muhendislik","6":"product_cat-muhendislik","7":"pa_cilt-ciltsiz","8":"pa_tur-kitap","9":"pa_yayinevi-alfa-yayinlari","10":"pa_yazar-lars-q-english","12":"first","13":"instock","14":"sale","15":"shipping-taxable","16":"purchasable","17":"product-type-simple"},"_links":{"self":[{"href":"https:\/\/roveyayinevi.com.tr\/index.php\/wp-json\/wp\/v2\/product\/743929","targetHints":{"allow":["GET"]}}],"collection":[{"href":"https:\/\/roveyayinevi.com.tr\/index.php\/wp-json\/wp\/v2\/product"}],"about":[{"href":"https:\/\/roveyayinevi.com.tr\/index.php\/wp-json\/wp\/v2\/types\/product"}],"wp:attachment":[{"href":"https:\/\/roveyayinevi.com.tr\/index.php\/wp-json\/wp\/v2\/media?parent=743929"}],"wp:term":[{"taxonomy":"product_brand","embeddable":true,"href":"https:\/\/roveyayinevi.com.tr\/index.php\/wp-json\/wp\/v2\/product_brand?post=743929"},{"taxonomy":"product_cat","embeddable":true,"href":"https:\/\/roveyayinevi.com.tr\/index.php\/wp-json\/wp\/v2\/product_cat?post=743929"},{"taxonomy":"product_tag","embeddable":true,"href":"https:\/\/roveyayinevi.com.tr\/index.php\/wp-json\/wp\/v2\/product_tag?post=743929"}],"curies":[{"name":"wp","href":"https:\/\/api.w.org\/{rel}","templated":true}]}}