{"id":743926,"date":"2025-08-28T01:45:47","date_gmt":"2025-08-27T22:45:47","guid":{"rendered":"https:\/\/roveyayinevi.com.tr\/index.php\/urun\/diplomasi-dedikleri\/"},"modified":"2026-04-16T02:55:35","modified_gmt":"2026-04-15T23:55:35","slug":"diplomasi-dedikleri","status":"publish","type":"product","link":"https:\/\/roveyayinevi.com.tr\/index.php\/urun\/diplomasi-dedikleri\/","title":{"rendered":"Diplomasi Dedikleri"},"content":{"rendered":"<p>Al\u0131\u015f\u0131lm\u0131\u015f diplomasi an\u0131 kitaplar\u0131n\u0131n d\u0131\u015f\u0131nda, \u00f6zg\u00fcr ruhlu bir T\u00fcrk diplomat\u0131n\u0131n ge\u00e7mi\u015fte kalm\u0131\u015f ayak izlerini s\u00fcrerek kaleme ald\u0131\u011f\u0131; kimisi ola\u011fan kimisi garip, kimisi g\u00fcl\u00fcnesi kimisi ac\u0131, kimisi mutlu, bazen uyumlu, bazen de isyank\u00e2r an\u0131lar, anekdotlar&#8230;   Severek ve onur duyarak s\u00fcrd\u00fcrd\u00fc\u011f\u00fc, \u00e7evresinde \u201cba\u015far\u0131l\u0131\u201d olarak de\u011ferlendirilen bir T\u00fcrk diplomat\u0131n\u0131n, yoluna \u00e7\u0131kan karanl\u0131k ruhlu, neye hizmet etti\u011fi belirsiz baz\u0131 \u201cmakam\u201d sahiplerinin haks\u0131z itham ve davran\u0131\u015flar\u0131yla mesle\u011finden so\u011futulmas\u0131 ve cendereden u\u00e7up \u00f6zg\u00fcrl\u00fc\u011f\u00fc se\u00e7mesi&#8230; <\/p>\n","protected":false},"excerpt":{"rendered":"<p>Al\u0131\u015f\u0131lm\u0131\u015f diplomasi an\u0131 kitaplar\u0131n\u0131n d\u0131\u015f\u0131nda, \u00f6zg\u00fcr ruhlu bir T\u00fcrk diplomat\u0131n\u0131n ge\u00e7mi\u015fte kalm\u0131\u015f ayak izlerini s\u00fcrerek kaleme ald\u0131\u011f\u0131; kimisi ola\u011fan kimisi garip, kimisi g\u00fcl\u00fcnesi kimisi ac\u0131, kimisi<span class=\"excerpt-hellip\"> [\u2026]<\/span><\/p>\n","protected":false},"featured_media":0,"template":"","meta":{"_monsterinsights_skip_tracking":false,"_monsterinsights_sitenote_active":false,"_monsterinsights_sitenote_note":"","_monsterinsights_sitenote_category":0},"product_brand":[],"product_cat":[13701,12291],"product_tag":[],"class_list":{"0":"post-743926","1":"product","2":"type-product","3":"status-publish","5":"product_cat-ani-mektup-gunluk","6":"product_cat-edebiyat","7":"pa_cilt-ciltsiz","8":"pa_tur-kitap","9":"pa_yayinevi-luna-yayinlari","10":"pa_yazar-sefik-onat","12":"first","13":"instock","14":"sale","15":"shipping-taxable","16":"purchasable","17":"product-type-simple"},"_links":{"self":[{"href":"https:\/\/roveyayinevi.com.tr\/index.php\/wp-json\/wp\/v2\/product\/743926","targetHints":{"allow":["GET"]}}],"collection":[{"href":"https:\/\/roveyayinevi.com.tr\/index.php\/wp-json\/wp\/v2\/product"}],"about":[{"href":"https:\/\/roveyayinevi.com.tr\/index.php\/wp-json\/wp\/v2\/types\/product"}],"wp:attachment":[{"href":"https:\/\/roveyayinevi.com.tr\/index.php\/wp-json\/wp\/v2\/media?parent=743926"}],"wp:term":[{"taxonomy":"product_brand","embeddable":true,"href":"https:\/\/roveyayinevi.com.tr\/index.php\/wp-json\/wp\/v2\/product_brand?post=743926"},{"taxonomy":"product_cat","embeddable":true,"href":"https:\/\/roveyayinevi.com.tr\/index.php\/wp-json\/wp\/v2\/product_cat?post=743926"},{"taxonomy":"product_tag","embeddable":true,"href":"https:\/\/roveyayinevi.com.tr\/index.php\/wp-json\/wp\/v2\/product_tag?post=743926"}],"curies":[{"name":"wp","href":"https:\/\/api.w.org\/{rel}","templated":true}]}}