{"id":743924,"date":"2025-08-28T01:45:44","date_gmt":"2025-08-27T22:45:44","guid":{"rendered":"https:\/\/roveyayinevi.com.tr\/index.php\/urun\/7-sinif-paragraf-soru-bankasi\/"},"modified":"2026-04-16T02:55:35","modified_gmt":"2026-04-15T23:55:35","slug":"7-sinif-paragraf-soru-bankasi","status":"publish","type":"product","link":"https:\/\/roveyayinevi.com.tr\/index.php\/urun\/7-sinif-paragraf-soru-bankasi\/","title":{"rendered":"7. S\u0131n\u0131f Paragraf Soru Bankas\u0131"},"content":{"rendered":"<p>LGS&#8217;ye Haz\u0131rl\u0131kta D\u00fczeye Uygun, Konulara G\u00f6re \u00dcnitelenmi\u015f Paragraf Soru Bankalar\u0131 Her biri farkl\u0131, ilgi \u00e7ekici ve g\u00fcncel konulardan se\u00e7ilmi\u015f metinleri ile LGS Paragraf Soru Bankas\u0131; paragraf gibi yo\u011fun olan bir konuyu \u00f6\u011frenciler i\u00e7in daha anla\u015f\u0131l\u0131r k\u0131l\u0131yor.  Anlat\u0131m, yap\u0131, g\u00f6rsel okuma, s\u00f6zel mant\u0131k ve muhakeme ile paragraf bilgisinin tamamlay\u0131c\u0131s\u0131 niteli\u011findeki metin t\u00fcrleri olmak \u00fczere alt\u0131 ana \u00fcniteye ayr\u0131lm\u0131\u015f soru bankas\u0131 sayesinde \u00f6\u011frenciler, paragraf konusunu t\u00fcm detaylar\u0131yla \u00f6\u011frenme ve tekrar etme olana\u011f\u0131 buluyor.   LGS Paragraf Soru Bankas\u0131&#8217;nda her \u00fcnite, kendi i\u00e7inde alt kazan\u0131mlar\u0131 ile detayl\u0131 bi\u00e7imde ele al\u0131n\u0131yor ve bu kazan\u0131mlar, farkl\u0131 zorluk d\u00fczeylerindeki &#8221;Is\u0131nma Turu&#8221;, &#8221;Ritmi Yakala&#8221; ve &#8221;Tam LGS Ayar\u0131&#8221; testlerle i\u015fleniyor.   &#8221;Is\u0131nma Turu&#8221;nda tam \u00f6\u011frenmenin hedeflendi\u011fi kolay ve orta d\u00fczeyde, &#8221;Ritmi Yakala&#8221;da \u00f6\u011frencinin konuyu peki\u015ftirmesinin ve h\u0131z kazanmas\u0131n\u0131n ama\u00e7land\u0131\u011f\u0131 orta ve zor d\u00fczeyde sorulara yer veriliyor. &#8221;Tam LGS Ayar\u0131&#8221; testlerde ise MEB taraf\u0131ndan uygulanan merkez\u00ee s\u0131navlarda \u00e7\u0131km\u0131\u015f tarzda ve zorluk d\u00fczeyindeki sorular yer al\u0131yor.  Her \u00fcnitenin ba\u015f\u0131nda bulunan &#8221;K\u0131lavuz sorular&#8221;, \u00fcnitenin t\u00fcm alt ba\u015fl\u0131klar\u0131n\u0131 kapsayacak bi\u00e7imde tasarlanm\u0131\u015f hibrit sorulard\u0131r. Bu sorular sayesinde \u00f6\u011frenciler, konuya b\u00fct\u00fcnc\u00fcl bir \u015fekilde bakmay\u0131 \u00f6\u011freniyor. Baz\u0131 sayfalar\u0131n ba\u015f\u0131nda, ilgili oldu\u011fu testteki konuya ili\u015fkin taktikler veren &#8221;K\u0131lavuz Bilgi&#8221; kutular\u0131 ve \u00e7\u00f6z\u00fcm\u00fc karma\u015f\u0131k olan, \u00f6\u011fretici nitelikteki sorulara eklenmi\u015f ipucu niteli\u011findeki &#8221;Dikkat Noktas\u0131&#8221; kutular\u0131 ile LGS Paragraf Soru Bankas\u0131, \u00f6\u011frenciye \u00f6\u011frenme yolunda rehberlik ediyor.  Kitab\u0131n sonunda konu analizi LGS&#8217;ye bire bir uyumlu olan &#8221;Deneme S\u0131navlar\u0131&#8221; yer al\u0131yor. Her bir denemede bulunan &#8221;mobil analiz&#8221; optikleri sayesinde \u00f6\u011frenciler, s\u0131nav sonu\u00e7lar\u0131n\u0131 &#8221;Mobil Analiz&#8221; uygulamas\u0131yla h\u0131zl\u0131ca \u00f6\u011freniyor. &#8221;Tamam\u0131 video \u00e7\u00f6z\u00fcml\u00fc&#8221; olan LGS Paragraf Soru Bankas\u0131&#8217;nda sorular\u0131n \u00e7\u00f6z\u00fcmlerine her testin ba\u015f\u0131nda bulunan kare kodlar okutularak kolayl\u0131kla ula\u015f\u0131labiliyor.  Paragraf konusu, T\u00fcrk\u00e7e \u00f6\u011fretim program\u0131n\u0131n en b\u00fcy\u00fck k\u0131sm\u0131n\u0131 olu\u015fturuyor. Bu nedenle LGS&#8217;nin oldu\u011fu 8. s\u0131n\u0131f \u00f6ncesinde de paragraf ile ilgili temellerin at\u0131lm\u0131\u015f olmas\u0131 gerekmekte. Tudem 7. S\u0131n\u0131f Paragraf Soru Bankas\u0131 ve 6. S\u0131n\u0131f Paragraf Soru Bankas\u0131, tam da bu bilin\u00e7le haz\u0131rland\u0131. Kurgusal olarak LGS Paragraf Soru Bankas\u0131 ile paralel olan bu kitaplar, 7 ve 6. s\u0131n\u0131f d\u00fczeylerine uygun metinlerden ve sorulardan olu\u015fuyor. \u00dcstelik bu kitaplar\u0131n da tamam\u0131 video \u00e7\u00f6z\u00fcml\u00fc. Tudem Paragraf Soru Bankalar\u0131 sayesinde LGS&#8217;de, paragraf sorular\u0131nda i\u015finizi \u015fansa b\u0131rakmayacaks\u0131n\u0131z. <\/p>\n","protected":false},"excerpt":{"rendered":"<p>LGS&#8217;ye Haz\u0131rl\u0131kta D\u00fczeye Uygun, Konulara G\u00f6re \u00dcnitelenmi\u015f Paragraf Soru Bankalar\u0131 Her biri farkl\u0131, ilgi \u00e7ekici ve g\u00fcncel konulardan se\u00e7ilmi\u015f metinleri ile LGS Paragraf Soru Bankas\u0131; paragraf<span class=\"excerpt-hellip\"> [\u2026]<\/span><\/p>\n","protected":false},"featured_media":0,"template":"","meta":{"_monsterinsights_skip_tracking":false,"_monsterinsights_sitenote_active":false,"_monsterinsights_sitenote_note":"","_monsterinsights_sitenote_category":0},"product_brand":[],"product_cat":[12566,13473],"product_tag":[],"class_list":{"0":"post-743924","1":"product","2":"type-product","3":"status-publish","5":"product_cat-egitim","6":"product_cat-sinavlara-hazirlik-okula-yardimci-kaynaklar","7":"pa_cilt-ciltsiz","8":"pa_tur-kitap","9":"pa_yayinevi-tudem-egitim-yayinlari","10":"pa_yazar-tudem-kolektif","12":"first","13":"instock","14":"sale","15":"shipping-taxable","16":"purchasable","17":"product-type-simple"},"_links":{"self":[{"href":"https:\/\/roveyayinevi.com.tr\/index.php\/wp-json\/wp\/v2\/product\/743924","targetHints":{"allow":["GET"]}}],"collection":[{"href":"https:\/\/roveyayinevi.com.tr\/index.php\/wp-json\/wp\/v2\/product"}],"about":[{"href":"https:\/\/roveyayinevi.com.tr\/index.php\/wp-json\/wp\/v2\/types\/product"}],"wp:attachment":[{"href":"https:\/\/roveyayinevi.com.tr\/index.php\/wp-json\/wp\/v2\/media?parent=743924"}],"wp:term":[{"taxonomy":"product_brand","embeddable":true,"href":"https:\/\/roveyayinevi.com.tr\/index.php\/wp-json\/wp\/v2\/product_brand?post=743924"},{"taxonomy":"product_cat","embeddable":true,"href":"https:\/\/roveyayinevi.com.tr\/index.php\/wp-json\/wp\/v2\/product_cat?post=743924"},{"taxonomy":"product_tag","embeddable":true,"href":"https:\/\/roveyayinevi.com.tr\/index.php\/wp-json\/wp\/v2\/product_tag?post=743924"}],"curies":[{"name":"wp","href":"https:\/\/api.w.org\/{rel}","templated":true}]}}