{"id":743923,"date":"2025-08-28T01:45:43","date_gmt":"2025-08-27T22:45:43","guid":{"rendered":"https:\/\/roveyayinevi.com.tr\/index.php\/urun\/atesten-kacmak\/"},"modified":"2026-04-16T02:55:35","modified_gmt":"2026-04-15T23:55:35","slug":"atesten-kacmak","status":"publish","type":"product","link":"https:\/\/roveyayinevi.com.tr\/index.php\/urun\/atesten-kacmak\/","title":{"rendered":"Ate\u015ften Ka\u00e7mak"},"content":{"rendered":"<p>Bir g\u00f6kta\u015f\u0131n\u0131 bilmeceler durdurabilir mi? Matemati\u011fi ve co\u011frafyay\u0131 sevdiren fantastik romanlar\u0131yla \u00fcnl\u00fc Vladimir Tumanov, \u201cGizemli Haritalar\u201d dizisinin \u00fc\u00e7\u00fcnc\u00fc kitab\u0131nda okurlar\u0131n\u0131 yine soluksuz bir maceraya davet ediyor. Alt Karde\u015fler ve Mariana bu kez, d\u00fcnyaya yakla\u015fan g\u00f6kta\u015f\u0131ndan ka\u00e7mak i\u00e7in okyanuslar\u0131 a\u015fmak, bir yandan da onu durdurmak i\u00e7in yeni bilmeceleri \u00e7\u00f6zmek zorundad\u0131r. Uzay, t\u00fcketim ve s\u0131\u011f\u0131nmac\u0131l\u0131k gibi d\u00fcnyan\u0131n gelece\u011fini belirleyecek konular \u00fczerine d\u00fc\u015f\u00fcnd\u00fcr\u00fcrken, bilimsel d\u00fc\u015f\u00fcnceyi ve ara\u015ft\u0131rma yapmay\u0131 y\u00fccelten roman, iyi ile k\u00f6t\u00fcn\u00fcn ezeli m\u00fccadelesini de tehlikeli ke\u015fiflerle harmanl\u0131yor. Alt Karde\u015fler\u2019le birlikte, Bay Chagrin\u2019in d\u00fckk\u00e2n\u0131na giden Mariana, G\u00fcne\u015f Sistemi haritas\u0131n\u0131n bulundu\u011fu ruloyu yanl\u0131\u015fl\u0131kla a\u00e7ar. Harekete ge\u00e7en g\u00f6kta\u015f\u0131 Brimstone 13, yeni bilmeceler \u00e7\u00f6z\u00fclmezse Kuzey Amerika\u2019ya d\u00fc\u015fecektir. Milyonlarca insan, gemilerle tahliye edilmeye ba\u015flan\u0131r. Aksilikler sonucu ailelerinden ayr\u0131l\u0131p yaln\u0131z kalan \u00e7ocuklar, Avustralya\u2019ya giden koca bir gemide cevaplar\u0131 bulmaya \u00e7al\u0131\u015f\u0131rlar. Mahsur kald\u0131klar\u0131 adadan onlar\u0131 kurtaran Ava sayesinde de do\u011fal ya\u015famla tan\u0131\u015f\u0131rlar&#8230;<\/p>\n","protected":false},"excerpt":{"rendered":"<p>Bir g\u00f6kta\u015f\u0131n\u0131 bilmeceler durdurabilir mi? Matemati\u011fi ve co\u011frafyay\u0131 sevdiren fantastik romanlar\u0131yla \u00fcnl\u00fc Vladimir Tumanov, \u201cGizemli Haritalar\u201d dizisinin \u00fc\u00e7\u00fcnc\u00fc kitab\u0131nda okurlar\u0131n\u0131 yine soluksuz bir maceraya davet ediyor.<span class=\"excerpt-hellip\"> [\u2026]<\/span><\/p>\n","protected":false},"featured_media":0,"template":"","meta":{"_monsterinsights_skip_tracking":false,"_monsterinsights_sitenote_active":false,"_monsterinsights_sitenote_note":"","_monsterinsights_sitenote_category":0},"product_brand":[],"product_cat":[12689,12274],"product_tag":[],"class_list":{"0":"post-743923","1":"product","2":"type-product","3":"status-publish","5":"product_cat-cizgi-roman-cocuk-ve-genclik-kitaplari","6":"product_cat-cocuk-ve-genclik-kitaplari","7":"pa_cilt-ciltsiz","8":"pa_tur-kitap","9":"pa_yayinevi-gunisigi-kitapligi","10":"pa_yazar-vladimir-tumanov","12":"first","13":"instock","14":"sale","15":"shipping-taxable","16":"purchasable","17":"product-type-simple"},"_links":{"self":[{"href":"https:\/\/roveyayinevi.com.tr\/index.php\/wp-json\/wp\/v2\/product\/743923","targetHints":{"allow":["GET"]}}],"collection":[{"href":"https:\/\/roveyayinevi.com.tr\/index.php\/wp-json\/wp\/v2\/product"}],"about":[{"href":"https:\/\/roveyayinevi.com.tr\/index.php\/wp-json\/wp\/v2\/types\/product"}],"wp:attachment":[{"href":"https:\/\/roveyayinevi.com.tr\/index.php\/wp-json\/wp\/v2\/media?parent=743923"}],"wp:term":[{"taxonomy":"product_brand","embeddable":true,"href":"https:\/\/roveyayinevi.com.tr\/index.php\/wp-json\/wp\/v2\/product_brand?post=743923"},{"taxonomy":"product_cat","embeddable":true,"href":"https:\/\/roveyayinevi.com.tr\/index.php\/wp-json\/wp\/v2\/product_cat?post=743923"},{"taxonomy":"product_tag","embeddable":true,"href":"https:\/\/roveyayinevi.com.tr\/index.php\/wp-json\/wp\/v2\/product_tag?post=743923"}],"curies":[{"name":"wp","href":"https:\/\/api.w.org\/{rel}","templated":true}]}}