{"id":743920,"date":"2025-08-28T01:45:39","date_gmt":"2025-08-27T22:45:39","guid":{"rendered":"https:\/\/roveyayinevi.com.tr\/index.php\/urun\/ayetler-ve-hadisler-isiginda-iman\/"},"modified":"2026-04-16T02:55:35","modified_gmt":"2026-04-15T23:55:35","slug":"ayetler-ve-hadisler-isiginda-iman","status":"publish","type":"product","link":"https:\/\/roveyayinevi.com.tr\/index.php\/urun\/ayetler-ve-hadisler-isiginda-iman\/","title":{"rendered":"Ayetler ve Hadisler I\u015f\u0131\u011f\u0131nda \u0130man"},"content":{"rendered":"<p>Hamd \u00c2lemlerin Rabbi Allah\u2019a Mahsustur. Sal\u00e2t ve selam k\u00e2inat\u0131n efendisi Aleyhisselam Efendimiz\u2019e ve O\u2019nun aline, ashab\u0131na ve yolunda gidenlere olsun. Ayet ve hadisler ile \u00e2limlerin a\u00e7\u0131klamalar\u0131na dayanarak, M\u00fcsl\u00fcman karde\u015flerimize bir nebze f\u00e2ideli olabilmek \u0130\u00e7in, bu kitab\u0131 haz\u0131rlad\u0131k. \u00c7aba bizlerden, Tevfikallahcelle Celal\u00fchu\u2019dand\u0131r. \u0130nsanlar \u00f6l\u00fcnce \u015fu \u00fc\u00e7 ameli kesilmez: 1-Sadakay\u0131 Cariye, 2-Kendisinden \u0130stifade Edilen \u0130lim, 3-Arkas\u0131ndan Dua Eden Hay\u0131rl\u0131 Evlat. <\/p>\n","protected":false},"excerpt":{"rendered":"<p>Hamd \u00c2lemlerin Rabbi Allah\u2019a Mahsustur. Sal\u00e2t ve selam k\u00e2inat\u0131n efendisi Aleyhisselam Efendimiz\u2019e ve O\u2019nun aline, ashab\u0131na ve yolunda gidenlere olsun. Ayet ve hadisler ile \u00e2limlerin a\u00e7\u0131klamalar\u0131na<span class=\"excerpt-hellip\"> [\u2026]<\/span><\/p>\n","protected":false},"featured_media":0,"template":"","meta":{"_monsterinsights_skip_tracking":false,"_monsterinsights_sitenote_active":false,"_monsterinsights_sitenote_note":"","_monsterinsights_sitenote_category":0},"product_brand":[],"product_cat":[12718,12719],"product_tag":[],"class_list":{"0":"post-743920","1":"product","2":"type-product","3":"status-publish","5":"product_cat-din","6":"product_cat-islam","7":"pa_cilt-ciltsiz","8":"pa_tur-kitap","9":"pa_yayinevi-kitap-muptelasi-yayinlari","10":"pa_yazar-ahmet-saglam","12":"first","13":"instock","14":"sale","15":"shipping-taxable","16":"purchasable","17":"product-type-simple"},"_links":{"self":[{"href":"https:\/\/roveyayinevi.com.tr\/index.php\/wp-json\/wp\/v2\/product\/743920","targetHints":{"allow":["GET"]}}],"collection":[{"href":"https:\/\/roveyayinevi.com.tr\/index.php\/wp-json\/wp\/v2\/product"}],"about":[{"href":"https:\/\/roveyayinevi.com.tr\/index.php\/wp-json\/wp\/v2\/types\/product"}],"wp:attachment":[{"href":"https:\/\/roveyayinevi.com.tr\/index.php\/wp-json\/wp\/v2\/media?parent=743920"}],"wp:term":[{"taxonomy":"product_brand","embeddable":true,"href":"https:\/\/roveyayinevi.com.tr\/index.php\/wp-json\/wp\/v2\/product_brand?post=743920"},{"taxonomy":"product_cat","embeddable":true,"href":"https:\/\/roveyayinevi.com.tr\/index.php\/wp-json\/wp\/v2\/product_cat?post=743920"},{"taxonomy":"product_tag","embeddable":true,"href":"https:\/\/roveyayinevi.com.tr\/index.php\/wp-json\/wp\/v2\/product_tag?post=743920"}],"curies":[{"name":"wp","href":"https:\/\/api.w.org\/{rel}","templated":true}]}}