{"id":743919,"date":"2025-08-28T01:45:38","date_gmt":"2025-08-27T22:45:38","guid":{"rendered":"https:\/\/roveyayinevi.com.tr\/index.php\/urun\/oyun-spor-ve-fiziki-etkinlikler-dersi-akran-reddetme-olcegi-gecerlik\/"},"modified":"2026-04-16T02:55:35","modified_gmt":"2026-04-15T23:55:35","slug":"oyun-spor-ve-fiziki-etkinlikler-dersi-akran-reddetme-olcegi-gecerlik","status":"publish","type":"product","link":"https:\/\/roveyayinevi.com.tr\/index.php\/urun\/oyun-spor-ve-fiziki-etkinlikler-dersi-akran-reddetme-olcegi-gecerlik\/","title":{"rendered":"Oyun, Spor ve Fiziki Etkinlikler Dersi Akran Reddetme \u00d6l\u00e7e\u011fi Ge\u00e7erlik"},"content":{"rendered":"<p>1.      G\u0130R\u0130\u015e   2.      GENEL B\u0130LG\u0130LER   3.      GERE\u00c7 ve Y\u00d6NTEM   4.      BULGULAR   5.      TARTI\u015eMA   6.      KAYNAKLAR 7.    EKLER<\/p>\n","protected":false},"excerpt":{"rendered":"<p>1. G\u0130R\u0130\u015e 2. GENEL B\u0130LG\u0130LER 3. GERE\u00c7 ve Y\u00d6NTEM 4. BULGULAR 5. TARTI\u015eMA 6. KAYNAKLAR 7. EKLER<\/p>\n","protected":false},"featured_media":0,"template":"","meta":{"_monsterinsights_skip_tracking":false,"_monsterinsights_sitenote_active":false,"_monsterinsights_sitenote_note":"","_monsterinsights_sitenote_category":0},"product_brand":[],"product_cat":[15563,15564],"product_tag":[],"class_list":{"0":"post-743919","1":"product","2":"type-product","3":"status-publish","5":"product_cat-hobi","6":"product_cat-spor","7":"pa_cilt-ciltsiz","8":"pa_tur-kitap","9":"pa_yayinevi-gazi-kitabevi","10":"pa_yazar-kolektif","12":"first","13":"instock","14":"sale","15":"shipping-taxable","16":"purchasable","17":"product-type-simple"},"_links":{"self":[{"href":"https:\/\/roveyayinevi.com.tr\/index.php\/wp-json\/wp\/v2\/product\/743919","targetHints":{"allow":["GET"]}}],"collection":[{"href":"https:\/\/roveyayinevi.com.tr\/index.php\/wp-json\/wp\/v2\/product"}],"about":[{"href":"https:\/\/roveyayinevi.com.tr\/index.php\/wp-json\/wp\/v2\/types\/product"}],"wp:attachment":[{"href":"https:\/\/roveyayinevi.com.tr\/index.php\/wp-json\/wp\/v2\/media?parent=743919"}],"wp:term":[{"taxonomy":"product_brand","embeddable":true,"href":"https:\/\/roveyayinevi.com.tr\/index.php\/wp-json\/wp\/v2\/product_brand?post=743919"},{"taxonomy":"product_cat","embeddable":true,"href":"https:\/\/roveyayinevi.com.tr\/index.php\/wp-json\/wp\/v2\/product_cat?post=743919"},{"taxonomy":"product_tag","embeddable":true,"href":"https:\/\/roveyayinevi.com.tr\/index.php\/wp-json\/wp\/v2\/product_tag?post=743919"}],"curies":[{"name":"wp","href":"https:\/\/api.w.org\/{rel}","templated":true}]}}